{"id":905,"date":"2019-04-12T08:24:28","date_gmt":"2019-04-12T14:24:28","guid":{"rendered":"https:\/\/www.amitai.com\/es\/?page_id=905"},"modified":"2021-03-30T09:51:22","modified_gmt":"2021-03-30T15:51:22","slug":"landing-integriline","status":"publish","type":"page","link":"https:\/\/www.amitai.com\/es\/landing-integriline\/","title":{"rendered":"Landing Integriline"},"content":{"rendered":"<section class=\"wpb-content-wrapper\"><p>[vc_section][vc_row el_class=&#8221;logo-landing-individual&#8221;][vc_column width=&#8221;1\/2&#8243;][vc_single_image image=&#8221;2769&#8243; img_size=&#8221;full&#8221;][\/vc_column][vc_column width=&#8221;1\/2&#8243;][\/vc_column][\/vc_row][vc_row full_width=&#8221;stretch_row&#8221; el_class=&#8221;fondo-color-landing-integriline fondo-color-landing-general&#8221;][vc_column width=&#8221;1\/2&#8243;][vc_column_text]Promueve un ambiente seguro en tu empresa en pro de tus empleados y negocio.[\/vc_column_text][\/vc_column][vc_column width=&#8221;1\/2&#8243;][\/vc_column][\/vc_row][vc_row full_width=&#8221;stretch_row&#8221; el_class=&#8221;l-formulario-contenedor&#8221; el_id=&#8221;formulario-landing&#8221;][vc_column width=&#8221;1\/2&#8243;][\/vc_column][vc_column width=&#8221;1\/2&#8243; el_class=&#8221;l-formulario-caja-2 hon&#8221; el_id=&#8221;landing-form&#8221;] <div class=\"wpcf7 no-js\" id=\"wpcf7-f2889-o1\" lang=\"es-MX\" dir=\"ltr\"> <div class=\"screen-reader-response\"><p role=\"status\" aria-live=\"polite\" aria-atomic=\"true\"><\/p> <ul><\/ul><\/div> <form action=\"\/es\/wp-json\/wp\/v2\/pages\/905#wpcf7-f2889-o1\" method=\"post\" class=\"wpcf7-form init\" aria-label=\"Formulario de contacto\" novalidate=\"novalidate\" data-status=\"init\"> <div style=\"display: none;\"> <input type=\"hidden\" name=\"_wpcf7\" value=\"2889\" \/> <input type=\"hidden\" name=\"_wpcf7_version\" value=\"5.7.7\" \/> <input type=\"hidden\" name=\"_wpcf7_locale\" value=\"es_MX\" \/> <input type=\"hidden\" name=\"_wpcf7_unit_tag\" value=\"wpcf7-f2889-o1\" \/> <input type=\"hidden\" name=\"_wpcf7_container_post\" value=\"0\" \/> <input type=\"hidden\" name=\"_wpcf7_posted_data_hash\" value=\"\" \/> <input type=\"hidden\" name=\"_wpcf7cf_hidden_group_fields\" value=\"[]\" \/> <input type=\"hidden\" name=\"_wpcf7cf_hidden_groups\" value=\"[]\" \/> <input type=\"hidden\" name=\"_wpcf7cf_visible_groups\" value=\"[]\" \/> <input type=\"hidden\" name=\"_wpcf7cf_repeaters\" value=\"[]\" \/> <input type=\"hidden\" name=\"_wpcf7cf_steps\" value=\"{}\" \/> <input type=\"hidden\" name=\"_wpcf7cf_options\" value=\"{&quot;form_id&quot;:2889,&quot;conditions&quot;:[{&quot;then_field&quot;:&quot;paises&quot;,&quot;and_rules&quot;:[{&quot;if_field&quot;:&quot;countrytext-990&quot;,&quot;operator&quot;:&quot;equals&quot;,&quot;if_value&quot;:&quot;Otro&quot;}]}],&quot;settings&quot;:{&quot;animation&quot;:&quot;yes&quot;,&quot;animation_intime&quot;:200,&quot;animation_outtime&quot;:200,&quot;conditions_ui&quot;:&quot;normal&quot;,&quot;notice_dismissed&quot;:false,&quot;notice_dismissed_update-cf7-5.4.2&quot;:true,&quot;notice_dismissed_update-cf7-5.8&quot;:true,&quot;notice_dismissed_update-cf7-6.1.4&quot;:true,&quot;notice_dismissed_update-cf7-6.1.5&quot;:true}}\" \/> <input type=\"hidden\" name=\"_wpcf7_recaptcha_response\" value=\"\" \/> <\/div> <input class=\"wpcf7-form-control wpcf7-hidden\" id=\"url_actual\" value=\"\" type=\"hidden\" name=\"urlPage\" \/> <p class=\"tit-form-land\">Solicita tu prueba <\/p> <p>Los campos marcados con * son obligatorios <\/p> <p><span class=\"wpcf7-form-control-wrap\" data-name=\"nombres\"><input size=\"40\" class=\"wpcf7-form-control wpcf7-text wpcf7-validates-as-required\" aria-required=\"true\" aria-invalid=\"false\" placeholder=\"Nombres y Apellidos*\" value=\"\" type=\"text\" name=\"nombres\" \/><\/span> <\/p> <p><span class=\"wpcf7-form-control-wrap\" data-name=\"email-emp\"><input size=\"40\" class=\"wpcf7-form-control wpcf7-text wpcf7-email wpcf7-validates-as-required wpcf7-validates-as-email\" aria-required=\"true\" aria-invalid=\"false\" placeholder=\"Email Empresarial*\" value=\"\" type=\"email\" name=\"email-emp\" \/><\/span> <\/p> <p><span class=\"wpcf7-form-control-wrap\" data-name=\"tel\"><input size=\"40\" class=\"wpcf7-form-control wpcf7-text wpcf7-tel wpcf7-validates-as-required wpcf7-validates-as-tel\" aria-required=\"true\" aria-invalid=\"false\" placeholder=\"Tel\u00e9fono*\" value=\"\" type=\"tel\" name=\"tel\" \/><\/span> <\/p> <p><span class=\"wpcf7-form-control-wrap\" data-name=\"countrytext-990\"><select class=\"wpcf7-form-control wpcf7-select wpcf7-validates-as-required\" aria-required=\"true\" aria-invalid=\"false\" name=\"countrytext-990\"><option value=\"\">Pa\u00eds*<\/option><option value=\"Bolivia\">Bolivia<\/option><option value=\"Chile\">Chile<\/option><option value=\"Colombia\">Colombia<\/option><option value=\"Costa Rica\">Costa Rica<\/option><option value=\"Ecuador\">Ecuador<\/option><option value=\"El Salvador\">El Salvador<\/option><option value=\"Guatemala\">Guatemala<\/option><option value=\"Honduras\">Honduras<\/option><option value=\"M\u00e9xico\">M\u00e9xico<\/option><option value=\"Panam\u00e1\">Panam\u00e1<\/option><option value=\"Per\u00fa\">Per\u00fa<\/option><option value=\"Rep\u00fablica Dominicana\">Rep\u00fablica Dominicana<\/option><option value=\"Otro\">Otro<\/option><\/select><\/span> <\/p> <div data-id=\"paises\" data-orig_data_id=\"paises\"  class=\"\" data-class=\"wpcf7cf_group\"> \t<p><span class=\"wpcf7-form-control-wrap\" data-name=\"otro-pais\"><input size=\"40\" class=\"wpcf7-form-control wpcf7-text wpcf7-validates-as-required\" aria-required=\"true\" aria-invalid=\"false\" placeholder=\"Otro pa\u00eds\" value=\"\" type=\"text\" name=\"otro-pais\" \/><\/span> \t<\/p> <\/div> <p><span class=\"wpcf7-form-control-wrap\" data-name=\"empresa\"><input size=\"40\" class=\"wpcf7-form-control wpcf7-text wpcf7-validates-as-required\" aria-required=\"true\" aria-invalid=\"false\" placeholder=\"Empresa*\" value=\"\" type=\"text\" name=\"empresa\" \/><\/span> <\/p> <p><span class=\"wpcf7-form-control-wrap\" data-name=\"cargo\"><input size=\"40\" class=\"wpcf7-form-control wpcf7-text\" aria-invalid=\"false\" placeholder=\"Cargo\" value=\"\" type=\"text\" name=\"cargo\" \/><\/span> <\/p> <p><span class=\"wpcf7-form-control-wrap\" data-name=\"mensaje\"><textarea cols=\"40\" rows=\"10\" class=\"wpcf7-form-control wpcf7-textarea wpcf7-validates-as-required\" aria-required=\"true\" aria-invalid=\"false\" placeholder=\"Mensaje*\" name=\"mensaje\"><\/textarea><\/span> <\/p> <p><span class=\"wpcf7-form-control-wrap\" data-name=\"aceptar\"><span class=\"wpcf7-form-control wpcf7-acceptance\"><span class=\"wpcf7-list-item\"><label><input type=\"checkbox\" name=\"aceptar\" value=\"1\" aria-invalid=\"false\" \/><span class=\"wpcf7-list-item-label\">Acepto <a href=\"https:\/\/www.amitai.com\/es\/aviso-de-privacidad\/\">pol\u00edticas de privacidad<\/a><\/span><\/label><\/span><\/span><\/span> <\/p> <p><input class=\"wpcf7-form-control has-spinner wpcf7-submit\" type=\"submit\" value=\"ENVIAR INFORMACI\u00d3N\" \/> <\/p> <p><script type='text\/javascript'>\nvar id = \"3278\";<\/script> <script type='text\/javascript' src='https:\/\/www.amitai.com\/es\/wp-content\/uploads\/winp-css-js\/3278.js?ver=1615315654'><\/script>  <\/p><div class=\"wpcf7-response-output\" aria-hidden=\"true\"><\/div> <\/form> <\/div> [\/vc_column][\/vc_row][vc_row el_class=&#8221;destacada-landing&#8221;][vc_column width=&#8221;1\/2&#8243;][vc_single_image image=&#8221;2887&#8243; img_size=&#8221;full&#8221;][\/vc_column][vc_column width=&#8221;1\/2&#8243;][\/vc_column][\/vc_row][\/vc_section][vc_section el_class=&#8221;sec1-landings integ&#8221;][vc_row][vc_column][vc_column_text el_class=&#8221;tit2-landings&#8221;]\u00bfQu\u00e9 te ofrece <strong>Integri-Line<\/strong>?[\/vc_column_text][\/vc_column][\/vc_row][\/vc_section][vc_section full_width=&#8221;stretch_row&#8221; el_class=&#8221;sec2-landings integ&#8221; css=&#8221;.vc_custom_1617119290650{margin-top: 0px !important;margin-bottom: 0px !important;padding-top: 0px !important;padding-bottom: 0px !important;background-color: #fceafc !important;}&#8221;][vc_row gap=&#8221;35&#8243; css=&#8221;.vc_custom_1617119282136{padding-right: 0px !important;padding-left: 0px !important;}&#8221;][vc_column width=&#8221;1\/2&#8243;][vc_column_text]Con AMITAI Integri-Line podr\u00e1s aplicar un sistema de denuncia totalmente an\u00f3nimo y seguro que permita gestionar y atender de forma \u00f3ptima, organizada y eficiente los incidentes denunciados, protegiendo a su vez al denunciante de posibles represalias.[\/vc_column_text][\/vc_column][vc_column width=&#8221;1\/2&#8243;][vc_column_text]<\/p> <ul> <li>Sistema f\u00e1cil de implementar y de administrar.<\/li> <li>Reportes flexibles a las necesidades de tu empresa.<\/li> <li>Servicio en l\u00ednea disponible 24\/7.<\/li> <li>Garant\u00eda de anonimato.<\/li> <li>Informaci\u00f3n encriptada.<\/li> <li>Seguridad garantizada.<\/li> <\/ul> <p>[\/vc_column_text][\/vc_column][\/vc_row][\/vc_section][vc_section full_width=&#8221;stretch_row_content&#8221; content_placement=&#8221;middle&#8221; el_class=&#8221;sec3-landings hon&#8221; css=&#8221;.vc_custom_1612170538452{margin-top: 0px !important;margin-right: 0px !important;margin-bottom: 0px !important;margin-left: 0px !important;}&#8221;][vc_row full_width=&#8221;stretch_row_content_no_spaces&#8221; css=&#8221;.vc_custom_1612170530266{margin-top: 0px !important;margin-right: 0px !important;margin-bottom: 0px !important;margin-left: 0px !important;}&#8221;][vc_column][vc_single_image image=&#8221;2635&#8243; img_size=&#8221;full&#8221; alignment=&#8221;center&#8221; css=&#8221;.vc_custom_1612175591281{margin-top: 0px !important;margin-right: 0px !important;margin-bottom: 0px !important;margin-left: 0px !important;}&#8221;][\/vc_column][\/vc_row][\/vc_section][vc_section full_width=&#8221;stretch_row_content&#8221; content_placement=&#8221;middle&#8221; el_class=&#8221;sec4-landings hon&#8221; css=&#8221;.vc_custom_1612175634843{margin-top: 0px !important;margin-bottom: 0px !important;padding-top: 30px !important;padding-bottom: 30px !important;background-color: #5b245c !important;}&#8221;][vc_row][vc_column][vc_column_text el_class=&#8221;tit4-sec-landings hon&#8221;]<\/p> <h2>\u00bfPor que implementar un programa de denuncia an\u00f3nima?<\/h2> <p>[\/vc_column_text][\/vc_column][\/vc_row][\/vc_section][vc_section el_class=&#8221;sec5-landings-integ&#8221;][vc_row gap=&#8221;20&#8243; equal_height=&#8221;yes&#8221;][vc_column width=&#8221;1\/3&#8243; el_class=&#8221;cols-boxes-honestidad&#8221;][vc_single_image image=&#8221;2516&#8243; img_size=&#8221;full&#8221; alignment=&#8221;center&#8221;][vc_column_text el_class=&#8221;tit-bloques1-honestidad&#8221;]Previene fraudes[\/vc_column_text][vc_column_text el_class=&#8221;txt-bloques1-honestidad&#8221;]Previene fraudes, abusos, chantajes, malversaciones, y cualquier proceso de ilegalidad o inconveniente al interior de la empresa.[\/vc_column_text][\/vc_column][vc_column width=&#8221;1\/3&#8243; el_class=&#8221;cols-boxes-honestidad&#8221;][vc_single_image image=&#8221;2515&#8243; img_size=&#8221;full&#8221; alignment=&#8221;center&#8221;][vc_column_text el_class=&#8221;tit-bloques1-honestidad&#8221;]Protege a tus colaboradores[\/vc_column_text][vc_column_text el_class=&#8221;txt-bloques1-honestidad&#8221;]Los empleadores se convierten en mediadores de conflictos, velando por el bienestar f\u00edsico, emocional y psicol\u00f3gico de sus trabajadores.[\/vc_column_text][\/vc_column][vc_column width=&#8221;1\/3&#8243; el_class=&#8221;cols-boxes-honestidad&#8221;][vc_single_image image=&#8221;2517&#8243; img_size=&#8221;full&#8221; alignment=&#8221;center&#8221;][vc_column_text el_class=&#8221;tit-bloques1-honestidad&#8221;]Evita consecuencias legales[\/vc_column_text][vc_column_text el_class=&#8221;txt-bloques1-honestidad&#8221;]Reduce el potencial de multas y consecuencias legales por actuar proactivamente en este sentido, etc.[\/vc_column_text][\/vc_column][\/vc_row][\/vc_section][vc_section full_width=&#8221;stretch_row&#8221; content_placement=&#8221;middle&#8221; el_class=&#8221;sec6-landings hon&#8221; css=&#8221;.vc_custom_1612171189385{padding-top: 50px !important;padding-bottom: 50px !important;}&#8221;][vc_row full_width=&#8221;stretch_row&#8221; css=&#8221;.vc_custom_1617119480339{background-color: #fceafc !important;}&#8221;][vc_column][vc_column_text el_class=&#8221;tit-sec6-landings hon&#8221;]Vela por la integridad de tus empleados y consolida un ambiente seguro y confiable.[\/vc_column_text][\/vc_column][\/vc_row][vc_row css=&#8221;.vc_custom_1612171216117{margin-top: 30px !important;margin-bottom: 30px !important;}&#8221;][vc_column][vc_btn title=&#8221;SOLICITA INFORMACI\u00d3N&#8221; style=&#8221;gradient-custom&#8221; gradient_custom_color_1=&#8221;#5b245c&#8221; gradient_custom_color_2=&#8221;#7d2889&#8243; size=&#8221;lg&#8221; align=&#8221;center&#8221; link=&#8221;url:%23formulario-landing|||&#8221; el_class=&#8221;boton-azul-landing-grande&#8221;][\/vc_column][\/vc_row][\/vc_section][vc_section el_class=&#8221;l-footer&#8221;][vc_row][vc_column][vc_column_text]<\/p> <p style=\"text-align: center;\">2021 AMITAI TODOS LOS DERECHOS RESERVADOS es una marca registrada. Uso bajo licencia HRD Global Solutions Ltd.<\/p> <p>[\/vc_column_text][\/vc_column][\/vc_row][\/vc_section]<\/p> <\/section>","protected":false},"excerpt":{"rendered":"<p>[vc_section][vc_row el_class=&#8221;logo-landing-individual&#8221;][vc_column width=&#8221;1\/2&#8243;][vc_single_image image=&#8221;2769&#8243; img_size=&#8221;full&#8221;][\/vc_column][vc_column width=&#8221;1\/2&#8243;][\/vc_column][\/vc_row][vc_row full_width=&#8221;stretch_row&#8221; el_class=&#8221;fondo-color-landing-integriline fondo-color-landing-general&#8221;][vc_column width=&#8221;1\/2&#8243;][vc_column_text]Promueve un ambiente seguro en tu empresa en pro de tus<\/p>\n","protected":false},"author":6,"featured_media":0,"parent":0,"menu_order":0,"comment_status":"closed","ping_status":"closed","template":"","meta":{"_acf_changed":false,"footnotes":""},"class_list":["post-905","page","type-page","status-publish","hentry"],"acf":[],"_links":{"self":[{"href":"https:\/\/www.amitai.com\/es\/wp-json\/wp\/v2\/pages\/905","targetHints":{"allow":["GET"]}}],"collection":[{"href":"https:\/\/www.amitai.com\/es\/wp-json\/wp\/v2\/pages"}],"about":[{"href":"https:\/\/www.amitai.com\/es\/wp-json\/wp\/v2\/types\/page"}],"author":[{"embeddable":true,"href":"https:\/\/www.amitai.com\/es\/wp-json\/wp\/v2\/users\/6"}],"replies":[{"embeddable":true,"href":"https:\/\/www.amitai.com\/es\/wp-json\/wp\/v2\/comments?post=905"}],"version-history":[{"count":15,"href":"https:\/\/www.amitai.com\/es\/wp-json\/wp\/v2\/pages\/905\/revisions"}],"predecessor-version":[{"id":3426,"href":"https:\/\/www.amitai.com\/es\/wp-json\/wp\/v2\/pages\/905\/revisions\/3426"}],"wp:attachment":[{"href":"https:\/\/www.amitai.com\/es\/wp-json\/wp\/v2\/media?parent=905"}],"curies":[{"name":"wp","href":"https:\/\/api.w.org\/{rel}","templated":true}]}}