{"id":667,"date":"2019-01-23T07:00:52","date_gmt":"2019-01-23T13:00:52","guid":{"rendered":"https:\/\/www.amitai.com\/es\/?page_id=667"},"modified":"2022-12-28T05:57:08","modified_gmt":"2022-12-28T11:57:08","slug":"denuncia-anonima","status":"publish","type":"page","link":"https:\/\/www.amitai.com\/es\/denuncia-anonima\/","title":{"rendered":"Denuncia an\u00f3nima: la importancia de mantener la seguridad en el entorno laboral"},"content":{"rendered":"<section class=\"wpb-content-wrapper\"><p>[vc_row full_width=&#8221;stretch_row_content_no_spaces&#8221;][vc_column] \t\t\t<!-- START denuncia anonima REVOLUTION SLIDER 6.6.3 --><p class=\"rs-p-wp-fix\"><\/p> \t\t\t<rs-module-wrap id=\"rev_slider_39_1_wrapper\" data-source=\"gallery\" style=\"visibility:hidden;background:transparent;padding:0;margin:0px auto;margin-top:0;margin-bottom:0;\"> \t\t\t\t<rs-module id=\"rev_slider_39_1\" class=\"rs-ov-hidden\" style=\"\" data-version=\"6.6.3\"> \t\t\t\t\t<rs-slides style=\"overflow: hidden; position: absolute;\"> \t\t\t\t\t\t<rs-slide style=\"position: absolute;\" data-key=\"rs-49\" data-title=\"Slide\" data-anim=\"adpr:false;\"> \t\t\t\t\t\t\t<img decoding=\"async\" src=\"\/\/www.amitai.com\/es\/wp-content\/plugins\/revslider\/public\/assets\/assets\/dummy.png\" alt=\"Slide\" title=\"Denuncia an\u00f3nima: la importancia de mantener la seguridad en el entorno laboral\" class=\"rev-slidebg tp-rs-img rs-lazyload\" data-lazyload=\"\/\/www.amitai.com\/es\/wp-content\/plugins\/revslider\/public\/assets\/assets\/transparent.png\" data-bg=\"p:center top;c:#ffffff;\" data-no-retina> <!-- \t\t\t\t\t\t\t--><rs-layer \t\t\t\t\t\t\t\tid=\"slider-39-slide-49-layer-20\"  \t\t\t\t\t\t\t\tdata-type=\"image\" \t\t\t\t\t\t\t\tdata-rsp_ch=\"on\" \t\t\t\t\t\t\t\tdata-xy=\"x:c;xo:-1px,-1px,-13px,-3px;yo:223px,223px,273px,149px;\" \t\t\t\t\t\t\t\tdata-text=\"l:22;a:inherit;\" \t\t\t\t\t\t\t\tdata-dim=\"w:['2020px','2020px','2020px','2020px'];h:['172px','172px','172px','172px'];\" \t\t\t\t\t\t\t\tdata-frame_0=\"tp:600;\" \t\t\t\t\t\t\t\tdata-frame_1=\"tp:600;sR:10;\" \t\t\t\t\t\t\t\tdata-frame_999=\"o:0;tp:600;st:w;sR:8690;\" \t\t\t\t\t\t\t\tstyle=\"z-index:5;\" \t\t\t\t\t\t\t><img decoding=\"async\" src=\"\/\/www.amitai.com\/es\/wp-content\/plugins\/revslider\/public\/assets\/assets\/dummy.png\" alt=\"\" class=\"tp-rs-img rs-lazyload\" width=\"1920\" height=\"265\" data-lazyload=\"\/\/www.amitai.com\/es\/wp-content\/uploads\/2021\/02\/Trazado-1714-3.jpg\" data-no-retina>  \t\t\t\t\t\t\t<\/rs-layer><!--  \t\t\t\t\t\t\t--><h1 \t\t\t\t\t\t\t\tid=\"slider-39-slide-49-layer-2\"  \t\t\t\t\t\t\t\tclass=\"rs-layer\" \t\t\t\t\t\t\t\tdata-type=\"text\" \t\t\t\t\t\t\t\tdata-rsp_ch=\"on\" \t\t\t\t\t\t\t\tdata-xy=\"x:l,l,c,c;xo:43px,45px,-76px,0;yo:256px,248px,295px,181px;\" \t\t\t\t\t\t\t\tdata-text=\"w:normal;s:28,25,30,18;l:34,40,40,25;fw:700,600,600,600;a:center,inherit,left,left;\" \t\t\t\t\t\t\t\tdata-dim=\"w:483px,458px,547px,415px;h:123px,132px,auto,auto;\" \t\t\t\t\t\t\t\tdata-frame_0=\"tp:600;\" \t\t\t\t\t\t\t\tdata-frame_1=\"tp:600;sR:10;\" \t\t\t\t\t\t\t\tdata-frame_999=\"o:0;tp:600;st:w;sR:8690;\" \t\t\t\t\t\t\t\tstyle=\"z-index:6;font-family:'Montserrat';\" \t\t\t\t\t\t\t>Denuncia an\u00f3nima: la importancia de mantener la seguridad en el entorno laboral   \t\t\t\t\t\t\t<\/h1><!--  \t\t\t\t\t\t\t--><rs-layer \t\t\t\t\t\t\t\tid=\"slider-39-slide-49-layer-19\"  \t\t\t\t\t\t\t\tdata-type=\"image\" \t\t\t\t\t\t\t\tdata-rsp_ch=\"on\" \t\t\t\t\t\t\t\tdata-xy=\"xo:29px,29px,39px,31px;yo:92px,92px,61px,26px;\" \t\t\t\t\t\t\t\tdata-text=\"l:22;a:inherit;\" \t\t\t\t\t\t\t\tdata-dim=\"w:475px,475px,677px,412px;h:120px,120px,171px,104px;\" \t\t\t\t\t\t\t\tdata-frame_0=\"tp:600;\" \t\t\t\t\t\t\t\tdata-frame_1=\"tp:600;sR:10;\" \t\t\t\t\t\t\t\tdata-frame_999=\"o:0;tp:600;st:w;sR:8690;\" \t\t\t\t\t\t\t\tstyle=\"z-index:7;\" \t\t\t\t\t\t\t><img decoding=\"async\" src=\"\/\/www.amitai.com\/es\/wp-content\/plugins\/revslider\/public\/assets\/assets\/dummy.png\" alt=\"\" class=\"tp-rs-img rs-lazyload\" width=\"668\" height=\"169\" data-lazyload=\"\/\/www.amitai.com\/es\/wp-content\/uploads\/2021\/02\/Grupo-2439.jpg\" data-no-retina>  \t\t\t\t\t\t\t<\/rs-layer><!--  \t\t\t\t\t\t\t--><rs-layer \t\t\t\t\t\t\t\tid=\"slider-39-slide-49-layer-21\"  \t\t\t\t\t\t\t\tdata-type=\"image\" \t\t\t\t\t\t\t\tdata-rsp_ch=\"on\" \t\t\t\t\t\t\t\tdata-xy=\"x:l,l,l,c;xo:587px,587px,-8px,14px;yo:37px,37px,435px,258px;\" \t\t\t\t\t\t\t\tdata-text=\"l:22;a:inherit;\" \t\t\t\t\t\t\t\tdata-dim=\"w:626px,626px,801px,586px;h:404px,404px,517px,378px;\" \t\t\t\t\t\t\t\tdata-frame_0=\"tp:600;\" \t\t\t\t\t\t\t\tdata-frame_1=\"tp:600;sR:10;\" \t\t\t\t\t\t\t\tdata-frame_999=\"o:0;tp:600;st:w;sR:8690;\" \t\t\t\t\t\t\t\tstyle=\"z-index:8;\" \t\t\t\t\t\t\t><img decoding=\"async\" src=\"\/\/www.amitai.com\/es\/wp-content\/plugins\/revslider\/public\/assets\/assets\/dummy.png\" alt=\"\" class=\"tp-rs-img rs-lazyload\" width=\"872\" height=\"562\" data-lazyload=\"\/\/www.amitai.com\/es\/wp-content\/uploads\/2021\/02\/ansiedad.jpg\" data-no-retina>  \t\t\t\t\t\t\t<\/rs-layer><!-- -->\t\t\t\t\t\t<\/rs-slide> \t\t\t\t\t<\/rs-slides> \t\t\t\t<\/rs-module> \t\t\t\t<script>\n\t\t\t\t\tsetREVStartSize({c: 'rev_slider_39_1',rl:[1240,1024,834,480],el:[],gw:[1240,1024,778,480],gh:[500,500,800,450],type:'standard',justify:'',layout:'fullwidth',mh:\"0\"});if (window.RS_MODULES!==undefined && window.RS_MODULES.modules!==undefined && window.RS_MODULES.modules[\"revslider391\"]!==undefined) {window.RS_MODULES.modules[\"revslider391\"].once = false;window.revapi39 = undefined;if (window.RS_MODULES.checkMinimal!==undefined) window.RS_MODULES.checkMinimal()}\n\t\t\t\t<\/script> \t\t\t<\/rs-module-wrap> \t\t\t<!-- END REVOLUTION SLIDER --> [\/vc_column][\/vc_row][vc_section el_class=&#8221;contenedor-pilar&#8221;][vc_row gap=&#8221;35&#8243; css=&#8221;.vc_custom_1545234163069{margin-top: 50px !important;}&#8221;][vc_column width=&#8221;2\/3&#8243; el_class=&#8221;bg-pilar&#8221;][vc_column_text]<\/p>  <h2>\u00bfQu\u00e9 es la denuncia an\u00f3nima?<\/h2>  <p>Uno de los principales objetivos de los empleadores es el ofrecerle a cada uno de sus trabajadores un ambiente laboral propicio para la ejecuci\u00f3n de sus actividades. Para lograrlo es necesario revisar con lupa todos los factores que inciden en el desarrollo laboral y los puntos de control que tal vez impidan su correcto funcionamiento y cotidianidad. \u00a0 Es por lo anterior que uno de los aspectos de mayor relevancia es la interacci\u00f3n con el equipo de trabajo, supervisores y superiores. Revisar al detalle dicho aspecto coadyuva considerablemente en la evoluci\u00f3n conjunta y enf\u00e1tica del entorno empresarial. \u00a0 Su correcta revisi\u00f3n tiene que ir acompa\u00f1ada con una apertura para la comunicaci\u00f3n cuando es necesario y de igual manera para la denuncia an\u00f3nima de las irregularidades y de situaciones de conflicto dentro del equipo de trabajo, ya sea para mediarla y solucionarla, o para acabar con el problema de ra\u00edz.<\/p>  <p style=\"text-align: center;\"><strong><em>La denuncia an\u00f3nima es una forma eficaz de conocer los pormenores de situaciones de conflicto, sin poner en peligro a la v\u00edctima directa o al denunciante-testigo del caso.<\/em><\/strong><\/p>  <p>[\/vc_column_text][vc_single_image image=&#8221;684&#8243; img_size=&#8221;full&#8221; alignment=&#8221;center&#8221;][vc_column_text el_class=&#8221;tit-2 yellow bf-y&#8221; el_id=&#8221;item-2&#8243;]<\/p>  <h2><strong>\u00bfC\u00f3mo incide la interacci\u00f3n del equipo de trabajo en el desarrollo empresarial?<\/strong><strong> \u00a0<\/strong><\/h2>  <p>[\/vc_column_text][vc_column_text]<\/p>  <p>Uno de los pilares del entorno laboral es la comunicaci\u00f3n entre el equipo de trabajo, as\u00ed como la retroalimentaci\u00f3n, la cr\u00edtica constructiva y la comunicaci\u00f3n bilateral con directivos y superiores. \u00a0 La comunicaci\u00f3n ayuda en gran medida a entender los procesos empresariales y organizacionales, a entablar puntos de atenci\u00f3n y, sobre todo, a encaminar los distintos proyectos a la mejora continua. De este modo se construyen relaciones s\u00f3lidas entorno al trabajo, en donde cada involucrado crece a su manera. \u00a0<\/p>  <p>&nbsp;<\/p>  <p>Pero la comunicaci\u00f3n no debe ser simplemente sobre los proyectos y estad\u00edsticas, sino que tambi\u00e9n deben tratarse otros factores cuyo quebranto podr\u00eda terminar afectando al entorno laboral: acoso, violencia psicol\u00f3gica, fraude, sobrecarga laboral y persecuci\u00f3n laboral, pueden ser algunos de los puntos que no solo afectan a la v\u00edctima, sino que tambi\u00e9n perpetua al agresor, lo que podr\u00eda traer consigo una serie de v\u00edctimas progresivas. \u00a0 Plantear y posicionar espacios donde primen la confianza y la seguridad debe ser un derecho para cada trabajador. Si no hay algo que garantice el bienestar de los empleados, dif\u00edcilmente se podr\u00e1n obtener resultados eficientes, de igual modo se minimiza la incentivaci\u00f3n de la denuncia a agresores, actos de violencia e ilegalidad al interior de las empresas. \u00a0 La denuncia an\u00f3nima es entonces la forma precisa en la que se garantiza la seguridad del denunciante, a fin de que el proceso pueda llevarse sin contratiempos y permitiendo que ning\u00fan caso quede en la impunidad.<\/p>  <p>[\/vc_column_text][vc_single_image image=&#8221;683&#8243; img_size=&#8221;full&#8221; alignment=&#8221;center&#8221;][vc_column_text el_class=&#8221;tit-2 yellow bf-y&#8221; el_id=&#8221;item-3&#8243;]<\/p>  <h2><strong>\u00bfPor qu\u00e9 la agresi\u00f3n, el acoso y hasta el abuso afectan a las empresas? <\/strong><\/h2>  <p>[\/vc_column_text][vc_column_text]Es importante entender la empresa como una amplia estructura, la cual se compone de diferentes mecanismos y engranajes. Cada parte de esta representa directamente las \u00e1reas de la empresa y cada engranaje es el equipo de trabajo. \u00a0 Una estructura es funcional siempre y cuando cada parte que la compone funcione con normalidad. Si el m\u00e1s m\u00ednimo engranaje llegase a fallar, aunque sea por un leve instante, la estructura empezar\u00eda a desfallecer poco a poco. Si el problema no se soluciona con celeridad, el mecanismo se desgastar\u00e1 prontamente lo que traer\u00eda consigo, una serie de deficiencias laborales y proyectuales. \u00a0 Una vez entendida de esta manera la empresa, sin duda se abre el espectro y se empieza a darle relevancia a conflictos que tal vez se omit\u00edan en un inicio. Aspectos tan aparentemente inofensivos como una burla, hasta un caso de violencia de g\u00e9nero; comienzan a ser aspectos determinantes para el an\u00e1lisis y revisi\u00f3n del bienestar de cada engranaje y as\u00ed, de la estructura.<\/p>  <p style=\"text-align: center;\"><strong><em>Los empleadores se convierten en los mediadores de conflictos, velando por el bienestar f\u00edsico, emocional y psicol\u00f3gico de sus trabajadores.<\/em><\/strong><\/p>  <p>&nbsp;<\/p>    <h2 class=\"wp-block-heading\">\u00bfPor qu\u00e9 una denuncia an\u00f3nima?<\/h2>    <p>Todos los colaboradores de nuestras organizaciones cuentan con diferentes maneras de relacionarse en el espacio laboral, esto sumado a que cada uno tiene una distinta historia de vida, lo que puede ocasionar que\u00a0<strong>existan conflictos internos.<\/strong><\/p>    <p>Los conflictos pueden suceder por diversas razones:\u00a0<strong>pol\u00edticas, sociales, deportivas, raciales, sexuales y muchas otras formas<\/strong>\u00a0en que las personas involucradas pueden ofender, consciente o inconscientemente, a sus compa\u00f1eros de oficina. Por ello, es recomendable ubicar un canal de en el cual gestionar una denuncia an\u00f3nima, donde el ofendido pueda expresarse libremente y el agresor pueda conocer la situaci\u00f3n<strong>\u00a0sin la presi\u00f3n de ser se\u00f1alados<\/strong>\u00a0por los dem\u00e1s miembros de la organizaci\u00f3n.<\/p>    <p>El departamento encargado de gestionar las denuncias, a la vez, debe ser imparcial, tratar de conocer la situaci\u00f3n a fondo y\u00a0<strong>tomar los correctivos necesarios<\/strong>\u00a0para que la armon\u00eda laboral vuelva a estar presente en el menor tiempo posible.<\/p>  <p>[\/vc_column_text][vc_single_image image=&#8221;681&#8243; img_size=&#8221;full&#8221; alignment=&#8221;center&#8221;][vc_column_text el_class=&#8221;tit-2 yellow bf-y&#8221; el_id=&#8221;item-4&#8243;]<\/p>  <h2><strong>Los principales problemas de acoso al interior de las empresas: <\/strong><\/h2>  <p>[\/vc_column_text][vc_column_text]Como lo vimos anteriormente, el incentivar la comunicaci\u00f3n entre los equipos de trabajo puede ayudar a disminuir los \u00edndices de conflicto, ilegalidad y violencia al interior de las empresas. Por eso es importante tener en cuenta los tipos m\u00e1s comunes de acoso:<\/p>  <ul>  <li>  <h3><strong>Discriminaci\u00f3n:<\/strong><\/h3>  <p>Ya sea por raza, sexo, orientaci\u00f3n sexual, creencia religiosa y dem\u00e1s; la discriminaci\u00f3n se posiciona como una de las principales causas de afectaciones directas en el ambiente laboral y que deja marcado a la v\u00edctima de manera considerable. La discriminaci\u00f3n no siempre se ve de manera directa, a veces se dan con actos sutiles de parte del equipo de trabajo o de los directivos. Acciones como no entregar informaci\u00f3n completa sobre las decisiones del trabajo, negar la oportunidad de ascenso cuando el trabajador realmente lo amerita, no informar sobre avances en cuanto a los proyectos en los que participa, impedimentos para acceder a las facilidades y derechos a los que tienen posibilidad los dem\u00e1s trabajadores o dar un trato ofensivo o displicente, caracterizan a la discriminaci\u00f3n directa.<\/p>  <\/li>  <\/ul>  <p>&nbsp;<\/p>  <ul>  <li>  <h3><strong>Acoso sexual:<\/strong><\/h3>  <p>Por momento los roles de poder hacen que se presenten (m\u00e1s de lo que deber\u00eda) situaciones entorno al acoso sexual, el cual se basa en una situaci\u00f3n de humillaci\u00f3n, ofensa, intimidaci\u00f3n y degradaci\u00f3n de la v\u00edctima, la cual NO consiente el acercamiento sexual de la contraparte. Hay que tener en cuenta que el acoso sexual es una conducta NO deseada, de igual modo es una manifestaci\u00f3n directa de violencia y discriminaci\u00f3n de g\u00e9nero. El acoso se puede presentar en m\u00faltiples maneras, entre ellas encontramos: <strong>Chantaje:<\/strong> el victimario aprovecha su situaci\u00f3n, cargo y rol para degradar a la v\u00edctima, ya sea bajo amenaza y bajo condici\u00f3n explicita para la consecuci\u00f3n de un beneficio. <strong>Ambiente laboral hostil:<\/strong> se caracteriza por situaciones de intimidaci\u00f3n o humillaci\u00f3n, ya sea f\u00edsica, verbal o no verbal.<\/p>  <\/li>  <\/ul>  <p>&nbsp;<\/p>  <ul>  <li>  <h3><strong>Aislamiento:<\/strong><\/h3>  <p>Esto se ve reflejado al momento en que el equipo de trabajo, el directivo o jefe directo ignoran al empleado, limitan su interacci\u00f3n y comunicaci\u00f3n interna o cuando no se le informa sobre reuniones o citas importantes.<\/p>  <\/li>  <\/ul>  <p>&nbsp;<\/p>  <ul>  <li>  <h3><strong>Sobrecarga laboral:<\/strong><\/h3>  <p>Una situaci\u00f3n que puede darse de manera sutil y casi que inadvertida, ya que se llega incluso a considerar como si fuese necesario y como sin\u00f3nimo de compromiso empresarial. Aqu\u00ed se encuentran: recorte en los tiempos estimados de entrega, se asignan tareas en exceso o de alta complejidad, hay una presi\u00f3n y control constante y exagerado del trabajo y se realizan consultas en horario no laboral.<\/p>  <\/li>  <\/ul>  <p>&nbsp;<\/p>  <ul>  <li>  <h3><strong>Funciones fuera de cargo:<\/strong><\/h3>  <p>Esta situaci\u00f3n se caracteriza por la asignaci\u00f3n de funciones no correspondientes al cargo particular, modificaci\u00f3n de las tareas asignadas o relegaci\u00f3n de responsabilidades propias a otros trabajadores o subordinados.<\/p>  <\/li>  <\/ul>  <p>&nbsp;<\/p>  <ul>  <li>  <h3><strong>Pormenorizar el papel del empleado:<\/strong><\/h3>  <p>No existe ning\u00fan tipo de reconocimiento al trabajo, el empleado se ve humillado frente a sus compa\u00f1eros a causa de sus deberes y maximizan sus errores laborales.<\/p>  <\/li>  <\/ul>  <p>&nbsp;<\/p>  <ul>  <li>  <h3><strong>Insultos y falta de respeto:<\/strong><\/h3>  <p>El empleado recibe constantes agresiones e insultos, incluso pueden presentarse amenazas o sanciones injustificadas.<\/p>  <\/li>  <\/ul>  <p>&nbsp;<\/p>  <ul>  <li>  <h3><strong>Difamaci\u00f3n profesional:<\/strong><\/h3>  <p>Se puede dar tanto al interior como en el exterior de la empresa. Se caracteriza por burlas hacia aspectos de la vida personal del trabajador, difusiones de rumores y atribuci\u00f3n de faltas profesionales inequ\u00edvocas.<\/p>  <\/li>  <\/ul>  <p>Si como empleador tiene en cuenta dichos aspectos, la aplicaci\u00f3n de espacios de denuncia an\u00f3nima se establece casi como una prioridad en pro de sus trabajadores.[\/vc_column_text][vc_single_image image=&#8221;682&#8243; img_size=&#8221;full&#8221; alignment=&#8221;center&#8221;][vc_column_text el_class=&#8221;tit-2 yellow bf-y&#8221; el_id=&#8221;item-5&#8243;]<\/p>  <h2><strong>\u00bfEn qu\u00e9 consiste la denuncia an\u00f3nima? <\/strong><\/h2>  <p>[\/vc_column_text][vc_column_text]El <a href=\"http:\/\/dle.rae.es\/?w=diccionario\" target=\"_blank\" rel=\"noopener\">Diccionario de la Real Academia de la lengua espa\u00f1ola (DRAE)<\/a> establece el siguiente significado:<\/p>  <h3><strong>Denunciar:<\/strong><\/h3>  <ul>  <li>Avisar o dar noticia de algo.<\/li>  <li>Participar o declarar oficialmente el estado ilegal, irregular o inconveniente de algo.<\/li>  <li>Dar a la autoridad judicial o administrativa parte o noticia de una actuaci\u00f3n il\u00edcita o de un suceso irregular.<\/li>  <\/ul>  <p>De esta manera la denuncia an\u00f3nima se reconoce como la acci\u00f3n de declarar una irregularidad o un hecho de violencia, acoso, discriminaci\u00f3n o fraude realizado por uno o varios de los miembros de una empresa; lo anterior protegiendo la identidad del denunciante en todo el proceso, a fin de evitar represalias, despidos o conflictos mayores. \u00a0 En AMITAI, contamos con un sistema en l\u00ednea totalmente seguro que le permite a la organizaci\u00f3n establecer un sistema de reportes an\u00f3nimos para recibir quejas o denuncias u otro tipo de reportes de abuso o incumplimiento de parte de diferentes grupos de inter\u00e9s de la organizaci\u00f3n. \u00a0 De este modo la denuncia an\u00f3nima permite no solo que se atiendan de manera \u00e1gil las solicitudes, sino que tambi\u00e9n protege al denunciante de posibles represalias.[\/vc_column_text][vc_single_image image=&#8221;680&#8243; img_size=&#8221;full&#8221; alignment=&#8221;center&#8221;][vc_column_text el_class=&#8221;tit-2 yellow bf-y&#8221; el_id=&#8221;item-6&#8243;]<\/p>  <h2><strong>\u00bfC\u00f3mo se ejecuta una denuncia an\u00f3nima por Integri-Line?<\/strong><\/h2>  <p>[\/vc_column_text][vc_column_text]Para poder llevar a cabo de manera transparente y segura un proceso de denuncia an\u00f3nima, ofrecemos una plataforma eficaz en la que cada reporte o <em>ticket<\/em> es gestionado por todas las partes que intervienen sobre el sistema (denunciante, responsable, supervisores y administradores), de manera totalmente an\u00f3nima, a menos que la organizaci\u00f3n o el denunciante decidan no recibir o hacer reportes an\u00f3nimos. \u00a0 <strong>Tenga en cuenta que:<\/strong><\/p>  <ul>  <li>Usted crea su propio cat\u00e1logo de categor\u00edas y sub-categor\u00edas del tipo de reportes que su organizaci\u00f3n va a recibir. Por ejemplo: Derechos Humanos, acoso sexual, auditor\u00eda, fraude, etc.<\/li>  <li>Decide quien recibir\u00e1 la notificaci\u00f3n para cada tipo de reporte, con el fin de darles un \u00f3ptimo seguimiento.<\/li>  <li>Establece si quiere que el sistema informe a un supervisor si no se le ha dado seguimiento a un reporte, despu\u00e9s de cierto tiempo.<\/li>  <li>Puede subir al sistema diferentes archivos que considere necesarios para que tanto el denunciante como el responsable tengan acceso a ellos<\/li>  <li>Determina si quiere recibir reportes an\u00f3nimos o no y bajo qu\u00e9 categor\u00edas.<\/li>  <\/ul>  <p><strong>Para los empleados: <\/strong><\/p>  <ul>  <li>Decide si quiere recibir retroalimentaci\u00f3n de un reporte <em>ticket<\/em> espec\u00edfico o no. Si decide mantener su anonimato, solo necesita establecer un <em>password<\/em> y recordar el n\u00famero de <em>ticket<\/em>, porque este NO se puede recuperar posteriormente.<\/li>  <li>Tambi\u00e9n puede subir al sistema cierto tipo de archivos que considere necesarios para que el responsable los vea y gestione acorde a toda la informaci\u00f3n provista.<\/li>  <li>Decide si quiere mantenerse an\u00f3nimo o revelar informaci\u00f3n personal o de contacto.<\/li>  <li>Recibe avisos de incumplimiento de respuesta.<\/li>  <li>Puede cambiar el estatus de un <em>ticket<\/em>.<\/li>  <li>Reajusta tolerancia de tiempo de respuesta<\/li>  <\/ul>  <p>Hay que tener en cuenta que, aunque necesario, este no es un tr\u00e1mite obligatorio; sin embargo, algunas organizaciones deciden implementar el sistema independientemente de la obligatoriedad, derivado del beneficio potencial que les representa, por ejemplo, a continuaci\u00f3n, presentamos algunos aspectos en los que incide la implementaci\u00f3n del servicio de denuncia an\u00f3nima en su empresa:<\/p>  <ul>  <li>Prevenir fraudes y cualquier proceso de ilegalidad al interior de la empresa.<\/li>  <li>Proteger a los empleados del abuso de colegas y supervisores.<\/li>  <li>Reducir el potencial de multas y consecuencias legales por actuar proactivamente en este sentido, etc.<\/li>  <li>Proveer un ambiente de seguridad y anonimato para todas las partes involucradas.<\/li>  <\/ul>  <p>[\/vc_column_text][vc_single_image image=&#8221;679&#8243; img_size=&#8221;full&#8221; alignment=&#8221;center&#8221;][vc_column_text el_class=&#8221;tit-2 yellow bf-y&#8221; el_id=&#8221;item-7&#8243;]<\/p>  <h2><strong>Ventajas de la denuncia an\u00f3nima<\/strong><\/h2>  <p>[\/vc_column_text][vc_column_text]Por medio de nuestro sistema Integri-Line podemos ayudarlo en la gesti\u00f3n y revisi\u00f3n de las denuncias an\u00f3nimas que realizan los empleados, de este modo:<\/p>  <ul>  <li>Al ser un servicio en l\u00ednea, este se encuentra disponible las 24 horas del d\u00eda, los 365 d\u00edas del a\u00f1o.<\/li>  <li>El sistema le ayuda a recordar y asegurar que se da seguimiento a todas las solicitudes en tiempo y forma.<\/li>  <li>La plataforma es totalmente configurable a las necesidades, pol\u00edticas e imagen de cada organizaci\u00f3n.<\/li>  <\/ul>  <p>Recuerde que el bienestar de sus empleados despende de la gesti\u00f3n que ofrece a sus requerimientos, lo cual permite el avance empresarial.[\/vc_column_text][vc_single_image image=&#8221;678&#8243; img_size=&#8221;full&#8221; alignment=&#8221;center&#8221;][vc_raw_html]JTNDYSUyMGNsYXNzJTNEJTIyYm50LXRhYmxhJTIyJTNFJTBBJTNDaW1nJTIwc3JjJTNEJTIyaHR0cHMlM0ElMkYlMkZhbWl0YWkuY29tJTJGZXMlMkZ3cC1jb250ZW50JTJGdXBsb2FkcyUyRjIwMjElMkYwMiUyRkdydXBvLTI0MzkucG5nJTIyJTNFJTBBJTNDJTJGYSUzRQ==[\/vc_raw_html][\/vc_column][vc_column width=&#8221;1\/3&#8243; el_class=&#8221;tabla-contenido&#8221;][vc_column_text el_class=&#8221;tabla-contenido-lista&#8221;]<\/p>  <h3>Tabla de Contenidos<\/h3>  <ul>  <li><a title=\"Denuncia an\u00f3nima: la importancia de mantener la seguridad en el entorno laboral\" href=\"#item-1\" name=\"Denuncia an\u00f3nima: la importancia de mantener la seguridad en el entorno laboral\">Denuncia an\u00f3nima: la importancia de mantener la seguridad en el entorno laboral<\/a><\/li>  <li><a title=\"\u00bfC\u00f3mo incide la interacci\u00f3n del equipo de trabajo en el desarrollo empresarial?\" href=\"#item-2\" name=\"\u00bfC\u00f3mo incide la interacci\u00f3n del equipo de trabajo en el desarrollo empresarial? \">\u00bfC\u00f3mo incide la interacci\u00f3n del equipo de trabajo en el desarrollo empresarial? <\/a><\/li>  <li><a title=\"\u00bfPor qu\u00e9 la agresi\u00f3n, el acoso y hasta el abuso afectan a las empresas?\" href=\"#item-3\" name=\"\u00bfPor qu\u00e9 la agresi\u00f3n, el acoso y hasta el abuso afectan a las empresas? \">\u00bfPor qu\u00e9 la agresi\u00f3n, el acoso y hasta el abuso afectan a las empresas? <\/a><\/li>  <li><a title=\"Los principales problemas de acoso al interior de las empresas: \" href=\"#item-4\" name=\"Los principales problemas de acoso al interior de las empresas: \">Los principales problemas de acoso al interior de las empresas: <\/a><\/li>  <li><a title=\"\u00bfEn qu\u00e9 consiste la denuncia an\u00f3nima?\" href=\"#item-5\" name=\"\u00bfEn qu\u00e9 consiste la denuncia an\u00f3nima? \">\u00bfEn qu\u00e9 consiste la denuncia an\u00f3nima? <\/a><\/li>  <li><a title=\"\u00bfC\u00f3mo se ejecuta una denuncia an\u00f3nima por Integri-Line?\" href=\"#item-6\" name=\"\u00bfC\u00f3mo se ejecuta una denuncia an\u00f3nima por Integri-Line?\">\u00bfC\u00f3mo se ejecuta una denuncia an\u00f3nima por Integri-Line?<\/a><\/li>  <li><a title=\"Ventajas de la denuncia an\u00f3nima\" href=\"#item-7\" name=\"Ventajas de la denuncia an\u00f3nima\">Ventajas de la denuncia an\u00f3nima<\/a><\/li>  <\/ul>  <p><a class=\"btn-dentro-lista\" href=\"https:\/\/www.amitai.com\/es\/landing-integriline\/\">Solicita una Prueba Gratis<\/a>[\/vc_column_text][vc_column_text el_class=&#8221;btn-rosado-degradado&#8221;]<a href=\"https:\/\/www.amitai.com\/es\/landing-integriline\/\">Solicita una Prueba Gratis<\/a>[\/vc_column_text][\/vc_column][\/vc_row][\/vc_section]<\/p><\/section>","protected":false},"excerpt":{"rendered":"<p>[vc_row full_width=&#8221;stretch_row_content_no_spaces&#8221;][vc_column][\/vc_column][\/vc_row][vc_section el_class=&#8221;contenedor-pilar&#8221;][vc_row gap=&#8221;35&#8243; css=&#8221;.vc_custom_1545234163069{margin-top: 50px !important;}&#8221;][vc_column width=&#8221;2\/3&#8243; el_class=&#8221;bg-pilar&#8221;][vc_column_text] \u00bfQu\u00e9 es la denuncia an\u00f3nima? Uno de los principales objetivos de<\/p>\n","protected":false},"author":6,"featured_media":678,"parent":0,"menu_order":0,"comment_status":"closed","ping_status":"closed","template":"","meta":{"_acf_changed":false,"footnotes":""},"class_list":["post-667","page","type-page","status-publish","has-post-thumbnail","hentry"],"acf":[],"_links":{"self":[{"href":"https:\/\/www.amitai.com\/es\/wp-json\/wp\/v2\/pages\/667","targetHints":{"allow":["GET"]}}],"collection":[{"href":"https:\/\/www.amitai.com\/es\/wp-json\/wp\/v2\/pages"}],"about":[{"href":"https:\/\/www.amitai.com\/es\/wp-json\/wp\/v2\/types\/page"}],"author":[{"embeddable":true,"href":"https:\/\/www.amitai.com\/es\/wp-json\/wp\/v2\/users\/6"}],"replies":[{"embeddable":true,"href":"https:\/\/www.amitai.com\/es\/wp-json\/wp\/v2\/comments?post=667"}],"version-history":[{"count":18,"href":"https:\/\/www.amitai.com\/es\/wp-json\/wp\/v2\/pages\/667\/revisions"}],"predecessor-version":[{"id":5679,"href":"https:\/\/www.amitai.com\/es\/wp-json\/wp\/v2\/pages\/667\/revisions\/5679"}],"wp:featuredmedia":[{"embeddable":true,"href":"https:\/\/www.amitai.com\/es\/wp-json\/wp\/v2\/media\/678"}],"wp:attachment":[{"href":"https:\/\/www.amitai.com\/es\/wp-json\/wp\/v2\/media?parent=667"}],"curies":[{"name":"wp","href":"https:\/\/api.w.org\/{rel}","templated":true}]}}