{"id":5902,"date":"2023-11-08T08:55:20","date_gmt":"2023-11-08T14:55:20","guid":{"rendered":"https:\/\/www.amitai.com\/es\/?page_id=5902"},"modified":"2025-04-21T12:12:18","modified_gmt":"2025-04-21T18:12:18","slug":"inicio-2","status":"publish","type":"page","link":"https:\/\/www.amitai.com\/es\/","title":{"rendered":"Inicio"},"content":{"rendered":"<section class=\"wpb-content-wrapper\"><p>[vc_section][vc_row][vc_column] \t\t\t<!-- START Inicio 1 REVOLUTION SLIDER 6.6.3 --><p class=\"rs-p-wp-fix\"><\/p> \t\t\t<rs-module-wrap id=\"rev_slider_45_1_wrapper\" data-source=\"gallery\" style=\"visibility:hidden;background:transparent;padding:0;margin:0px auto;margin-top:0;margin-bottom:0;\"> \t\t\t\t<rs-module id=\"rev_slider_45_1\" style=\"\" data-version=\"6.6.3\"> \t\t\t\t\t<rs-slides style=\"overflow: hidden; position: absolute;\"> \t\t\t\t\t\t<rs-slide style=\"position: absolute;\" data-key=\"rs-79\" data-title=\"Slide\" data-in=\"o:0;\" data-out=\"a:false;\"> \t\t\t\t\t\t\t<img decoding=\"async\" src=\"\/\/www.amitai.com\/es\/wp-content\/plugins\/revslider\/public\/assets\/assets\/dummy.png\" alt=\"Banner_amitai_cumplimiento\" title=\"Banner_amitai_cumplimiento\" width=\"2614\" height=\"1088\" class=\"rev-slidebg tp-rs-img rs-lazyload\" data-lazyload=\"\/\/www.amitai.com\/es\/wp-content\/uploads\/2023\/11\/4Mesa-de-trabajo-2-copia.png\" data-no-retina> <!---->\t\t\t\t\t\t<\/rs-slide> \t\t\t\t\t<\/rs-slides> \t\t\t\t<\/rs-module> \t\t\t\t<script>\n\t\t\t\t\tsetREVStartSize({c: 'rev_slider_45_1',rl:[1240,1024,834,480],el:[640,480,640,600],gw:[1920,1280,778,480],gh:[640,480,640,600],type:'standard',justify:'',layout:'fullwidth',mh:\"0\"});if (window.RS_MODULES!==undefined && window.RS_MODULES.modules!==undefined && window.RS_MODULES.modules[\"revslider451\"]!==undefined) {window.RS_MODULES.modules[\"revslider451\"].once = false;window.revapi45 = undefined;if (window.RS_MODULES.checkMinimal!==undefined) window.RS_MODULES.checkMinimal()}\n\t\t\t\t<\/script> \t\t\t<\/rs-module-wrap> \t\t\t<!-- END REVOLUTION SLIDER --> [\/vc_column][\/vc_row][\/vc_section][vc_section full_width=&#8221;stretch_row&#8221; el_class=&#8221;sec-home2&#8243; css=&#8221;.vc_custom_1699386811234{padding-top: 50px !important;padding-bottom: 50px !important;background-color: #2078bd !important;}&#8221;][vc_row][vc_column width=&#8221;1\/4&#8243;][\/vc_column][vc_column width=&#8221;1\/2&#8243;][vc_column_text el_class=&#8221;txt-sec-home2&#8243;]<\/p> <h3><span style=\"color: #ffffff;\">Proveemos soluciones y servicios de vanguardia,<\/span><\/h3> <p><span style=\"color: #ffffff;\">alineados a las mejores pr\u00e1cticas a nivel internacional para la efectiva implementaci\u00f3n de programas de Integridad, \u00c9tica y Cumplimiento.<\/span>[\/vc_column_text][\/vc_column][vc_column width=&#8221;1\/4&#8243;][\/vc_column][\/vc_row][vc_row gap=&#8221;35&#8243;][vc_column width=&#8221;1\/2&#8243;][vc_column_text el_class=&#8221;txt2-box-home-2 honestidad&#8221;]<\/p> <div class=\"prov-box-ico\"><img decoding=\"async\" class=\"size-full wp-image-2368 alignnone\" src=\"https:\/\/www.amitai.com\/es\/wp-content\/uploads\/2021\/01\/Grupo-971.png\" alt=\"\" width=\"150\" height=\"150\" \/><\/div> <div class=\"prov-box-txt\"> <h3>AMITAI\u00ae<br \/> <strong>Honestidad<\/strong><\/h3> <p data-ccp-props=\"{&quot;335551550&quot;:1,&quot;335551620&quot;:1,&quot;335559683&quot;:0,&quot;335559685&quot;:0,&quot;335559731&quot;:0,&quot;335559737&quot;:0,&quot;335562764&quot;:2,&quot;335562765&quot;:1,&quot;335562766&quot;:4,&quot;335562767&quot;:0,&quot;335562768&quot;:4,&quot;335562769&quot;:0}\"><span data-scheme-color=\"@FFFFFF,14,\" data-usefontface=\"true\" data-contrast=\"none\">Evaluaci\u00f3n que <\/span><span data-scheme-color=\"@FFFFFF,14,\" data-usefontface=\"true\" data-contrast=\"none\">permite <\/span><b><span data-scheme-color=\"@FFFFFF,14,\" data-usefontface=\"true\" data-contrast=\"none\">conocer de manera <\/span><\/b><b><span data-scheme-color=\"@FFFFFF,14,\" data-usefontface=\"true\" data-contrast=\"none\">confiable<\/span><\/b><span data-scheme-color=\"@FFFFFF,14,\" data-usefontface=\"true\" data-contrast=\"none\"> las tendencias de los <\/span><span data-scheme-color=\"@FFFFFF,14,\" data-usefontface=\"true\" data-contrast=\"none\">candidatos o colaboradores a <\/span><span data-scheme-color=\"@FFFFFF,14,\" data-usefontface=\"true\" data-contrast=\"none\">involucrarse en <\/span><b><span data-scheme-color=\"@FFFFFF,14,\" data-usefontface=\"true\" data-contrast=\"none\">actos <\/span><\/b><b><span data-scheme-color=\"@FFFFFF,14,\" data-usefontface=\"true\" data-contrast=\"none\">deshonestos<\/span><\/b><span data-scheme-color=\"@FFFFFF,14,\" data-usefontface=\"true\" data-contrast=\"none\"> y su <\/span><span data-scheme-color=\"@FFFFFF,14,\" data-usefontface=\"true\" data-contrast=\"none\">comportamiento en relaci\u00f3n <\/span><span data-scheme-color=\"@FFFFFF,14,\" data-usefontface=\"true\" data-contrast=\"none\">con el seguimiento de normas <\/span><span data-scheme-color=\"@FFFFFF,14,\" data-usefontface=\"true\" data-contrast=\"none\">y pol\u00edticas, trabajo en equipo y <\/span><span data-scheme-color=\"@FFFFFF,14,\" data-usefontface=\"true\" data-contrast=\"none\">relaci\u00f3n con la autoridad.<\/span><\/p> <p><a class=\"btn-box-home\" href=\"https:\/\/www.amitai.com\/es\/honestidad\/\"><img decoding=\"async\" class=\"alignnone\" src=\"https:\/\/www.amitai.com\/es\/wp-content\/uploads\/2021\/01\/flecha1.png\" alt=\"\" width=\"28\" height=\"29\" \/><\/a><\/p> <\/div> <p>[\/vc_column_text][\/vc_column][vc_column width=&#8221;1\/2&#8243;][vc_column_text el_class=&#8221;txt2-box-home-2 esurvey&#8221;]<\/p> <div class=\"prov-box-ico\"><img decoding=\"async\" class=\"wp-image-2370 size-full alignnone\" src=\"https:\/\/www.amitai.com\/es\/wp-content\/uploads\/2021\/01\/Grupo-114.png\" alt=\"\" width=\"149\" height=\"149\" \/><\/div> <div class=\"prov-box-txt\"> <h3>AMITAI\u00ae<br \/> <strong>E-Survey<\/strong><\/h3> <p><strong><span class=\"TextRun SCXP188267389 BCX0\" lang=\"ES\" xml:lang=\"ES\" data-scheme-color=\"@FFFFFF,14,\" data-usefontface=\"true\" data-contrast=\"none\"><span class=\"NormalTextRun SCXP188267389 BCX0\">Encuesta en l\u00ednea <\/span><\/span><span class=\"TextRun SCXP188267389 BCX0\" lang=\"ES\" xml:lang=\"ES\" data-scheme-color=\"@FFFFFF,14,\" data-usefontface=\"true\" data-contrast=\"none\"><span class=\"NormalTextRun SCXP188267389 BCX0\">totalmente configurable<\/span><\/span><\/strong><span class=\"TextRun SCXP188267389 BCX0\" lang=\"ES\" xml:lang=\"ES\" data-scheme-color=\"@FFFFFF,14,\" data-usefontface=\"true\" data-contrast=\"none\"><span class=\"NormalTextRun SCXP188267389 BCX0\">, <\/span><\/span><span class=\"TextRun SCXP188267389 BCX0\" lang=\"ES\" xml:lang=\"ES\" data-scheme-color=\"@FFFFFF,14,\" data-usefontface=\"true\" data-contrast=\"none\"><span class=\"NormalTextRun SCXP188267389 BCX0\">permite hacer un <\/span><\/span><span class=\"TextRun SCXP188267389 BCX0\" lang=\"ES\" xml:lang=\"ES\" data-scheme-color=\"@FFFFFF,14,\" data-usefontface=\"true\" data-contrast=\"none\"><span class=\"NormalTextRun SCXP188267389 BCX0\">autodiagn\u00f3stico de la <\/span><\/span><span class=\"TextRun SCXP188267389 BCX0\" lang=\"ES\" xml:lang=\"ES\" data-scheme-color=\"@FFFFFF,14,\" data-usefontface=\"true\" data-contrast=\"none\"><span class=\"NormalTextRun SCXP188267389 BCX0\">cultura \u00e9tica de la <\/span><\/span><span class=\"TextRun SCXP188267389 BCX0\" lang=\"ES\" xml:lang=\"ES\" data-scheme-color=\"@FFFFFF,14,\" data-usefontface=\"true\" data-contrast=\"none\"><span class=\"NormalTextRun SCXP188267389 BCX0\">organizaci\u00f3n.<\/span><\/span><\/p> <p><a class=\"btn-box-home\" href=\"https:\/\/www.amitai.com\/es\/encuesta-etica-cultura-organizacional\/\"><img decoding=\"async\" class=\"alignnone\" src=\"https:\/\/www.amitai.com\/es\/wp-content\/uploads\/2021\/01\/fsdf.png\" alt=\"\" width=\"28\" height=\"29\" \/><\/a><\/p> <\/div> <p>[\/vc_column_text][\/vc_column][\/vc_row][vc_row gap=&#8221;35&#8243;][vc_column width=&#8221;1\/2&#8243;][vc_column_text el_class=&#8221;txt2-box-home-2 integriline&#8221;]<\/p> <div class=\"prov-box-ico\"><img decoding=\"async\" class=\"wp-image-2369 size-full alignnone\" src=\"https:\/\/www.amitai.com\/es\/wp-content\/uploads\/2021\/01\/Grupo-103.png\" alt=\"\" width=\"150\" height=\"150\" \/><\/div> <div class=\"prov-box-txt\"> <h3>AMITAI\u00ae<br \/> <strong>Integri-Line<\/strong><\/h3> <p><strong><span class=\"TextRun BCX0 SCXP29293339\" lang=\"ES\" xml:lang=\"ES\" data-scheme-color=\"@FFFFFF,14,\" data-usefontface=\"true\" data-contrast=\"none\"><span class=\"NormalTextRun BCX0 SCXP29293339\">Sistema para la <\/span><\/span><span class=\"TextRun BCX0 SCXP29293339\" lang=\"ES\" xml:lang=\"ES\" data-scheme-color=\"@FFFFFF,14,\" data-usefontface=\"true\" data-contrast=\"none\"><span class=\"NormalTextRun BCX0 SCXP29293339\">recepci\u00f3n y gesti\u00f3n de <\/span><\/span><\/strong><span class=\"TextRun BCX0 SCXP29293339\" lang=\"ES\" xml:lang=\"ES\" data-scheme-color=\"@FFFFFF,14,\" data-usefontface=\"true\" data-contrast=\"none\"><span class=\"NormalTextRun BCX0 SCXP29293339\"><strong>denuncias<\/strong>, <\/span><\/span><span class=\"TextRun BCX0 SCXP29293339\" lang=\"ES\" xml:lang=\"ES\" data-scheme-color=\"@FFFFFF,14,\" data-usefontface=\"true\" data-contrast=\"none\"><span class=\"NormalTextRun BCX0 SCXP29293339\">totalmente <\/span><\/span><span class=\"TextRun BCX0 SCXP29293339\" lang=\"ES\" xml:lang=\"ES\" data-scheme-color=\"@FFFFFF,14,\" data-usefontface=\"true\" data-contrast=\"none\"><span class=\"NormalTextRun BCX0 SCXP29293339\">seguro y adaptable a las <\/span><\/span><span class=\"TextRun BCX0 SCXP29293339\" lang=\"ES\" xml:lang=\"ES\" data-scheme-color=\"@FFFFFF,14,\" data-usefontface=\"true\" data-contrast=\"none\"><span class=\"NormalTextRun BCX0 SCXP29293339\">necesidades de la <\/span><\/span><span class=\"TextRun BCX0 SCXP29293339\" lang=\"ES\" xml:lang=\"ES\" data-scheme-color=\"@FFFFFF,14,\" data-usefontface=\"true\" data-contrast=\"none\"><span class=\"NormalTextRun BCX0 SCXP29293339\">organizaci\u00f3n.<\/span><\/span><\/p> <p><a class=\"btn-box-home\" href=\"https:\/\/www.amitai.com\/es\/integri-line\/\"><img decoding=\"async\" class=\"alignnone\" src=\"https:\/\/www.amitai.com\/es\/wp-content\/uploads\/2021\/01\/gfsdf.png\" alt=\"\" width=\"28\" height=\"29\" \/><\/a><\/p> <\/div> <p>[\/vc_column_text][\/vc_column][vc_column width=&#8221;1\/2&#8243;][vc_column_text el_class=&#8221;txt2-box-home-2 ethics&#8221;]<\/p> <div class=\"prov-box-ico\"><img decoding=\"async\" class=\"wp-image-2371 size-full alignnone\" src=\"https:\/\/www.amitai.com\/es\/wp-content\/uploads\/2021\/01\/Grupo-128.png\" alt=\"\" width=\"149\" height=\"149\" \/><\/div> <div class=\"prov-box-txt\"> <h3>AMITAI\u00ae<br \/> <strong>E-thics Learning<\/strong><\/h3> <p><strong>Capacitaciones 100% en l\u00ednea sobre \u00e9tica y cumplimiento<\/strong>, en pro del desarrollo \u00e9tico empresarial. Fortalece los principios organizacionales de tu empresa y promueve la mejora continua.<\/p> <p><a class=\"btn-box-home\" href=\"https:\/\/www.amitai.com\/es\/e-thics-learning\/\"><img decoding=\"async\" src=\"https:\/\/www.amitai.com\/es\/wp-content\/uploads\/2021\/01\/sfdgdrnhj.png\" \/><\/a><\/div> <p>[\/vc_column_text][\/vc_column][\/vc_row][vc_row gap=&#8221;35&#8243;][vc_column width=&#8221;1\/2&#8243;][vc_column_text el_class=&#8221;txt2-box-home-2 background&#8221;]<\/p> <div class=\"prov-box-ico\"><img decoding=\"async\" class=\"wp-image-2372 size-full alignnone\" src=\"https:\/\/www.amitai.com\/es\/wp-content\/uploads\/2021\/01\/Grupo-138.png\" alt=\"\" width=\"149\" height=\"149\" \/><\/div> <div class=\"prov-box-txt\"> <h3>AMITAI\u00ae<br \/> <strong>Background Check<\/strong><\/h3> <p><span class=\"TextRun BCX0 SCXP84857698\" lang=\"ES\" xml:lang=\"ES\" data-scheme-color=\"@FFFFFF,14,\" data-usefontface=\"true\" data-contrast=\"none\"><span class=\"NormalTextRun BCX0 SCXP84857698\">Reporte<\/span><\/span><span class=\"TextRun BCX0 SCXP84857698\" lang=\"ES\" xml:lang=\"ES\" data-scheme-color=\"@FFFFFF,14,\" data-usefontface=\"true\" data-contrast=\"none\"><span class=\"NormalTextRun BCX0 SCXP84857698\"> que, con <\/span><\/span><span class=\"TextRun BCX0 SCXP84857698\" lang=\"ES\" xml:lang=\"ES\" data-scheme-color=\"@FFFFFF,14,\" data-usefontface=\"true\" data-contrast=\"none\"><span class=\"NormalTextRun BCX0 SCXP84857698\">el consentimiento de la <\/span><\/span><span class=\"TextRun BCX0 SCXP84857698\" lang=\"ES\" xml:lang=\"ES\" data-scheme-color=\"@FFFFFF,14,\" data-usefontface=\"true\" data-contrast=\"none\"><span class=\"NormalTextRun BCX0 SCXP84857698\">persona, nos <\/span><\/span><span class=\"TextRun BCX0 SCXP84857698\" lang=\"ES\" xml:lang=\"ES\" data-scheme-color=\"@FFFFFF,14,\" data-usefontface=\"true\" data-contrast=\"none\"><span class=\"NormalTextRun BCX0 SCXP84857698\">proporciona sus datos <\/span><\/span><span class=\"TextRun BCX0 SCXP84857698\" lang=\"ES\" xml:lang=\"ES\" data-scheme-color=\"@FFFFFF,14,\" data-usefontface=\"true\" data-contrast=\"none\"><span class=\"NormalTextRun BCX0 SCXP84857698\">socio-econ\u00f3micos, <\/span><\/span><span class=\"TextRun BCX0 SCXP84857698\" lang=\"ES\" xml:lang=\"ES\" data-scheme-color=\"@FFFFFF,14,\" data-usefontface=\"true\" data-contrast=\"none\"><span class=\"NormalTextRun BCX0 SCXP84857698\">laborales y penales en <\/span><\/span><span class=\"TextRun BCX0 SCXP84857698\" lang=\"ES\" xml:lang=\"ES\" data-scheme-color=\"@FFFFFF,14,\" data-usefontface=\"true\" data-contrast=\"none\"><span class=\"NormalTextRun BCX0 SCXP84857698\">l\u00ednea. <\/span><\/span><\/p> <p><a class=\"btn-box-home\" href=\"https:\/\/www.amitai.com\/es\/background-check\/\"><img decoding=\"async\" src=\"https:\/\/www.amitai.com\/es\/wp-content\/uploads\/2021\/01\/zsdfn.png\" \/><\/a><\/p> <\/div> <p>[\/vc_column_text][\/vc_column][\/vc_row][\/vc_section][vc_section full_width=&#8221;stretch_row&#8221; css=&#8221;.vc_custom_1699456169382{background-color: #706f6f !important;}&#8221;][vc_row css=&#8221;.vc_custom_1612977361544{padding-bottom: 30px !important;}&#8221; el_class=&#8221;tablet-100&#8243;][vc_column][vc_column_text el_class=&#8221;tit-b blue porquehome&#8221;]<\/p> <p style=\"text-align: center;\"><span style=\"color: #ffffff;\">\u00bfPOR QU\u00c9<\/span><br \/> <span style=\"color: #ffffff;\">NUESTRAS SOLUCIONES?<\/span>[\/vc_column_text][vc_accordion active_tab=&#8221;3&#8243; el_class=&#8221;custom-togg&#8221;][vc_accordion_tab title=&#8221;Reducci\u00f3n de Riesgos&#8221; el_id=&#8221;reduccion-de-riesgos&#8221;][vc_column_text el_class=&#8221;acordeon-list&#8221;]<\/p> <ul> <li>Evita penas y multas por incumplimiento de leyes internacionales.<\/li> <li>Reduce la posibilidad de incidentes que comprometan la reputaci\u00f3n de tu empresa.<\/li> <\/ul> <p>[\/vc_column_text][\/vc_accordion_tab][vc_accordion_tab title=&#8221;Econom\u00eda y Productividad&#8221; el_id=&#8221;economia-productividad&#8221;][vc_column_text el_class=&#8221;acordeon-list&#8221;]<\/p> <ul> <li>Ahorros en tiempo y consultor\u00eda externa.<\/li> <li>Ahorros en diversas soluciones como \u201cadd ons\u201d<\/li> <li>Actualizaci\u00f3n permanente de las soluciones sin costo adicionales.<\/li> <li>Generaci\u00f3n de reportes en tiempo real<\/li> <li>Ayuda a elevar el compromiso y la productividad del talento humano<\/li> <\/ul> <p>[\/vc_column_text][\/vc_accordion_tab][vc_accordion_tab title=&#8221;Calidad&#8221;][vc_column_text el_class=&#8221;acordeon-list&#8221;]<\/p> <ul> <li>Investigaci\u00f3n y desarrollo permanente<\/li> <li>Sistemas avalados por Universidades de prestigio<\/li> <li>Robusto sistema de seguridad de la informaci\u00f3n<\/li> <li>Soluciones alineadas a las mejores pr\u00e1cticas internacionales<\/li> <\/ul> <p>[\/vc_column_text][\/vc_accordion_tab][vc_accordion_tab title=&#8221;Flexibilidad&#8221; el_id=&#8221;flexibilidad&#8221;][vc_column_text el_class=&#8221;acordeon-list&#8221;]<\/p> <ul> <li>Soluciones a la medida de su organizaci\u00f3n<\/li> <li>Herramientas para cualquier dispositivo fijo o m\u00f3vil<\/li> <li>Integraci\u00f3n de diversas soluciones en una plataforma<\/li> <\/ul> <p>[\/vc_column_text][\/vc_accordion_tab][vc_accordion_tab title=&#8221;Innovaci\u00f3n&#8221; el_id=&#8221;innovacion&#8221;][vc_column_text el_class=&#8221;acordeon-list&#8221;]<\/p> <ul> <li>Mejoras permanentes a los sistemas<\/li> <li>Sistemas siempre a la vanguardia tecnol\u00f3gica y cient\u00edfica.<\/li> <li>Sistemas responsivos disponibles en cualquier dispositivo.<\/li> <\/ul> <p>[\/vc_column_text][\/vc_accordion_tab][\/vc_accordion][\/vc_column][\/vc_row][\/vc_section][vc_section css=&#8221;.vc_custom_1540851097728{padding-top: 40px !important;padding-bottom: 40px !important;}&#8221;][vc_row][vc_column offset=&#8221;vc_hidden-lg vc_hidden-md&#8221;][vc_btn title=&#8221;Solicita m\u00e1s informaci\u00f3n aqu\u00ed y con gusto te atenderemos.&#8221; color=&#8221;primary&#8221; link=&#8221;url:https%3A%2F%2Fwww.amitai.com%2Fes%2Fcontacto%2F%3Fgclid%3DEAIaIQobChMIz622nKL2iwMVMYRaBR0hcxi2EAAYASAAEgLL0_D_BwE|title:Mas%20Info|target:_blank&#8221;][vc_column_text el_class=&#8221;tit-b blue&#8221;]<\/p> <p style=\"text-align: center;\">\u00daLTIMAS NOTICIAS<\/p> <p>[\/vc_column_text][vc_column_text el_class=&#8221;tit-2 yellow noti-home&#8221;]<\/p> <p style=\"text-align: center;\">Conoce las noticias m\u00e1s recientes<\/p> <p>[\/vc_column_text][\/vc_column][\/vc_row][vc_row][vc_column offset=&#8221;vc_hidden-xs&#8221;][vc_basic_grid post_type=&#8221;post&#8221; max_items=&#8221;9&#8243; style=&#8221;pagination&#8221; items_per_page=&#8221;3&#8243; arrows_design=&#8221;vc_arrow-icon-arrow_04_left&#8221; arrows_color=&#8221;sky&#8221; paging_design=&#8221;none&#8221; loop=&#8221;yes&#8221; item=&#8221;3393&#8243; grid_id=&#8221;vc_gid:1745257827781-b3aa4c98355913ddfa8a52118e9b5f7a-3&#8243;][\/vc_column][\/vc_row][vc_row][vc_column offset=&#8221;vc_hidden-lg vc_hidden-md vc_hidden-sm&#8221;][\/vc_column][\/vc_row][\/vc_section]<\/p> <\/section>","protected":false},"excerpt":{"rendered":"<p>[vc_section][vc_row][vc_column][\/vc_column][\/vc_row][\/vc_section][vc_section full_width=&#8221;stretch_row&#8221; el_class=&#8221;sec-home2&#8243; css=&#8221;.vc_custom_1699386811234{padding-top: 50px !important;padding-bottom: 50px !important;background-color: #2078bd !important;}&#8221;][vc_row][vc_column width=&#8221;1\/4&#8243;][\/vc_column][vc_column width=&#8221;1\/2&#8243;][vc_column_text el_class=&#8221;txt-sec-home2&#8243;] Proveemos soluciones y servicios de vanguardia, alineados<\/p>\n","protected":false},"author":6,"featured_media":0,"parent":0,"menu_order":0,"comment_status":"closed","ping_status":"open","template":"","meta":{"_acf_changed":false,"footnotes":""},"class_list":["post-5902","page","type-page","status-publish","hentry"],"acf":[],"_links":{"self":[{"href":"https:\/\/www.amitai.com\/es\/wp-json\/wp\/v2\/pages\/5902","targetHints":{"allow":["GET"]}}],"collection":[{"href":"https:\/\/www.amitai.com\/es\/wp-json\/wp\/v2\/pages"}],"about":[{"href":"https:\/\/www.amitai.com\/es\/wp-json\/wp\/v2\/types\/page"}],"author":[{"embeddable":true,"href":"https:\/\/www.amitai.com\/es\/wp-json\/wp\/v2\/users\/6"}],"replies":[{"embeddable":true,"href":"https:\/\/www.amitai.com\/es\/wp-json\/wp\/v2\/comments?post=5902"}],"version-history":[{"count":11,"href":"https:\/\/www.amitai.com\/es\/wp-json\/wp\/v2\/pages\/5902\/revisions"}],"predecessor-version":[{"id":6105,"href":"https:\/\/www.amitai.com\/es\/wp-json\/wp\/v2\/pages\/5902\/revisions\/6105"}],"wp:attachment":[{"href":"https:\/\/www.amitai.com\/es\/wp-json\/wp\/v2\/media?parent=5902"}],"curies":[{"name":"wp","href":"https:\/\/api.w.org\/{rel}","templated":true}]}}