{"id":3,"date":"2018-10-25T09:14:03","date_gmt":"2018-10-25T15:14:03","guid":{"rendered":"https:\/\/www.amitai.com\/es\/?page_id=3"},"modified":"2019-10-29T11:06:50","modified_gmt":"2019-10-29T17:06:50","slug":"aviso-de-privacidad","status":"publish","type":"page","link":"https:\/\/www.amitai.com\/es\/aviso-de-privacidad\/","title":{"rendered":"Pol\u00edtica de Privacidad"},"content":{"rendered":"<section class=\"wpb-content-wrapper\"><p>[vc_row][vc_column width=&#8221;1\/6&#8243;][\/vc_column][vc_column width=&#8221;2\/3&#8243;][vc_column_text]<\/p> <h2>Aviso de Privacidad para Navegar en el Sitio<\/h2> <p>FECHA DE ULTIMA ACTUALIZACI\u00d3N: MAYO, 2016.<\/p> <p>De conformidad con lo establecido en la <strong>Ley Federal de Protecci\u00f3n de Datos Personale<\/strong>s en Posesi\u00f3n de los Particulares (en lo \u201cLey\u201d) y su <strong>Reglamento le informamos que HRD Global Solutions, Ltd. de C.V.<\/strong>, sus filiales y\/o subsidiarias (en lo sucesivo el \u201cResponsable\u201d), con domicilio en M\u00e9xico <strong>Montecito #38 WTC., Piso 32, Oficina 23, Colonia N\u00e1poles, C.P. 03100, Benito Ju\u00e1rez, Ciudad de M\u00e9xico<\/strong> (la \u201cDirecci\u00f3n de Contacto\u201d), tratar\u00e1 los datos personales que Usted como Titular nos proporcione en t\u00e9rminos del presente Aviso de Privacidad (en lo sucesivo \u201cAviso\u201d).<\/p> <p>Los datos personales recabados, ser\u00e1n tratados y resguardados con base en los principios establecidos en la Ley y su Reglamento, los cuales son: licitud, consentimiento, informaci\u00f3n, calidad, finalidad, lealtad, proporcionalidad y responsabilidad. Para cumplir con las finalidades que se mencionan en el presente Aviso, requerimos que nos proporcione los siguientes Datos Personales: Nombre completo, domicilio, tel\u00e9fono (fijo y m\u00f3vil), correo electr\u00f3nico, nacionalidad, pa\u00eds de residencia, forma en que se enter\u00f3 de nosotros.<\/p> <p>Adicionalmente, para envi\u00f3 de mayor informaci\u00f3n, un representante le pedir\u00e1 adicionalmente los siguientes datos: nombre completo, domicilio, tel\u00e9fono (fijo y m\u00f3vil) y correo electr\u00f3nico del contacto que solicita la informaci\u00f3n, nombre completo, denominaci\u00f3n o raz\u00f3n social; carta de presentaci\u00f3n, servicio o giro de la empresa en la que labora.<\/p> <p>Video Vigilancia: Le informamos que, en caso de acudir a cualquiera de las instalaciones del Responsable, podr\u00eda ser video grabado por las c\u00e1maras de seguridad que en su caso se encuentren en dichas instalaciones. Las im\u00e1genes y sonidos captados por las c\u00e1maras de video vigilancia ser\u00e1n utilizados para su seguridad y la seguridad de las dem\u00e1s personas que se encuentren dentro de las instalaciones del Responsable, sus filiales y\/o subsidiarias, as\u00ed como de sus clientes, proveedores, candidatos y empleados.<\/p> <p>El Responsable, sus filiales y\/o subsidiarias, recaban sus datos personales, con el objeto de utilizarlos para los siguientes fines:<\/p> <ol type=\"a\"> <li>Enviarle informaci\u00f3n sobre nuestros productos y servicios a) Enviarle informaci\u00f3n sobre productos y servicios.<\/li> <li>Env\u00edo de correo electr\u00f3nicos con avisos y noticias relativos a nuestros productos y servicios.<\/li> <li>Llevar el control de los clientes para su posterior registro y administraci\u00f3n en sistemas;<\/li> <li>Crear un expediente para identificarlo como cliente o cliente potencial.<\/li> <li>Para contactarlo en caso de ser necesario.<\/li> <li>Celebrar un contrato para la prestaci\u00f3n de nuestros servicios al Responsable, sus filiales y\/o subsidiarias;<\/li> <li>Env\u00edo de facturas.<\/li> <\/ol> <p>Le informamos que al ingresar sus datos por este medio, y aceptar que ha le\u00eddo los t\u00e9rminos y condiciones de este aviso de privacidad, sus datos personales ser\u00e1n transferidos dentro y fuera del pa\u00eds a la empresa HRD Global Solutions, Ltd. y\/o sus filiales, con las finalidades de resguardar sus datos de manera segura y asignar responsables para dar seguimiento a los fines antes mencionados por las empresas filiales a que corresponda. Sus datos no ser\u00e1n transferidos a terceros ajenos a nuestra empresa, a menos que sea por orden judicial.<\/p> <p>Hacemos de su conocimiento que sus datos personales ser\u00e1n resguardados bajo estrictas medidas de seguridad administrativas, t\u00e9cnicas y f\u00edsicas las cuales han sido implementadas, en t\u00e9rminos del Reglamento, con el objeto de proteger y garantizar sus datos personales contra da\u00f1o, p\u00e9rdida, alteraci\u00f3n, destrucci\u00f3n o el uso, acceso o tratamiento no autorizados. Sus datos personales ser\u00e1n recabados, por medio del portal de la p\u00e1gina web as\u00ed como mediante el uso de \u201cCookies\u201d y de \u201cWeb Beacons\u201d. Las Cookies son archivos de texto los cuales se descargan autom\u00e1ticamente y son almacenados en el disco duro del equipo de c\u00f3mputo al navegar en una p\u00e1gina de internet espec\u00edfica permitiendo recordar al servidor de internet algunos datos sobre sus preferencias para la visualizaci\u00f3n de las p\u00e1ginas en ese servidor, nombre y contrase\u00f1a. Los Web Beacons son im\u00e1genes insertadas en una p\u00e1gina de Internet o correo electr\u00f3nico, que pueden ser utilizadas\u00a0 para ubicar el comportamiento de usted mientras se encuentra en l\u00ednea, identificando informaci\u00f3n sobre la direcci\u00f3n de IP, la duraci\u00f3n del tiempo de interacci\u00f3n en dicha p\u00e1gina y el tipo de navegador utilizado, entre otros. Si desea deshabilitar las \u201cCookies\u201d o \u201cWeb Beacons\u201d.<\/p> <p>Usted podr\u00e1 revocar su consentimiento para el tratamiento de sus datos personales de la misma forma por la cual otorgo su consentimiento. Asimismo Usted tiene derecho de: (i) Acceder a sus datos personales en nuestro poder y conocer los detalles del tratamiento de los mismos, (ii) Rectificarlos en caso de ser inexactos o incompletos, (iii) Cancelarlos cuando considere que no se requieren para alguna de las finalidades se\u00f1aladas en el presente Aviso, est\u00e9n siendo utilizados para finalidades no consentidas o haya finalizado la relaci\u00f3n contractual o de servicio, u (iv) Oponerse al tratamiento de los mismos para fines espec\u00edficos, seg\u00fan lo disponga la Ley (en adelante \u201cDerechos ARCO\u201d). Para el ejercicio de sus Derechos ARCO, deber\u00e1 presentar una Solicitud (en adelante \u201cSolicitud ARCO\u201d), a la atenci\u00f3n del Oficial de Privacidad, a la Direcci\u00f3n de Contacto o al siguiente correo electr\u00f3nico: info@amitai.com acompa\u00f1ada de la siguiente informaci\u00f3n y<br \/> documentos:<\/p> <ol type=\"a\"> <li>Su nombre, domicilio y correo electr\u00f3nico para poder comunicarle la respuesta a la Solicitud ARCO;<\/li> <li>Una copia de los documentos que acrediten su identidad (copia de IFE, pasaporte o cualquier otra identificaci\u00f3n oficial) o en su caso, los documentos que acrediten su representaci\u00f3n legal, cuyo original deber\u00e1 presentar para poder recibir la respuesta del Responsable;<\/li> <li>Una descripci\u00f3n clara y precisa de los datos personales respecto de los cuales busca ejercer alguno de los Derechos ARCO;<\/li> <li>Cualquier documento o informaci\u00f3n que facilite la localizaci\u00f3n de sus datos personales;<\/li> <li>En caso de solicitar una rectificaci\u00f3n de sus datos personales, deber\u00e1 de indicar tambi\u00e9n, las modificaciones a realizarse y aportar la documentaci\u00f3n que sustente su petici\u00f3n.<\/li> <\/ol> <p>El responsable de Privacidad responder\u00e1 y dar\u00e1 seguimiento a su Solicitud de Derechos ARCO en los plazos establecidos por la Ley. De igual manera, Usted podr\u00e1 revocar su consentimiento para el tratamiento de sus datos personales siguiendo el mismo procedimiento que el mencionado para el ejercicio de sus Derechos ARCO.<\/p> <p>El Responsable se reserva el derecho de efectuar en cualquier momento modificaciones o actualizaciones al presente Aviso, en el entendido de que toda modificaci\u00f3n al mismo se har\u00e1 de su conocimiento por correo electr\u00f3nico o a trav\u00e9s de nuestra p\u00e1gina web: amitai.com Solicitamos su consentimiento expreso para el tratamiento de sus datos personales, y patrimoniales o financieros. Por favor dar elija la opci\u00f3n deseada:<\/p> <ul> <li><strong>He le\u00eddo el presente aviso y otorgo mi consentimiento para el tratamiento de mis datos en t\u00e9rminos del mismo.<\/strong><\/li> <li><strong>He le\u00eddo el presente aviso y no otorgo mi consentimiento para el tratamiento de mis datos en t\u00e9rminos del mismo.<\/strong><\/li> <\/ul> <p>[\/vc_column_text][\/vc_column][vc_column width=&#8221;1\/6&#8243;][\/vc_column][\/vc_row]<\/p> <\/section>","protected":false},"excerpt":{"rendered":"<p>[vc_row][vc_column width=&#8221;1\/6&#8243;][\/vc_column][vc_column width=&#8221;2\/3&#8243;][vc_column_text] Aviso de Privacidad para Navegar en el Sitio FECHA DE ULTIMA ACTUALIZACI\u00d3N: MAYO, 2016. De conformidad con<\/p>\n","protected":false},"author":6,"featured_media":0,"parent":0,"menu_order":0,"comment_status":"closed","ping_status":"open","template":"","meta":{"_acf_changed":false,"footnotes":""},"class_list":["post-3","page","type-page","status-publish","hentry"],"acf":[],"_links":{"self":[{"href":"https:\/\/www.amitai.com\/es\/wp-json\/wp\/v2\/pages\/3","targetHints":{"allow":["GET"]}}],"collection":[{"href":"https:\/\/www.amitai.com\/es\/wp-json\/wp\/v2\/pages"}],"about":[{"href":"https:\/\/www.amitai.com\/es\/wp-json\/wp\/v2\/types\/page"}],"author":[{"embeddable":true,"href":"https:\/\/www.amitai.com\/es\/wp-json\/wp\/v2\/users\/6"}],"replies":[{"embeddable":true,"href":"https:\/\/www.amitai.com\/es\/wp-json\/wp\/v2\/comments?post=3"}],"version-history":[{"count":6,"href":"https:\/\/www.amitai.com\/es\/wp-json\/wp\/v2\/pages\/3\/revisions"}],"predecessor-version":[{"id":1355,"href":"https:\/\/www.amitai.com\/es\/wp-json\/wp\/v2\/pages\/3\/revisions\/1355"}],"wp:attachment":[{"href":"https:\/\/www.amitai.com\/es\/wp-json\/wp\/v2\/media?parent=3"}],"curies":[{"name":"wp","href":"https:\/\/api.w.org\/{rel}","templated":true}]}}