{"id":2830,"date":"2021-02-11T09:15:09","date_gmt":"2021-02-11T15:15:09","guid":{"rendered":"https:\/\/www.amitai.com\/es\/?page_id=2830"},"modified":"2021-03-30T11:03:31","modified_gmt":"2021-03-30T17:03:31","slug":"por-que-es-importante-conocer-a-los-colaboradores-y-aliados","status":"publish","type":"page","link":"https:\/\/www.amitai.com\/es\/por-que-es-importante-conocer-a-los-colaboradores-y-aliados\/","title":{"rendered":"Por que es importante conocer a los colaboradores y aliados"},"content":{"rendered":"<section class=\"wpb-content-wrapper\"><p>[vc_row full_width=&#8221;stretch_row_content_no_spaces&#8221;][vc_column] \t\t\t<!-- START colaboladores y aliados REVOLUTION SLIDER 6.6.3 --><p class=\"rs-p-wp-fix\"><\/p> \t\t\t<rs-module-wrap id=\"rev_slider_40_1_wrapper\" data-source=\"gallery\" style=\"visibility:hidden;background:transparent;padding:0;margin:0px auto;margin-top:0;margin-bottom:0;\"> \t\t\t\t<rs-module id=\"rev_slider_40_1\" class=\"rs-ov-hidden\" style=\"\" data-version=\"6.6.3\"> \t\t\t\t\t<rs-slides style=\"overflow: hidden; position: absolute;\"> \t\t\t\t\t\t<rs-slide style=\"position: absolute;\" data-key=\"rs-50\" data-title=\"Slide\" data-anim=\"adpr:false;\"> \t\t\t\t\t\t\t<img decoding=\"async\" src=\"\/\/www.amitai.com\/es\/wp-content\/plugins\/revslider\/public\/assets\/assets\/dummy.png\" alt=\"Slide\" title=\"Por que es importante conocer a los colaboradores y aliados\" class=\"rev-slidebg tp-rs-img rs-lazyload\" data-lazyload=\"\/\/www.amitai.com\/es\/wp-content\/plugins\/revslider\/public\/assets\/assets\/transparent.png\" data-bg=\"p:center top;c:#ffffff;\" data-no-retina> <!-- \t\t\t\t\t\t\t--><rs-layer \t\t\t\t\t\t\t\tid=\"slider-40-slide-50-layer-22\"  \t\t\t\t\t\t\t\tdata-type=\"image\" \t\t\t\t\t\t\t\tdata-rsp_ch=\"on\" \t\t\t\t\t\t\t\tdata-xy=\"x:c;xo:0,0,0,-8px;yo:233px,233px,233px,152px;\" \t\t\t\t\t\t\t\tdata-text=\"l:22;a:inherit;\" \t\t\t\t\t\t\t\tdata-dim=\"w:['2020px','2020px','2020px','2020px'];h:['169px','169px','169px','169px'];\" \t\t\t\t\t\t\t\tdata-frame_0=\"tp:600;\" \t\t\t\t\t\t\t\tdata-frame_1=\"tp:600;sR:10;\" \t\t\t\t\t\t\t\tdata-frame_999=\"o:0;tp:600;st:w;sR:8690;\" \t\t\t\t\t\t\t\tstyle=\"z-index:6;\" \t\t\t\t\t\t\t><img decoding=\"async\" src=\"\/\/www.amitai.com\/es\/wp-content\/plugins\/revslider\/public\/assets\/assets\/dummy.png\" alt=\"\" class=\"tp-rs-img rs-lazyload\" width=\"1920\" height=\"265\" data-lazyload=\"\/\/www.amitai.com\/es\/wp-content\/uploads\/2021\/02\/Trazado-1714-4.jpg\" data-no-retina>  \t\t\t\t\t\t\t<\/rs-layer><!--  \t\t\t\t\t\t\t--><rs-layer \t\t\t\t\t\t\t\tid=\"slider-40-slide-50-layer-21\"  \t\t\t\t\t\t\t\tdata-type=\"image\" \t\t\t\t\t\t\t\tdata-rsp_ch=\"on\" \t\t\t\t\t\t\t\tdata-xy=\"x:l,l,l,c;xo:587px,587px,-11px,14px;yo:42px,42px,393px,258px;\" \t\t\t\t\t\t\t\tdata-text=\"l:22;a:inherit;\" \t\t\t\t\t\t\t\tdata-dim=\"w:626px,626px,801px,552px;h:404px,404px,517px,356px;\" \t\t\t\t\t\t\t\tdata-frame_0=\"tp:600;\" \t\t\t\t\t\t\t\tdata-frame_1=\"tp:600;sR:10;\" \t\t\t\t\t\t\t\tdata-frame_999=\"o:0;tp:600;st:w;sR:8690;\" \t\t\t\t\t\t\t\tstyle=\"z-index:7;\" \t\t\t\t\t\t\t><img decoding=\"async\" src=\"\/\/www.amitai.com\/es\/wp-content\/plugins\/revslider\/public\/assets\/assets\/dummy.png\" alt=\"\" class=\"tp-rs-img rs-lazyload\" width=\"872\" height=\"562\" data-lazyload=\"\/\/www.amitai.com\/es\/wp-content\/uploads\/2021\/02\/ansiedad-1.jpg\" data-no-retina>  \t\t\t\t\t\t\t<\/rs-layer><!--  \t\t\t\t\t\t\t--><rs-layer \t\t\t\t\t\t\t\tid=\"slider-40-slide-50-layer-2\"  \t\t\t\t\t\t\t\tdata-type=\"text\" \t\t\t\t\t\t\t\tdata-rsp_ch=\"on\" \t\t\t\t\t\t\t\tdata-xy=\"x:l,l,c,c;xo:46px,48px,-78px,-4px;yo:277px,270px,277px,186px;\" \t\t\t\t\t\t\t\tdata-text=\"w:normal;s:28,25,30,18;l:34,40,40,25;fw:700,600,600,600;a:center,inherit,left,left;\" \t\t\t\t\t\t\t\tdata-dim=\"w:484px,458px,547px,415px;h:auto,132px,auto,auto;\" \t\t\t\t\t\t\t\tdata-frame_0=\"tp:600;\" \t\t\t\t\t\t\t\tdata-frame_1=\"tp:600;sR:10;\" \t\t\t\t\t\t\t\tdata-frame_999=\"o:0;tp:600;st:w;sR:8690;\" \t\t\t\t\t\t\t\tstyle=\"z-index:8;font-family:'Montserrat';\" \t\t\t\t\t\t\t>Por que es importante conocer  a los colaboradores y aliados    \t\t\t\t\t\t\t<\/rs-layer><!--  \t\t\t\t\t\t\t--><rs-layer \t\t\t\t\t\t\t\tid=\"slider-40-slide-50-layer-23\"  \t\t\t\t\t\t\t\tdata-type=\"image\" \t\t\t\t\t\t\t\tdata-rsp_ch=\"on\" \t\t\t\t\t\t\t\tdata-xy=\"xo:27px,27px,35px,14px;yo:103px,103px,82px,39px;\" \t\t\t\t\t\t\t\tdata-text=\"l:22;a:inherit;\" \t\t\t\t\t\t\t\tdata-dim=\"w:509px,509px,619px,441px;h:106px,106px,129px,92px;\" \t\t\t\t\t\t\t\tdata-frame_0=\"tp:600;\" \t\t\t\t\t\t\t\tdata-frame_1=\"tp:600;st:0;\" \t\t\t\t\t\t\t\tdata-frame_999=\"o:0;tp:600;st:w;sR:8700;\" \t\t\t\t\t\t\t\tstyle=\"z-index:10;\" \t\t\t\t\t\t\t><img decoding=\"async\" src=\"\/\/www.amitai.com\/es\/wp-content\/plugins\/revslider\/public\/assets\/assets\/dummy.png\" alt=\"\" class=\"tp-rs-img rs-lazyload\" width=\"792\" height=\"165\" data-lazyload=\"\/\/www.amitai.com\/es\/wp-content\/uploads\/2021\/02\/Grupo-2440-1.jpg\" data-no-retina>  \t\t\t\t\t\t\t<\/rs-layer><!-- -->\t\t\t\t\t\t<\/rs-slide> \t\t\t\t\t<\/rs-slides> \t\t\t\t<\/rs-module> \t\t\t\t<script>\n\t\t\t\t\tsetREVStartSize({c: 'rev_slider_40_1',rl:[1240,1024,834,480],el:[],gw:[1240,1024,778,480],gh:[500,500,800,450],type:'standard',justify:'',layout:'fullwidth',mh:\"0\"});if (window.RS_MODULES!==undefined && window.RS_MODULES.modules!==undefined && window.RS_MODULES.modules[\"revslider401\"]!==undefined) {window.RS_MODULES.modules[\"revslider401\"].once = false;window.revapi40 = undefined;if (window.RS_MODULES.checkMinimal!==undefined) window.RS_MODULES.checkMinimal()}\n\t\t\t\t<\/script> \t\t\t<\/rs-module-wrap> \t\t\t<!-- END REVOLUTION SLIDER --> [\/vc_column][\/vc_row][vc_section el_class=&#8221;contenedor-pilar&#8221;][vc_row gap=&#8221;35&#8243; css=&#8221;.vc_custom_1545234163069{margin-top: 50px !important;}&#8221;][vc_column width=&#8221;2\/3&#8243; el_class=&#8221;bg-pilar&#8221;][vc_column_text el_class=&#8221;tit-2 yellow bf-y&#8221; el_id=&#8221;item-1&#8243;]<\/p> <h2><strong>\u00bfQu\u00e9 es un background check? <\/strong><\/h2> <p>[\/vc_column_text][vc_column_text]<\/p> <div class=\"zw-paragraph\" data-width=\"601\" data-textformat=\"{&quot;size&quot;:14}\"> <div class=\"zw-line-div\"> <div class=\"zw-line-content\"> <p>Todos tenemos una historia y un perfil que nos hace quienes somos. Gran parte de esta informaci\u00f3n es p\u00fablica y de inter\u00e9s para quienes interact\u00faan con nosotros. Por ejemplo, las organizaciones del Estado y compa\u00f1\u00edas del sector privado, en su mayor\u00eda revisan nuestro pasado antes de vincularnos a sus operaciones. Este proceso se conoce como validaci\u00f3n de antecedentes<\/p> <p>La validaci\u00f3n de antecedentes, o background check, por su nombre en ingl\u00e9s, es un conjunto de consultas sobre una personas para verificar su identidad, confirmar que son quienes dicen ser y de esta manera evitar cualquier tipo de fraude. El fraude es &#8220;aquella acci\u00f3n realizada por una, o varias personas, con la intenci\u00f3n clara y evidente de defraudar o generar un perjuicio a un tercero&#8221;.<\/p> <p>Estas consultas son muy frecuentes en los procesos de selecci\u00f3n de personal y constituyen una oportunidad para conocer los antecedentes judiciales y penales de las personas, informaci\u00f3n acerca de empleos anteriores y la veracidad de los grados de educaci\u00f3n que la persona presume haber alcanzado.<\/p> <p>Cualquier informaci\u00f3n adicional que sea relevante para una compa\u00f1\u00eda, como el hist\u00f3rico vehicular de una persona (si se desea contratar a un conductor, por ejemplo), tambi\u00e9n hace parte de este proceso. En t\u00e9rminos generales, se consulta y analiza toda informaci\u00f3n que pueda poner en riesgo la reputaci\u00f3n o seguridad de quien hace la consulta, con el debido consentimiento de la persona siendo examinada.<\/p> <\/div> <\/div> <\/div> <p>[\/vc_column_text][vc_column_text el_class=&#8221;tit-2 yellow bf-y&#8221; el_id=&#8221;item-2&#8243;]<\/p> <h2><strong>\u00bfC\u00f3mo se obtiene?<\/strong><\/h2> <p>[\/vc_column_text][vc_column_text]Existen dos formas principales para consultar esta informaci\u00f3n, independientemente de si eres una organizaci\u00f3n o persona natural.<\/p> <h3><strong>Consulta manual<\/strong><\/h3> <p>Existen bases de datos oficiales donde se pueden validar los antecedentes policiales o causas penales de una persona. Usualmente, basta con ingresar a cada p\u00e1gina web de estas entidades y descargar la informaci\u00f3n disponible con previa autorizaci\u00f3n de la persona o compa\u00f1\u00eda a consultar. Si es una auto b\u00fasqueda, debes confirmar ser el titular de la informaci\u00f3n.<\/p> <p>Este proceso puede ser un poco lento, porque requiere ingresar a cada base de datos por separado. Es posible agilizar el proceso si m\u00faltiples personas lo hacen para cada verificaci\u00f3n.<\/p> <p><em>Algunas de las bases de datos p\u00fablicas en Latinoam\u00e9rica son:<\/em><\/p> <p><em>Procuradur\u00eda General de la Naci\u00f3n (Colombia)<\/em><\/p> <p><em>Registradur\u00eda Nacional del Estado Civil (Colombia)<\/em><\/p> <p><em>Registro Nacional de Poblaci\u00f3n &#8211; RENAPO (M\u00e9xico)<\/em><\/p> <p><em>Registro P\u00fablico Vehicular &#8211; REPUVE (M\u00e9xico)<\/em><\/p> <p><em>Receita Federal (Brasil)<\/em><\/p> <p><em>Servicio de Registro Civil e Identificaci\u00f3n (Chile)<\/em><\/p> <p><em>Registro Nacional de Identificaci\u00f3n y Estado Civil &#8211; RENIEC (Per\u00fa)<\/em><\/p> <p><em>Direcci\u00f3n General de Registro Civil (Ecuador)<\/em><\/p> <p><em>Las bases internacionales incluyen:<\/em><\/p> <p><em>OFAC &#8211; Lista Clinton (EEUU)<\/em><\/p> <p><em>Interpol (Global)<\/em><\/p> <p><em>FBI (EEUU)<\/em><\/p> <h3><strong>Consulta por terceros<\/strong><\/h3> <p>Contrataci\u00f3n de equipo de consultas<\/p> <p>Existen compa\u00f1\u00edas que ya tienen equipos especializados y destinados exclusivamente a realizar estas b\u00fasquedas. Es posible contratar sus servicios para varias validaciones y ellos env\u00edan la informaci\u00f3n solicitada. Este proceso puede tardar un par de d\u00edas.[\/vc_column_text][vc_column_text el_class=&#8221;tit-2 yellow bf-y&#8221; el_id=&#8221;item-3&#8243;]<\/p> <h2><strong>\u00bfPor qu\u00e9 es importante?<\/strong><\/h2> <p>[\/vc_column_text][vc_column_text]Hoy m\u00e1s que nunca es importante llevar a cabo procesos de validaci\u00f3n de antecedentes o background check como medida preventiva para tener la tranquilidad de que las personas con las que interactuamos son quienes dicen ser. Evitar que el fraude toque las puertas de nuestras organizaciones, nuestros hogares y nuestras vidas es posible si se tomas estas precauciones.[\/vc_column_text][vc_column_text el_class=&#8221;tit-2 yellow bf-y&#8221; el_id=&#8221;item-4&#8243;]<\/p> <h2><strong>\u00bfC\u00f3mo impacta la tecnolog\u00eda al \u00e1mbito legal?<\/strong><\/h2> <p>[\/vc_column_text][vc_column_text]Un abogado no podr\u00eda ser sustituido por una m\u00e1quina, no obstante, los cambios contin\u00faan y quienes no est\u00e9n preparados tendr\u00e1n pocas posibilidades de sobrevivir en el mercado legal.<\/p> <p>Por Juan Francisco Torres Landa R.*<\/p> <p>Es un hecho innegable que, en veinte, quince o quiz\u00e1 diez a\u00f1os, seremos testigos de nuevas tecnolog\u00edas que hoy no podemos ni imaginar. Nuestros trabajos, empresas e incluso nuestro d\u00eda a d\u00eda ser\u00e1n diferentes a lo que ahora son. La innovaci\u00f3n no s\u00f3lo cambiar\u00e1 el presente, sino que marcar\u00e1 nuestro camino al futuro, modificando las operaciones de un sinf\u00edn de sectores clave, entre ellos, el entorno legal.<\/p> <p>Si reflexionamos un poco, tal vez quepa el preguntarnos: \u00bfpor qu\u00e9 innovar? Afortunadamente, la respuesta, adem\u00e1s de sencilla es casi intr\u00ednseca: para crecer, reinventarnos, y crear ideas, soluciones y productos cada vez m\u00e1s eficientes, efectivos y creativos. Y en ese sentido, \u00bfc\u00f3mo podr\u00edan impactar las nuevas tecnolog\u00edas en el sector legal?<\/p> <p>De acuerdo con la Sociedad Legal del Reino Unido, en unos a\u00f1os la innovaci\u00f3n ser\u00e1 parte del ADN corporativo de los principales proveedores de servicios jur\u00eddicos, previendo desde ahora la necesidad de evolucionar o incluso reinventar los procesos legales. Entre las que m\u00e1s impacto tendr\u00e1n en el sector durante los pr\u00f3ximos a\u00f1os se encuentran:<\/p> <p>La automatizaci\u00f3n de procesos. Una de las consecuencias m\u00e1s conocidas y esperadas de la innovaci\u00f3n tecnol\u00f3gica. Lo anterior, ya que, mediante la substituci\u00f3n de tareas hasta ahora desarrolladas por seres humanos, tanto despachos de abogados como empresas de diferentes sectores, eficientar\u00e1n costos y ahorrar\u00e1n tiempo, eliminando el \u201cerror humano\u201d de la ecuaci\u00f3n, y aumentando la productividad.<\/p> <p>Inteligencia artificial y aprendizaje autom\u00e1tico (machine learning). El aprendizaje autom\u00e1tico, basado en una serie de algoritmos, probablemente se volver\u00e1 un elemento importante para la preparaci\u00f3n de datos y an\u00e1lisis predictivos. En este sentido, la automatizaci\u00f3n de datos no es nada nuevo, siendo que ya son muchos los despachos que utilizan esta tecnolog\u00eda. Sin embargo, \u00e9sta continuar\u00e1 evolucionando, y en no mucho tiempo permitir\u00e1 la creaci\u00f3n de contratos y otros documentos legales que previamente requer\u00edan el conocimiento o intervenci\u00f3n de un equipo de abogados.<\/p> <p>Asistentes virtuales y procesamiento de lenguajes naturales. Actualmente, los despachos de abogados ya utilizan software creado a base de inteligencia artificial para interactuar de forma m\u00e1s eficiente con los usuarios. Los asistentes virtuales, en muchos casos tienen el potencial de mejorar el servicio al cliente al tiempo que reducen costos; ayudando con preguntas frecuentes, dirigiendo a clientes potenciales al sitio web o incluso dirigiendo preguntas a las personas adecuadas en el despacho, ahorrando tiempo tanto de los clientes como del personal.<\/p> <p>Por otro lado, el procesamiento de lenguajes naturales (natural language processing o NLP), ser\u00e1 un elemento clave de los asistentes virtuales, ya que se refiere a la forma en que se agilizar\u00e1 y generalizar\u00e1 la comunicaci\u00f3n entre personas y m\u00e1quinas.<\/p> <p>Hablar sobre innovaci\u00f3n tecnol\u00f3gica y de todas las herramientas que nos proporcionar\u00e1n, nos obliga a hacer frente a una de las preguntas y preocupaciones m\u00e1s comunes:[\/vc_column_text][vc_column_text el_class=&#8221;tit-2 yellow bf-y&#8221; el_id=&#8221;item-5&#8243;]<\/p> <h2><strong>\u00bfPodr\u00eda la inteligencia artificial substituir a los abogados?<\/strong><\/h2> <p>[\/vc_column_text][vc_column_text]A pesar de los cambios disruptivos que se esperan en materia de innovaci\u00f3n tecnol\u00f3gica en el sector durante los pr\u00f3ximos a\u00f1os, el rol de un abogado dif\u00edcilmente podr\u00eda ser sustituido \u00edntegramente por una m\u00e1quina. Como ya dijimos antes, s\u00ed habr\u00e1 un impacto en muchas tareas en que las m\u00e1quinas se volver\u00e1n m\u00e1s eficientes que los equipos de trabajo. En este sentido, debemos ver el lado bueno de la tecnolog\u00eda, y aprovechar todos los beneficios que \u00e9sta puede ofrecernos. Especialmente porque en M\u00e9xico a\u00fan tenemos mucho por aprender cuando se trata de innovaci\u00f3n tecnol\u00f3gica.<\/p> <p>Y entonces, \u00bfya est\u00e1n listos para los cambios que traer\u00e1 la tecnolog\u00eda a sus vidas y al sistema legal? Lo \u00fanico seguro es que los cambios vienen y quienes no est\u00e9n listos para tomar ventaja ser\u00e1n marginados y dejados atr\u00e1s con pocas posibilidades de supervivencia ante la creciente competencia y sofisticaci\u00f3n que se generar\u00e1 en los mercados legales de todos los pa\u00edses.<\/p> <blockquote><p>Las opiniones expresadas son s\u00f3lo responsabilidad de sus autores y son completamente independientes de la postura y la l\u00ednea editorial de Forbes M\u00e9xico.<\/p><\/blockquote> <p>[\/vc_column_text][vc_column_text el_class=&#8221;tit-2 yellow bf-y&#8221; el_id=&#8221;item-6&#8243;]<\/p> <h2><strong>La legaltech, en beneficio de la automatizaci\u00f3n de procesos<\/strong><\/h2> <p>[\/vc_column_text][vc_column_text]Reducir costos y aumentar la productividad son las principales prioridades para cualquier empresario o compa\u00f1\u00eda. Actualmente, los avances tecnol\u00f3gicos pueden potenciar en gran medida nuevas y mejores formas de productividad que generen tales ahorros. Parece que por ello es cada d\u00eda m\u00e1s recurrente que compa\u00f1\u00edas de todo tama\u00f1o instauren l\u00edderes que asuman el cargo de director de Innovaci\u00f3n o Chief Innovation Officer.<\/p> <p>Ya sea con la ayuda de un software de rob\u00f3tica (robotic process automation o RPA), o mejor a\u00fan, con la implementaci\u00f3n de inteligencia artificial, las posibilidades de lograr eficiencias a trav\u00e9s de la automatizaci\u00f3n de procesos se multiplican y el escenario jur\u00eddico no es la excepci\u00f3n. La actividad tecnol\u00f3gica ha adquirido tambi\u00e9n un rol fundamental para el ofrecimiento de los servicios que actualmente los abogados estamos obligados a brindar: la llamada legaltech debe y puede contribuir en beneficio del sector p\u00fablico y privado.<\/p> <p>En comparaci\u00f3n con la Uni\u00f3n Europea, la regi\u00f3n con m\u00e1s cap\u00edtulos de innovaci\u00f3n en materia de automatizaci\u00f3n de procesos (la Carta \u00c9tica Europea sobre el uso de la inteligencia artificial en los sistemas digitales y su entorno, que el pasado diciembre la Comisi\u00f3n Europea adopt\u00f3, as\u00ed lo demuestra), en M\u00e9xico uno de los terrenos en los cuales resulta fundamental incursionar con los servicios legales tecnol\u00f3gicos es la automatizaci\u00f3n de procesos. Para ello, resulta necesario generar y promover nuevos h\u00e1bitos, estrategias y habilidades que permitan digitalizar las operaciones legales. Ya sea al interior de una firma legal, o bien, con los equipos jur\u00eddicos in house de las empresas, actividades habituales de un abogado, tales como crear o analizar un contrato, celebrar y firmar acuerdos, revisar documentos o intentar resolver disputas en l\u00ednea sin duda pueden ser automatizadas con la ayuda de la tecnolog\u00eda.<\/p> <p>Pero \u00bfcu\u00e1les son los beneficios reales de asumir la tecnolog\u00eda en el sector legal? Pues bien, el primero y m\u00e1s relevante: la productividad, que consecuentemente desemboca en la reducci\u00f3n de costos. Realizar m\u00e1s en menos tiempo favorecer\u00e1 siempre al cliente interno o externo. De la misma forma, estandarizar actividades es otro beneficio que provee la automatizaci\u00f3n, a la vez que dichas funciones pueden ser realizadas por un equipo o fuerza de trabajo digital. Finalmente, otro beneficio clave que se obtiene con la automatizaci\u00f3n tecnol\u00f3gica, es que cualquier proceso \u2014incluido uno legal\u2014 es verificable, lo que supone tambi\u00e9n que tales procesos dan lugar a servicios de mayor calidad.<\/p> <p>Quienes nos dedicamos a la labor legal debemos asociarnos con la tecnolog\u00eda, reconocerla como nuestro principal aliado. En la medida en que nuestros clientes se vuelven m\u00e1s sofisticados estamos obligados a crear y dise\u00f1ar soluciones y herramientas que posibiliten la automatizaci\u00f3n de procesos. No debemos temer a la tecnolog\u00eda, hay que transformarnos. Estimular la innovaci\u00f3n en el sector legal es parte fundamental para la revoluci\u00f3n de los servicios que los abogados ofertamos. Podr\u00eda pensarse que la automatizaci\u00f3n de procesos elimina roles tradicionales en cualquier profesi\u00f3n, incluida la legal. Sin embargo, los beneficios que se obtienen son mayores. Despu\u00e9s de todo, los abogados debemos tener certeza que aquello que se puede automatizar en la esfera jur\u00eddica es el conocimiento expl\u00edcito de las leyes que se expresan o definen en palabras y n\u00fameros; el conocimiento t\u00e1cito y la intuici\u00f3n que se obtiene a partir de la experiencia personal sin duda siempre requerir\u00e1n de un cerebro legal humano de alta calidad.[\/vc_column_text][vc_raw_html]JTNDYSUyMGNsYXNzJTNEJTIyYm50LXRhYmxhJTIyJTNFJTBBJTNDaW1nJTIwc3JjJTNEJTIyaHR0cHMlM0ElMkYlMkZ3d3cuYW1pdGFpLmNvbSUyRmVzJTJGd3AtY29udGVudCUyRnVwbG9hZHMlMkYyMDIxJTJGMDIlMkZHcnVwby0yNDQwLnBuZyUyMiUzRSUwQSUzQyUyRmElM0U=[\/vc_raw_html][\/vc_column][vc_column width=&#8221;1\/3&#8243; el_class=&#8221;tabla-contenido&#8221;][vc_column_text el_class=&#8221;tabla-contenido-lista&#8221;]<\/p> <h3>Tabla de Contenidos<\/h3> <ul> <li><a title=\"\u00bfQu\u00e9 es un background check?\" href=\"#item-1\" name=\"\u00bfQu\u00e9 es un background check?\">\u00bfQu\u00e9 es un backgroun check? <\/a><\/li> <li><a title=\"\u00bfC\u00f3mo se obtiene?\" href=\"#item-2\" name=\"\u00bfC\u00f3mo se obtiene? \">\u00bfC\u00f3mo se obtiene?<br \/> <\/a><\/li> <li><a title=\"\u00bfpor qu\u00e9 es importante?\" href=\"#item-3\" name=\"\u00bfpor qu\u00e9 es importante? \">\u00bfpor qu\u00e9 es importante? <\/a><\/li> <li><a title=\"\u00bfC\u00f3mo impacta la tecnolog\u00eda al \u00e1mbito legal?\" href=\"#item-4\" name=\"\u00bfC\u00f3mo impacta la tecnolog\u00eda al \u00e1mbito legal?\">\u00bfC\u00f3mo impacta la tecnolog\u00eda al \u00e1mbito legal?<\/a><\/li> <li><a title=\"\u00bfPodr\u00eda la inteligencia artificial substituir a los abogados?\" href=\"#item-5\" name=\"\u00bfPodr\u00eda la inteligencia artificial substituir a los abogados?\">\u00bfPodr\u00eda la inteligencia artificial substituir a los abogados?<\/a><\/li> <li><a title=\"La legaltech, en beneficio de la automatizaci\u00f3n de procesos \" href=\"#item-6\" name=\"La legaltech, en beneficio de la automatizaci\u00f3n de procesos \">La legaltech, en beneficio de la automatizaci\u00f3n de procesos<\/a><\/li> <\/ul> <p><a class=\"btn-dentro-lista\" href=\"https:\/\/www.amitai.com\/es\/landing-background-check\/\">Solicita una Prueba Gratis<\/a>[\/vc_column_text][vc_column_text el_class=&#8221;btn-rojo-degradado&#8221;]<a href=\"https:\/\/www.amitai.com\/es\/landing-background-check\/\">Solicita una Prueba Gratis<\/a>[\/vc_column_text][\/vc_column][\/vc_row][\/vc_section]<\/p> <\/section>","protected":false},"excerpt":{"rendered":"<p>[vc_row full_width=&#8221;stretch_row_content_no_spaces&#8221;][vc_column][\/vc_column][\/vc_row][vc_section el_class=&#8221;contenedor-pilar&#8221;][vc_row gap=&#8221;35&#8243; css=&#8221;.vc_custom_1545234163069{margin-top: 50px !important;}&#8221;][vc_column width=&#8221;2\/3&#8243; el_class=&#8221;bg-pilar&#8221;][vc_column_text el_class=&#8221;tit-2 yellow bf-y&#8221; el_id=&#8221;item-1&#8243;] \u00bfQu\u00e9 es un background check? [\/vc_column_text][vc_column_text] Todos<\/p>\n","protected":false},"author":6,"featured_media":713,"parent":0,"menu_order":0,"comment_status":"closed","ping_status":"closed","template":"","meta":{"_acf_changed":false,"footnotes":""},"class_list":["post-2830","page","type-page","status-publish","has-post-thumbnail","hentry"],"acf":[],"_links":{"self":[{"href":"https:\/\/www.amitai.com\/es\/wp-json\/wp\/v2\/pages\/2830","targetHints":{"allow":["GET"]}}],"collection":[{"href":"https:\/\/www.amitai.com\/es\/wp-json\/wp\/v2\/pages"}],"about":[{"href":"https:\/\/www.amitai.com\/es\/wp-json\/wp\/v2\/types\/page"}],"author":[{"embeddable":true,"href":"https:\/\/www.amitai.com\/es\/wp-json\/wp\/v2\/users\/6"}],"replies":[{"embeddable":true,"href":"https:\/\/www.amitai.com\/es\/wp-json\/wp\/v2\/comments?post=2830"}],"version-history":[{"count":8,"href":"https:\/\/www.amitai.com\/es\/wp-json\/wp\/v2\/pages\/2830\/revisions"}],"predecessor-version":[{"id":3149,"href":"https:\/\/www.amitai.com\/es\/wp-json\/wp\/v2\/pages\/2830\/revisions\/3149"}],"wp:featuredmedia":[{"embeddable":true,"href":"https:\/\/www.amitai.com\/es\/wp-json\/wp\/v2\/media\/713"}],"wp:attachment":[{"href":"https:\/\/www.amitai.com\/es\/wp-json\/wp\/v2\/media?parent=2830"}],"curies":[{"name":"wp","href":"https:\/\/api.w.org\/{rel}","templated":true}]}}