{"id":2760,"date":"2021-02-10T09:20:27","date_gmt":"2021-02-10T15:20:27","guid":{"rendered":"https:\/\/www.amitai.com\/es\/?page_id=2760"},"modified":"2022-08-18T09:49:41","modified_gmt":"2022-08-18T15:49:41","slug":"gracias-landing-e-thics-learning","status":"publish","type":"page","link":"https:\/\/www.amitai.com\/es\/gracias-landing-e-thics-learning\/","title":{"rendered":"Gracias Landing E-thics Learning"},"content":{"rendered":"<section class=\"wpb-content-wrapper\"><p>[vc_row full_width=&#8221;stretch_row_content_no_spaces&#8221;][vc_column][rev_slider_vc alias=&#8221;gracias-landing-e-thics&#8221;][\/vc_column][\/vc_row][vc_section full_width=&#8221;stretch_row&#8221; el_class=&#8221;sec-home2&#8243; css=&#8221;.vc_custom_1612970709044{padding-top: 50px !important;padding-bottom: 50px !important;background-color: #f0eefb !important;}&#8221;][vc_row][vc_column][vc_column_text el_class=&#8221;txt-sec-home2&#8243;]<\/p> <h3>Conoce nuestras soluciones y servicios de vanguardia, alineados a las mejores pr\u00e1cticas a nivel internacional para la efectiva implementaci\u00f3n de programas de Integridad, \u00c9tica y Cumplimiento.<\/h3> <p>[\/vc_column_text][\/vc_column][\/vc_row][vc_row gap=&#8221;35&#8243;][vc_column width=&#8221;1\/2&#8243; offset=&#8221;vc_hidden-sm vc_hidden-xs&#8221;][vc_column_text el_class=&#8221;txt2-box-home-2 honestidad&#8221;]<\/p> <div class=\"prov-box-ico\"><img decoding=\"async\" class=\"size-full wp-image-2368 alignnone\" src=\"https:\/\/www.amitai.com\/es\/wp-content\/uploads\/2021\/01\/Grupo-971.png\" alt=\"\" width=\"150\" height=\"150\" \/><\/div> <div class=\"prov-box-txt\"> <h3>AMITAI\u00ae<br \/> <strong>Honestidad<\/strong><\/h3> <p>Reduce riesgos de robo, soborno, acoso sexual, fraude, deslealtad etc. en tu organizaci\u00f3n, evaluando eficazmente la honestidad de candidatos y colaboradores.<br \/> L\u00edderes en Latinoam\u00e9rica, con millones de evaluaciones en m\u00e1s de 15 pa\u00edses.<\/p> <p><a class=\"btn-box-home\" href=\"https:\/\/www.amitai.com\/es\/honestidad\/\"><img decoding=\"async\" class=\"alignnone\" src=\"https:\/\/www.amitai.com\/es\/wp-content\/uploads\/2021\/01\/flecha1.png\" alt=\"\" width=\"28\" height=\"29\" \/><\/a><\/p> <\/div> <p>[\/vc_column_text][\/vc_column][vc_column width=&#8221;1\/2&#8243; offset=&#8221;vc_hidden-sm vc_hidden-xs&#8221;][vc_column_text el_class=&#8221;txt2-box-home-2 esurvey&#8221;]<\/p> <div class=\"prov-box-ico\"><img decoding=\"async\" class=\"wp-image-2370 size-full alignnone\" src=\"https:\/\/www.amitai.com\/es\/wp-content\/uploads\/2021\/01\/Grupo-114.png\" alt=\"\" width=\"149\" height=\"149\" \/><\/div> <div class=\"prov-box-txt\"> <h3>AMITAI\u00ae<br \/> <strong>E-Survey<\/strong><\/h3> <p>Encuesta de clima laboral totalmente flexible a las necesidades de medici\u00f3n en tu empresa y disponible online 24\/365. Reportes sencillos de interpretar que brindan recomendaciones de mejora al interior de tu organizaci\u00f3n.<\/p> <p><a class=\"btn-box-home\" href=\"https:\/\/www.amitai.com\/es\/encuesta-etica-cultura-organizacional\/\"><img decoding=\"async\" class=\"alignnone\" src=\"https:\/\/www.amitai.com\/es\/wp-content\/uploads\/2021\/01\/fsdf.png\" alt=\"\" width=\"28\" height=\"29\" \/><\/a><\/p> <\/div> <p>[\/vc_column_text][\/vc_column][\/vc_row][vc_row gap=&#8221;35&#8243;][vc_column width=&#8221;1\/2&#8243; offset=&#8221;vc_hidden-sm vc_hidden-xs&#8221;][vc_column_text el_class=&#8221;txt2-box-home-2 integriline&#8221;]<\/p> <div class=\"prov-box-ico\"><img decoding=\"async\" class=\"wp-image-2369 size-full alignnone\" src=\"https:\/\/www.amitai.com\/es\/wp-content\/uploads\/2021\/01\/Grupo-103.png\" alt=\"\" width=\"150\" height=\"150\" \/><\/div> <div class=\"prov-box-txt\"> <h3>AMITAI\u00ae<br \/> <strong>Integri-Line<\/strong><\/h3> <p>Implementa la denuncia an\u00f3nima en tu empresa de manera sencilla, segura y disponible 24\/7. Gestiona quejas o reportes de incidentes en tu empresa con una soluci\u00f3n totalmente an\u00f3nima y de f\u00e1cil manejo.<\/p> <p><a class=\"btn-box-home\" href=\"https:\/\/www.amitai.com\/es\/integri-line\/\"><img decoding=\"async\" class=\"alignnone\" src=\"https:\/\/www.amitai.com\/es\/wp-content\/uploads\/2021\/01\/gfsdf.png\" alt=\"\" width=\"28\" height=\"29\" \/><\/a><\/p> <\/div> <p>[\/vc_column_text][\/vc_column][vc_column width=&#8221;1\/2&#8243; offset=&#8221;vc_hidden-sm vc_hidden-xs&#8221;][vc_column_text el_class=&#8221;txt2-box-home-2 ethics&#8221;]<\/p> <div class=\"prov-box-ico\"><img decoding=\"async\" class=\"wp-image-2371 size-full alignnone\" src=\"https:\/\/www.amitai.com\/es\/wp-content\/uploads\/2021\/01\/Grupo-128.png\" alt=\"\" width=\"149\" height=\"149\" \/><\/div> <div class=\"prov-box-txt\"> <h3>AMITAI\u00ae<br \/> <strong>E-thics Learning<\/strong><\/h3> <p>Capacitaciones 100% en l\u00ednea sobre \u00e9tica y cumplimiento, en pro del desarrollo \u00e9tico empresarial. Fortalece los principios organizacionales de tu empresa y promueve la mejora continua.<\/p> <p><a class=\"btn-box-home\" href=\"https:\/\/www.amitai.com\/es\/e-thics-learning\/\"><img decoding=\"async\" src=\"https:\/\/www.amitai.com\/es\/wp-content\/uploads\/2021\/01\/sfdgdrnhj.png\" \/><\/a><\/p> <\/div> <p>[\/vc_column_text][\/vc_column][\/vc_row][vc_row gap=&#8221;35&#8243;][vc_column width=&#8221;1\/2&#8243; offset=&#8221;vc_hidden-sm vc_hidden-xs&#8221;][vc_column_text el_class=&#8221;txt2-box-home-2 background&#8221;]<\/p> <div class=\"prov-box-ico\"><img decoding=\"async\" class=\"wp-image-2372 size-full alignnone\" src=\"https:\/\/www.amitai.com\/es\/wp-content\/uploads\/2021\/01\/Grupo-138.png\" alt=\"\" width=\"149\" height=\"149\" \/><\/div> <div class=\"prov-box-txt\"> <h3>AMITAI\u00ae<br \/> <strong>Background Check<\/strong><\/h3> <p>Verificaci\u00f3n de antecedentes elaborados con inteligencia artificial y revisados por abogados expertos mexicanos. Reportes con informaci\u00f3n relevante (sin hom\u00f3nimos), f\u00e1cil de digerir y en tiempo real sin costos adicionales.<\/p> <p><a class=\"btn-box-home\" href=\"https:\/\/www.amitai.com\/es\/background-check\/\"><img decoding=\"async\" src=\"https:\/\/www.amitai.com\/es\/wp-content\/uploads\/2021\/01\/zsdfn.png\" \/><\/a><\/p> <\/div> <p>[\/vc_column_text][\/vc_column][vc_column width=&#8221;1\/2&#8243; offset=&#8221;vc_hidden-sm vc_hidden-xs&#8221;][vc_column_text el_class=&#8221;txt2-box-home-2 comunik&#8221;]<\/p> <div class=\"prov-box-ico\"><img decoding=\"async\" class=\"wp-image-2373 size-full alignnone\" src=\"https:\/\/www.amitai.com\/es\/wp-content\/uploads\/2021\/01\/Grupo-150.png\" alt=\"\" width=\"150\" height=\"150\" \/><\/div> <div class=\"prov-box-txt\"> <h3>AMITAI\u00ae<br \/> <strong>CommuniK-T<\/strong><\/h3> <p>App de comunicaci\u00f3n y conocimiento corporativo, personalizable con contenido segmentado, evaluaci\u00f3n, encuestas y contacto en realtime. Interacci\u00f3n entre usuarios y opci\u00f3n de b\u00fasqueda.<\/p> <p><a class=\"btn-box-home\" href=\"https:\/\/www.amitai.com\/es\/communik-t\/\"><img decoding=\"async\" src=\"https:\/\/www.amitai.com\/es\/wp-content\/uploads\/2021\/01\/tyjyuj.png\" \/><\/a><\/p> <\/div> <p>[\/vc_column_text][\/vc_column][\/vc_row][\/vc_section][vc_section][vc_row el_class=&#8221;responsive-slide-soluciones&#8221;][vc_column offset=&#8221;vc_hidden-lg vc_hidden-md&#8221;]<div id=\"ult-carousel-310589895669f207e6f3962\" class=\"ult-carousel-wrapper   ult_horizontal\" data-gutter=\"15\" data-rtl=\"false\" ><div class=\"ult-carousel-89771868369f207e6f369e\" >[vc_column_text el_class=&#8221;txt2-box-home-2 honestidad&#8221;]<\/p> <div class=\"prov-box-ico\"><img decoding=\"async\" class=\"size-full wp-image-2368 alignnone\" src=\"https:\/\/www.amitai.com\/es\/wp-content\/uploads\/2021\/01\/Grupo-971.png\" alt=\"\" width=\"150\" height=\"150\" \/><\/div> <div class=\"prov-box-txt\"> <h3>AMITAI\u00ae<br \/> <strong>Honestidad<\/strong><\/h3> <p><strong>Reduce riesgos de robo, soborno, acoso sexual, fraude, deslealtad<\/strong> etc. en tu organizaci\u00f3n, evaluando eficazmente la honestidad de candidatos y colaboradores.<br \/> L\u00edderes en Latinoam\u00e9rica, con millones de evaluaciones en m\u00e1s de 15 pa\u00edses.<\/p> <p><a class=\"btn-box-home\" href=\"https:\/\/www.amitai.com\/es\/honestidad\/\"><img decoding=\"async\" class=\"alignnone\" src=\"https:\/\/www.amitai.com\/es\/wp-content\/uploads\/2021\/01\/flecha1.png\" alt=\"\" width=\"28\" height=\"29\" \/><\/a><\/p> <\/div> <p>[\/vc_column_text][vc_column_text el_class=&#8221;txt2-box-home-2 esurvey&#8221;]<\/p> <div class=\"prov-box-ico\"><img decoding=\"async\" class=\"wp-image-2370 size-full alignnone\" src=\"https:\/\/www.amitai.com\/es\/wp-content\/uploads\/2021\/01\/Grupo-114.png\" alt=\"\" width=\"149\" height=\"149\" \/><\/div> <div class=\"prov-box-txt\"> <h3>AMITAI\u00ae<br \/> <strong>E-Survey<\/strong><\/h3> <p><strong>Encuesta de clima laboral<\/strong> totalmente flexible a las necesidades de medici\u00f3n en tu empresa y disponible online 24\/365. Reportes sencillos de interpretar que brindan recomendaciones de mejora al interior de tu organizaci\u00f3n.<\/p> <p><a class=\"btn-box-home\" href=\"https:\/\/www.amitai.com\/es\/encuesta-etica-cultura-organizacional\/\"><img decoding=\"async\" class=\"alignnone\" src=\"https:\/\/www.amitai.com\/es\/wp-content\/uploads\/2021\/01\/fsdf.png\" alt=\"\" width=\"28\" height=\"29\" \/><\/a><\/p> <\/div> <p>[\/vc_column_text][vc_column_text el_class=&#8221;txt2-box-home-2 integriline&#8221;]<\/p> <div class=\"prov-box-ico\"><img decoding=\"async\" class=\"wp-image-2369 size-full alignnone\" src=\"https:\/\/www.amitai.com\/es\/wp-content\/uploads\/2021\/01\/Grupo-103.png\" alt=\"\" width=\"150\" height=\"150\" \/><\/div> <div class=\"prov-box-txt\"> <h3>AMITAI\u00ae<br \/> <strong>Integri-Line<\/strong><\/h3> <p><strong>Implementa la denuncia an\u00f3nima en tu empresa<\/strong> de manera sencilla, segura y disponible 24\/7. Gestiona quejas o reportes de incidentes en tu empresa con una soluci\u00f3n totalmente an\u00f3nima y de f\u00e1cil manejo.<\/p> <p><a class=\"btn-box-home\" href=\"https:\/\/www.amitai.com\/es\/integri-line\/\"><img decoding=\"async\" class=\"alignnone\" src=\"https:\/\/www.amitai.com\/es\/wp-content\/uploads\/2021\/01\/gfsdf.png\" alt=\"\" width=\"28\" height=\"29\" \/><\/a><\/p> <\/div> <p>[\/vc_column_text][vc_column_text el_class=&#8221;txt2-box-home-2 ethics&#8221;]<\/p> <div class=\"prov-box-ico\"><img decoding=\"async\" class=\"wp-image-2371 size-full alignnone\" src=\"https:\/\/www.amitai.com\/es\/wp-content\/uploads\/2021\/01\/Grupo-128.png\" alt=\"\" width=\"149\" height=\"149\" \/><\/div> <div class=\"prov-box-txt\"> <h3>AMITAI\u00ae<br \/> <strong>E-thics Learning<\/strong><\/h3> <p><strong>Capacitaciones 100% en l\u00ednea sobre \u00e9tica y cumplimiento<\/strong>, en pro del desarrollo \u00e9tico empresarial. Fortalece los principios organizacionales de tu empresa y promueve la mejora continua.<\/p> <p><a class=\"btn-box-home\" href=\"https:\/\/www.amitai.com\/es\/e-thics-learning\/\"><img decoding=\"async\" src=\"https:\/\/www.amitai.com\/es\/wp-content\/uploads\/2021\/01\/sfdgdrnhj.png\" \/><\/a><\/p> <\/div> <p>[\/vc_column_text][vc_column_text el_class=&#8221;txt2-box-home-2 background&#8221;]<\/p> <div class=\"prov-box-ico\"><img decoding=\"async\" class=\"wp-image-2372 size-full alignnone\" src=\"https:\/\/www.amitai.com\/es\/wp-content\/uploads\/2021\/01\/Grupo-138.png\" alt=\"\" width=\"149\" height=\"149\" \/><\/div> <div class=\"prov-box-txt\"> <h3>AMITAI\u00ae<br \/> <strong>Background Check<\/strong><\/h3> <p><strong>Verificaci\u00f3n de antecedentes<\/strong> elaborados con inteligencia artificial y revisados por abogados expertos mexicanos. Reportes con informaci\u00f3n relevante (sin hom\u00f3nimos), f\u00e1cil de digerir y en tiempo real sin costos adicionales.<\/p> <p><a class=\"btn-box-home\" href=\"https:\/\/www.amitai.com\/es\/background-check\/\"><img decoding=\"async\" src=\"https:\/\/www.amitai.com\/es\/wp-content\/uploads\/2021\/01\/zsdfn.png\" \/><\/a><\/p> <\/div> <p>[\/vc_column_text][vc_column_text el_class=&#8221;txt2-box-home-2 comunik&#8221;]<\/p> <div class=\"prov-box-ico\"><img decoding=\"async\" class=\"wp-image-2373 size-full alignnone\" src=\"https:\/\/www.amitai.com\/es\/wp-content\/uploads\/2021\/01\/Grupo-150.png\" alt=\"\" width=\"150\" height=\"150\" \/><\/div> <div class=\"prov-box-txt\"> <h3>AMITAI\u00ae<br \/> <strong>CommuniK-T<\/strong><\/h3> <p><strong>App de comunicaci\u00f3n y conocimiento corporativo<\/strong>, personalizable con contenido segmentado, evaluaci\u00f3n, encuestas y contacto en realtime. Interacci\u00f3n entre usuarios y opci\u00f3n de b\u00fasqueda.<\/p> <p><a class=\"btn-box-home\" href=\"https:\/\/www.amitai.com\/es\/communik-t\/\"><img decoding=\"async\" src=\"https:\/\/www.amitai.com\/es\/wp-content\/uploads\/2021\/01\/tyjyuj.png\" \/><\/a><\/p> <\/div> <p>[\/vc_column_text]<\/div><\/div>\t\t\t<script type=\"text\/javascript\">\r\n\t\t\t\tjQuery(document).ready(function ($) {\r\n\t\t\t\t\tif( typeof jQuery('.ult-carousel-89771868369f207e6f369e').slick == \"function\"){\r\n\t\t\t\t\t\t$('.ult-carousel-89771868369f207e6f369e').slick({dots: false,autoplaySpeed: 5000,speed: 300,infinite: true,arrows: true,nextArrow: '<button type=\"button\" role=\"button\" aria-label=\"Next\" style=\"color:#2078b7; font-size:20px;\" class=\"slick-next default\"><i class=\"ultsl-arrow-right4\"><\/i><\/button>',prevArrow: '<button type=\"button\" role=\"button\" aria-label=\"Previous\" style=\"color:#2078b7; font-size:20px;\" class=\"slick-prev default\"><i class=\"ultsl-arrow-left4\"><\/i><\/button>',slidesToScroll:1,slidesToShow:1,swipe: true,draggable: true,touchMove: true,pauseOnHover: true,pauseOnFocus: false,responsive: [\r\n\t\t\t\t\t\t\t{\r\n\t\t\t\t\t\t\t  breakpoint: 1026,\r\n\t\t\t\t\t\t\t  settings: {\r\n\t\t\t\t\t\t\t\tslidesToShow: 1,\r\n\t\t\t\t\t\t\t\tslidesToScroll: 1,  \r\n\t\t\t\t\t\t\t  }\r\n\t\t\t\t\t\t\t},\r\n\t\t\t\t\t\t\t{\r\n\t\t\t\t\t\t\t  breakpoint: 1025,\r\n\t\t\t\t\t\t\t  settings: {\r\n\t\t\t\t\t\t\t\tslidesToShow: 1,\r\n\t\t\t\t\t\t\t\tslidesToScroll: 1\r\n\t\t\t\t\t\t\t  }\r\n\t\t\t\t\t\t\t},\r\n\t\t\t\t\t\t\t{\r\n\t\t\t\t\t\t\t  breakpoint: 760,\r\n\t\t\t\t\t\t\t  settings: {\r\n\t\t\t\t\t\t\t\tslidesToShow: 1,\r\n\t\t\t\t\t\t\t\tslidesToScroll: 1\r\n\t\t\t\t\t\t\t  }\r\n\t\t\t\t\t\t\t}\r\n\t\t\t\t\t\t],pauseOnDotsHover: true,customPaging: function(slider, i) {\r\n                   return '<i type=\"button\" style= \"color:#333333;\" class=\"ultsl-record\" data-role=\"none\"><\/i>';\r\n                },});\r\n\t\t\t\t\t}\r\n\t\t\t\t});\r\n\t\t\t<\/script>  \t\t\t[\/vc_column][\/vc_row][\/vc_section][vc_section css=&#8221;.vc_custom_1540851097728{padding-top: 40px !important;padding-bottom: 40px !important;}&#8221;][vc_row css=&#8221;.vc_custom_1612968455887{padding-bottom: 50px !important;}&#8221;][vc_column][vc_column_text el_class=&#8221;tit-b blue&#8221;]<\/p> <p style=\"text-align: center;\">Art\u00edculos sobre AMITAI\u00ae E-thics Learning<\/p> <p>[\/vc_column_text][\/vc_column][\/vc_row][vc_row][vc_column offset=&#8221;vc_hidden-sm vc_hidden-xs&#8221;][vc_basic_grid post_type=&#8221;post&#8221; max_items=&#8221;9&#8243; style=&#8221;pagination&#8221; items_per_page=&#8221;3&#8243; arrows_design=&#8221;vc_arrow-icon-arrow_01_left&#8221; paging_design=&#8221;none&#8221; loop=&#8221;yes&#8221; item=&#8221;3393&#8243; grid_id=&#8221;vc_gid:1617123516604-bc4f13f6-44a2-4&#8243; taxonomies=&#8221;1224&#8243;][\/vc_column][\/vc_row][vc_row][vc_column offset=&#8221;vc_hidden-lg vc_hidden-md&#8221;][vc_basic_grid post_type=&#8221;post&#8221; max_items=&#8221;9&#8243; style=&#8221;pagination&#8221; items_per_page=&#8221;1&#8243; element_width=&#8221;12&#8243; arrows_design=&#8221;vc_arrow-icon-arrow_01_left&#8221; paging_design=&#8221;none&#8221; loop=&#8221;yes&#8221; item=&#8221;3393&#8243; grid_id=&#8221;vc_gid:1617123556291-f3e6fb51-6505-5&#8243; taxonomies=&#8221;1224&#8243;][\/vc_column][\/vc_row][\/vc_section]<\/p> <\/section>","protected":false},"excerpt":{"rendered":"<p>[vc_row full_width=&#8221;stretch_row_content_no_spaces&#8221;][vc_column][rev_slider_vc alias=&#8221;gracias-landing-e-thics&#8221;][\/vc_column][\/vc_row][vc_section full_width=&#8221;stretch_row&#8221; el_class=&#8221;sec-home2&#8243; css=&#8221;.vc_custom_1612970709044{padding-top: 50px !important;padding-bottom: 50px !important;background-color: #f0eefb !important;}&#8221;][vc_row][vc_column][vc_column_text el_class=&#8221;txt-sec-home2&#8243;] Conoce nuestras soluciones y servicios de vanguardia,<\/p>\n","protected":false},"author":6,"featured_media":0,"parent":0,"menu_order":0,"comment_status":"closed","ping_status":"closed","template":"","meta":{"_acf_changed":false,"footnotes":""},"class_list":["post-2760","page","type-page","status-publish","hentry"],"acf":[],"_links":{"self":[{"href":"https:\/\/www.amitai.com\/es\/wp-json\/wp\/v2\/pages\/2760","targetHints":{"allow":["GET"]}}],"collection":[{"href":"https:\/\/www.amitai.com\/es\/wp-json\/wp\/v2\/pages"}],"about":[{"href":"https:\/\/www.amitai.com\/es\/wp-json\/wp\/v2\/types\/page"}],"author":[{"embeddable":true,"href":"https:\/\/www.amitai.com\/es\/wp-json\/wp\/v2\/users\/6"}],"replies":[{"embeddable":true,"href":"https:\/\/www.amitai.com\/es\/wp-json\/wp\/v2\/comments?post=2760"}],"version-history":[{"count":7,"href":"https:\/\/www.amitai.com\/es\/wp-json\/wp\/v2\/pages\/2760\/revisions"}],"predecessor-version":[{"id":5109,"href":"https:\/\/www.amitai.com\/es\/wp-json\/wp\/v2\/pages\/2760\/revisions\/5109"}],"wp:attachment":[{"href":"https:\/\/www.amitai.com\/es\/wp-json\/wp\/v2\/media?parent=2760"}],"curies":[{"name":"wp","href":"https:\/\/api.w.org\/{rel}","templated":true}]}}