{"id":2548,"date":"2021-01-25T04:25:17","date_gmt":"2021-01-25T10:25:17","guid":{"rendered":"https:\/\/www.amitai.com\/es\/?page_id=2548"},"modified":"2021-10-08T09:03:07","modified_gmt":"2021-10-08T15:03:07","slug":"communik-t","status":"publish","type":"page","link":"https:\/\/www.amitai.com\/es\/communik-t\/","title":{"rendered":"CommuniK-T"},"content":{"rendered":"<section class=\"wpb-content-wrapper\"><p>[vc_section full_width=&#8221;stretch_row_content&#8221;][vc_row full_width=&#8221;stretch_row_content_no_spaces&#8221;][vc_column][rev_slider_vc alias=&#8221;comunik2&#8243;][\/vc_column][\/vc_row][\/vc_section][vc_section full_width=&#8221;stretch_row&#8221; el_class=&#8221;bloques1-honestidad&#8221;][vc_row][vc_column][vc_column_text el_class=&#8221;tit-b blue br-only-agl&#8221;]<\/p> <h2>\u00bfQu\u00e9 es AMITAI<em>\u00ae<\/em> CommuniK-T?<\/h2> <p>[\/vc_column_text][vc_column_text css=&#8221;.vc_custom_1611571104829{padding-top: 30px !important;}&#8221; el_class=&#8221;txt1-honestidad&#8221;]Gestionar la comunicaci\u00f3n organizacional de tu empresa nunca fue tan sencillo, con communik-t cuentas con toda la flexibilidad que necesitas para lograr una comunicaci\u00f3n efectiva de tus programas en todos los niveles, hacer llegar los mensajes correctos, y a las personas indicadas en tiempo real, monitoreando su difusi\u00f3n y seguimiento.[\/vc_column_text][\/vc_column][\/vc_row][vc_row full_width=&#8221;stretch_row&#8221; el_class=&#8221;row-ventajas-ethics&#8221; css=&#8221;.vc_custom_1611571146024{padding-top: 10px !important;padding-bottom: 10px !important;background-color: #00b1d0 !important;}&#8221;][vc_column][vc_column_text]Caracter\u00edsticas Principales[\/vc_column_text][\/vc_column][\/vc_row][\/vc_section][vc_section css=&#8221;.vc_custom_1611551043818{padding-top: 60px !important;padding-bottom: 60px !important;}&#8221; el_class=&#8221;bloques1-honestidad&#8221;][vc_row equal_height=&#8221;yes&#8221; el_class=&#8221;survey-ventajas-imagen&#8221;][vc_column width=&#8221;1\/3&#8243;][vc_single_image image=&#8221;2560&#8243; img_size=&#8221;full&#8221; alignment=&#8221;center&#8221;][vc_column_text el_class=&#8221;txt-bloques-esurvey&#8221;]Creaci\u00f3n tu cat\u00e1logo de documentos y pol\u00edticas organizacionales.[\/vc_column_text][\/vc_column][vc_column width=&#8221;1\/3&#8243;][vc_single_image image=&#8221;2556&#8243; img_size=&#8221;full&#8221; alignment=&#8221;center&#8221;][vc_column_text el_class=&#8221;txt-bloques-esurvey&#8221;]Comunicaci\u00f3n en tiempo real de todo tipo de mensajes y eventos.[\/vc_column_text][\/vc_column][vc_column width=&#8221;1\/3&#8243;][vc_single_image image=&#8221;2559&#8243; img_size=&#8221;full&#8221; alignment=&#8221;center&#8221;][vc_column_text el_class=&#8221;txt-bloques-esurvey&#8221;]Administra toda la informaci\u00f3n de acuerdo el grupo de inter\u00e9s .[\/vc_column_text][\/vc_column][\/vc_row][vc_row equal_height=&#8221;yes&#8221; css=&#8221;.vc_custom_1614014442335{margin-top: 40px !important;}&#8221; el_class=&#8221;survey-ventajas-imagen&#8221;][vc_column width=&#8221;1\/3&#8243;][vc_single_image image=&#8221;2562&#8243; img_size=&#8221;full&#8221; alignment=&#8221;center&#8221;][vc_column_text el_class=&#8221;txt-bloques-esurvey&#8221;]Establece fechas de inicio y caducidad autom\u00e1ticas para pol\u00edticas y documentos.[\/vc_column_text][\/vc_column][vc_column width=&#8221;1\/3&#8243;][vc_single_image image=&#8221;2557&#8243; img_size=&#8221;full&#8221; alignment=&#8221;center&#8221;][vc_column_text el_class=&#8221;txt-bloques-esurvey&#8221;]Reporte y an\u00e1lisis e informes personalizados.[\/vc_column_text][\/vc_column][vc_column width=&#8221;1\/3&#8243;][vc_single_image image=&#8221;2558&#8243; img_size=&#8221;full&#8221; alignment=&#8221;center&#8221;][vc_column_text el_class=&#8221;txt-bloques-esurvey&#8221;]Notificaciones autom\u00e1ticas de la actividad de los mensajes y eventos.[\/vc_column_text][\/vc_column][\/vc_row][\/vc_section][vc_section full_width=&#8221;stretch_row&#8221; css=&#8221;.vc_custom_1617124863827{background-image: url(https:\/\/www.amitai.com\/es\/wp-content\/uploads\/2021\/01\/Grupo-2437.jpg?id=2561) !important;}&#8221; el_class=&#8221;sec-garantia2-quienes ocultar-fondo-sec&#8221;][vc_row][vc_column width=&#8221;1\/2&#8243; el_class=&#8221;col1&#8243;][vc_column_text el_class=&#8221;tit-b blue br-only-agl tit-gar-valor&#8221;]Conoce<br \/> AMITAI<em>\u00ae<\/em> CommuniK-T[\/vc_column_text][vc_column_text]<strong>Cambiando al 100% tu comunicaci\u00f3n interna, la vuelve eficiente, instant\u00e1nea, interactiva, divertida y funcional.<\/strong><\/p> <p>Pasamos de los de tableros al dispositivo m\u00f3vil de cada uno de tus colaboradores. Ah\u00ed donde el tel\u00e9fono, tablet u otro los acompa\u00f1a va tambi\u00e9n nuestra herramienta de comunicaci\u00f3n.<br \/> El objetivo es una relaci\u00f3n constante y monitoreada, por ello compartimos art\u00edculos y contenidos de inter\u00e9s, socializamos con calendarios de eventos, enviamos notificaciones en tiempo real y creamos \u201cmicro-learning\u201d cursos sencillos, r\u00e1pidos y din\u00e1micos que no interfieren en sus actividades, pero permiten la captaci\u00f3n de conocimientos clave para mejorar el desempe\u00f1o.[\/vc_column_text][vc_btn title=&#8221;Leer m\u00e1s&#8221; style=&#8221;custom&#8221; custom_background=&#8221;#00b1d0&#8243; custom_text=&#8221;#ffffff&#8221; shape=&#8221;round&#8221; size=&#8221;sm&#8221; el_class=&#8221;leer-mas-pilar&#8221; link=&#8221;url:https%3A%2F%2Fwww.amitai.com%2Fes%2Funo-de-los-problemas-mas-grandes-de-las-empresas-es-lograr-una-comunicacion-efectiva%2F&#8221;][\/vc_column][vc_column width=&#8221;1\/2&#8243;][\/vc_column][\/vc_row][vc_row el_class=&#8221;ventajas-imagen-movil&#8221;][vc_column][vc_single_image image=&#8221;3050&#8243; img_size=&#8221;full&#8221; alignment=&#8221;center&#8221;][\/vc_column][\/vc_row][\/vc_section][vc_section full_width=&#8221;stretch_row&#8221; css=&#8221;.vc_custom_1611571963364{padding-top: 40px !important;padding-bottom: 40px !important;}&#8221; el_class=&#8221;sec-ventajas-communikt&#8221;][vc_row css=&#8221;.vc_custom_1617124918630{padding-bottom: 15px !important;}&#8221;][vc_column][vc_column_text el_class=&#8221;tit-caract-integriline&#8221;]Ventajas de AMITAI<em>\u00ae<\/em> CommuniK-T[\/vc_column_text][\/vc_column][\/vc_row][vc_row gap=&#8221;10&#8243; equal_height=&#8221;yes&#8221; el_class=&#8221;ventajas-communik&#8221;][vc_column width=&#8221;1\/4&#8243;][vc_single_image image=&#8221;3159&#8243; img_size=&#8221;full&#8221; alignment=&#8221;center&#8221;][vc_column_text]<\/p> <p style=\"text-align: center;\"><strong>Growth<\/strong><br \/> Mejora tu integraci\u00f3n empleado\/empresa<\/p> <p>[\/vc_column_text][\/vc_column][vc_column width=&#8221;1\/4&#8243;][vc_single_image image=&#8221;3160&#8243; img_size=&#8221;full&#8221; alignment=&#8221;center&#8221;][vc_column_text]<\/p> <p style=\"text-align: center;\"><strong>Mindfulness<\/strong><br \/> Da conocimiento y crea conexiones on the clock<\/p> <p>[\/vc_column_text][\/vc_column][vc_column width=&#8221;1\/4&#8243;][vc_single_image image=&#8221;3161&#8243; img_size=&#8221;full&#8221; alignment=&#8221;center&#8221;][vc_column_text]<\/p> <p style=\"text-align: center;\"><strong>Peace<\/strong><br \/> Disminuye los conflictos en tu organizaci\u00f3n<\/p> <p>[\/vc_column_text][\/vc_column][vc_column width=&#8221;1\/4&#8243;][vc_single_image image=&#8221;3162&#8243; img_size=&#8221;full&#8221; alignment=&#8221;center&#8221;][vc_column_text]<\/p> <p style=\"text-align: center;\"><strong>Dialog<\/strong><br \/> Monitorea la interacci\u00f3n con el contenido.<\/p> <p>[\/vc_column_text][\/vc_column][\/vc_row][\/vc_section][vc_section full_width=&#8221;stretch_row&#8221; css=&#8221;.vc_custom_1611572403572{border-top-width: 40px !important;border-bottom-width: 40px !important;padding-top: 30px !important;padding-bottom: 30px !important;border-top-color: #e5f6f9 !important;border-top-style: solid !important;border-bottom-color: #e5f6f9 !important;border-bottom-style: solid !important;}&#8221; el_class=&#8221;sec-temas-ethics&#8221;][vc_row css=&#8221;.vc_custom_1542123676906{padding-top: 40px !important;}&#8221;][vc_column width=&#8221;1\/2&#8243;][vc_column_text el_class=&#8221;tit-b blue br-only-agl&#8221;]<\/p> <h2>\u00bfQu\u00e9 puedes hacer con<br \/> Amitai<em>\u00ae<\/em> CommuniK-T<\/h2> <p>[\/vc_column_text][vc_column_text el_class=&#8221;number-list&#8221; css=&#8221;.vc_custom_1611571820810{padding-top: 40px !important;}&#8221;]<\/p> <ul> <li>Crear el ambiente de tu organizaci\u00f3n y asignarle tu marca.<\/li> <li>Cargar una estructura de informaci\u00f3n personalizada y definir tus grupos de usuarios.<\/li> <li>Gestionar art\u00edculos y eventos: programar fecha de publicaci\u00f3n, crear notificaciones con texto y emojis y definir qui\u00e9n ver\u00e1 lo que publiques.<\/li> <li>Generar espacios de participaci\u00f3n creando encuestas y cursos simples para los usuarios.<\/li> <li>Monitorear el uso de la app, los usuarios m\u00e1s activos, los contenidos m\u00e1s consultados o los elegidos como favoritos.<\/li> <li>Definir estrategias de comunicaci\u00f3n para momentos clave.<\/li> <li>Y mucho m\u00e1s.<\/li> <\/ul> <p>[\/vc_column_text][\/vc_column][vc_column width=&#8221;1\/2&#8243;][vc_single_image image=&#8221;2566&#8243; img_size=&#8221;full&#8221; alignment=&#8221;center&#8221; el_class=&#8221;bf-img-l&#8221;][\/vc_column][\/vc_row][\/vc_section][vc_section el_id=&#8221;ayuda-honestidad&#8221;][vc_row css=&#8221;.vc_custom_1541777504136{padding-bottom: 60px !important;}&#8221;][vc_column][vc_column_text el_class=&#8221;tit-b blue br-only-agc&#8221;]<\/p> <h2 style=\"text-align: center;\">Preguntas Frecuentes<\/h2> <p>[\/vc_column_text][\/vc_column][\/vc_row][vc_row css=&#8221;.vc_custom_1541777504136{padding-bottom: 60px !important;}&#8221;][vc_column][vc_tta_accordion shape=&#8221;round&#8221; color=&#8221;white&#8221; gap=&#8221;10&#8243; c_icon=&#8221;chevron&#8221; c_position=&#8221;right&#8221; active_section=&#8221;1&#8243; el_class=&#8221;accordeon-pqr&#8221;][vc_tta_section title=&#8221;\u00bfC\u00f3mo adquiero Communik-t?&#8221; tab_id=&#8221;1611548889191-f0581595-351b9023-f5f5&#8243;][vc_column_text]Ofrecemos paquetes por cantidad de usuarios registrados , bajo la modalidad de licenciamiento anual.[\/vc_column_text][\/vc_tta_section][vc_tta_section title=&#8221;\u00bfLa App permite que mis colaboradores comenten los art\u00edculos que publico?&#8221; tab_id=&#8221;1611548889242-0ff3f44f-289c9023-f5f5&#8243;][vc_column_text]S\u00ed, Communik-t te permite elegir cu\u00e1les son los art\u00edculos que quieres que las personas comenten y cu\u00e1les no.[\/vc_column_text][\/vc_tta_section][vc_tta_section title=&#8221;\u00bfPuedo tener documentos?&#8221; tab_id=&#8221;1611549027583-96ed3f33-92929023-f5f5&#8243;][vc_column_text]S\u00ed, la App te permite enlazar documentos a trav\u00e9s de hiperv\u00ednculos en un art\u00edculo o construir tu propia biblioteca de documentos para que sean descargados en el celular de tus colaboradores. Te permite tener documentos en PDF, Word, Excel, PowerPoint.[\/vc_column_text][\/vc_tta_section][vc_tta_section title=&#8221;\u00bfLos colaboradores pueden chatear entre ellos a trav\u00e9s de la App?&#8221; tab_id=&#8221;1614088035584-695e2e9d-aa62&#8243;][vc_column_text]No, Communik-t no es un sistema de mensajer\u00eda instant\u00e1nea.[\/vc_column_text][\/vc_tta_section][vc_tta_section title=&#8221;\u00bfSe puede dar like a los contenidos?&#8221; tab_id=&#8221;1614088050581-8c2663cc-9269&#8243;][vc_column_text]No, la App no funciona como una red social. La publicaci\u00f3n del contenido corporativo tiene una funci\u00f3n diferente al objetivo que tiene una red social. Sin embargo, los usuarios pueden marcar contenido como favorito para tenerlo a la mano, de f\u00e1cil consulta de forma individual. El administrador de la plataforma s\u00ed puede saber cu\u00e1l contenido es m\u00e1s popular entre sus usuarios, sin necesidad de que le den like a los art\u00edculos publicados.[\/vc_column_text][\/vc_tta_section][vc_tta_section title=&#8221;\u00bfPuedo conectar Communik-t con otros sistemas de la compa\u00f1\u00eda?&#8221; tab_id=&#8221;1614088065118-d101d39e-fd00&#8243;][vc_column_text]S\u00ed, siempre y cuando esos sistemas lo permitan. Nuestra plataforma puede integrarse con otras a trav\u00e9s de API. Estas integraciones no forman parte del licenciamiento.[\/vc_column_text][\/vc_tta_section][vc_tta_section title=&#8221;\u00bfPuedo personalizar la App con mi marca?&#8221; tab_id=&#8221;1614088083191-0b54b2c5-ef15&#8243;][vc_column_text]S\u00ed, dentro del licenciamiento est\u00e1 incluido que personalices todo el contenido interno con tus colores corporativos, logo y en general tu imagen corporativa. Si quieres personalizar el nombre y logo en tiendas con el nombre institucional, se puede hacer por un valor adicional al licenciamiento de uso.[\/vc_column_text][\/vc_tta_section][vc_tta_section title=&#8221;\u00bfEn el licenciamiento se incluye la administraci\u00f3n y producci\u00f3n de contenido?&#8221; tab_id=&#8221;1614088098524-e325e9f9-ec4c&#8221;][vc_column_text]No, pero podemos presentarte planes a tu medida para trabajar como oficina de comunicaciones internas y gesti\u00f3n del conocimiento a modo de outsourcing.[\/vc_column_text][\/vc_tta_section][vc_tta_section title=&#8221;\u00bfPuedo segmentar la informaci\u00f3n?&#8221; tab_id=&#8221;1614088112941-b68947cc-0e7b&#8221;][vc_column_text]\u00a1Por supuesto! Puedes tener la segmentaci\u00f3n por \u00e1reas principalmente y crear otras seg\u00fan sea tu necesidad en comunicaciones. Los usuarios pueden pertenecer a diferentes \u00e1reas al mismo tiempo. Dentro de cada \u00e1rea podr\u00e1s crear categor\u00edas para organizar tu contenido.[\/vc_column_text][\/vc_tta_section][vc_tta_section title=&#8221;\u00bfSe pueden poner videos?&#8221; tab_id=&#8221;1614088128821-97e7b43b-6f68&#8243;][vc_column_text]S\u00ed, actualmente la App te permite publicar videos tra\u00eddos desde YouTube o Vimeo. Tambi\u00e9n puedes crear hiperv\u00ednculos a p\u00e1ginas donde est\u00e1n publicados los videos que quieres que tus colaboradores consulten.[\/vc_column_text][\/vc_tta_section][\/vc_tta_accordion][\/vc_column][\/vc_row][vc_row][vc_column][vc_btn title=&#8221;Solicita una Prueba Gratis&#8221; style=&#8221;gradient-custom&#8221; gradient_custom_color_1=&#8221;#00b1d0&#8243; gradient_custom_color_2=&#8221;#0e3c66&#8243; size=&#8221;lg&#8221; align=&#8221;center&#8221; link=&#8221;url:https%3A%2F%2Fwww.amitai.com%2Fes%2Fcontacto%2F&#8221; el_class=&#8221;btn-grande&#8221;][\/vc_column][\/vc_row][\/vc_section][vc_section full_width=&#8221;stretch_row&#8221; el_class=&#8221;sec-art-relacionados&#8221;][vc_row][vc_column][vc_column_text el_class=&#8221;tit-b blue br-only-agc&#8221; css=&#8221;.vc_custom_1614014943662{margin-bottom: 20px !important;padding-bottom: 20px !important;}&#8221;]<\/p> <h2 style=\"text-align: center;\">Art\u00edculos sobre AMITAI<em>\u00ae<\/em> CommuniK-T<\/h2> <p>[\/vc_column_text][\/vc_column][\/vc_row][vc_row][vc_column offset=&#8221;vc_hidden-sm vc_hidden-xs&#8221;][vc_basic_grid post_type=&#8221;post&#8221; max_items=&#8221;9&#8243; style=&#8221;pagination&#8221; items_per_page=&#8221;3&#8243; arrows_design=&#8221;vc_arrow-icon-arrow_01_left&#8221; paging_design=&#8221;none&#8221; loop=&#8221;yes&#8221; item=&#8221;3393&#8243; grid_id=&#8221;vc_gid:1633705247118-aaa608cb-c8e7-5&#8243; taxonomies=&#8221;2537&#8243;][\/vc_column][\/vc_row][vc_row][vc_column offset=&#8221;vc_hidden-lg vc_hidden-md&#8221;][vc_basic_grid post_type=&#8221;post&#8221; max_items=&#8221;9&#8243; style=&#8221;pagination&#8221; items_per_page=&#8221;3&#8243; element_width=&#8221;12&#8243; arrows_design=&#8221;vc_arrow-icon-arrow_01_left&#8221; paging_design=&#8221;none&#8221; loop=&#8221;yes&#8221; item=&#8221;3393&#8243; grid_id=&#8221;vc_gid:1633705247127-71745a2d-49e7-10&#8243; taxonomies=&#8221;2537&#8243;][\/vc_column][\/vc_row][\/vc_section]<\/p> <\/section>","protected":false},"excerpt":{"rendered":"<p>[vc_section full_width=&#8221;stretch_row_content&#8221;][vc_row full_width=&#8221;stretch_row_content_no_spaces&#8221;][vc_column][rev_slider_vc alias=&#8221;comunik2&#8243;][\/vc_column][\/vc_row][\/vc_section][vc_section full_width=&#8221;stretch_row&#8221; el_class=&#8221;bloques1-honestidad&#8221;][vc_row][vc_column][vc_column_text el_class=&#8221;tit-b blue br-only-agl&#8221;] \u00bfQu\u00e9 es AMITAI\u00ae CommuniK-T? [\/vc_column_text][vc_column_text css=&#8221;.vc_custom_1611571104829{padding-top: 30px !important;}&#8221; el_class=&#8221;txt1-honestidad&#8221;]Gestionar la comunicaci\u00f3n<\/p>\n","protected":false},"author":6,"featured_media":0,"parent":0,"menu_order":0,"comment_status":"closed","ping_status":"closed","template":"","meta":{"_acf_changed":false,"footnotes":""},"class_list":["post-2548","page","type-page","status-publish","hentry"],"acf":[],"_links":{"self":[{"href":"https:\/\/www.amitai.com\/es\/wp-json\/wp\/v2\/pages\/2548","targetHints":{"allow":["GET"]}}],"collection":[{"href":"https:\/\/www.amitai.com\/es\/wp-json\/wp\/v2\/pages"}],"about":[{"href":"https:\/\/www.amitai.com\/es\/wp-json\/wp\/v2\/types\/page"}],"author":[{"embeddable":true,"href":"https:\/\/www.amitai.com\/es\/wp-json\/wp\/v2\/users\/6"}],"replies":[{"embeddable":true,"href":"https:\/\/www.amitai.com\/es\/wp-json\/wp\/v2\/comments?post=2548"}],"version-history":[{"count":29,"href":"https:\/\/www.amitai.com\/es\/wp-json\/wp\/v2\/pages\/2548\/revisions"}],"predecessor-version":[{"id":4255,"href":"https:\/\/www.amitai.com\/es\/wp-json\/wp\/v2\/pages\/2548\/revisions\/4255"}],"wp:attachment":[{"href":"https:\/\/www.amitai.com\/es\/wp-json\/wp\/v2\/media?parent=2548"}],"curies":[{"name":"wp","href":"https:\/\/api.w.org\/{rel}","templated":true}]}}