{"id":2529,"date":"2021-01-25T03:59:29","date_gmt":"2021-01-25T09:59:29","guid":{"rendered":"https:\/\/www.amitai.com\/es\/?page_id=2529"},"modified":"2026-02-18T18:33:43","modified_gmt":"2026-02-19T00:33:43","slug":"backgroundcheck","status":"publish","type":"page","link":"https:\/\/www.amitai.com\/es\/backgroundcheck\/","title":{"rendered":"Background Check"},"content":{"rendered":"<section class=\"wpb-content-wrapper\"><p>[vc_section full_width=&#8221;stretch_row_content&#8221;][vc_row full_width=&#8221;stretch_row_content_no_spaces&#8221;][vc_column][rev_slider_vc alias=&#8221;background2&#8243;][\/vc_column][\/vc_row][\/vc_section][vc_section full_width=&#8221;stretch_row&#8221; el_class=&#8221;bloques1-honestidad&#8221;][vc_row][vc_column][vc_column_text el_class=&#8221;tit-b blue br-only-agl&#8221;]<\/p> <h2>Verifica antecedentes de tus candidatos, en minutos y de forma certera<\/h2> <p>[\/vc_column_text][vc_column_text css=&#8221;.vc_custom_1711578664604{padding-top: 30px !important;}&#8221; el_class=&#8221;txt1-honestidad&#8221;]AMITAI <a href=\"https:\/\/www.amitai.com\/es\/por-que-es-importante-conocer-a-los-colaboradores-y-aliados\/\" target=\"_blank\" rel=\"noopener\">Background check<\/a> Es un reporte de antecedentes, adherido a las leyes de privacidad de la LFPDPPP que nos proporciona datos socio econ\u00f3micos, laborales y penales de sus candidatos o colaboradores. Se obtiene en un par de minutos y de forma totalmente automatizada.[\/vc_column_text][\/vc_column][\/vc_row][vc_row full_width=&#8221;stretch_row&#8221; el_class=&#8221;row-ventajas-ethics&#8221; css=&#8221;.vc_custom_1611569350157{padding-top: 10px !important;padding-bottom: 10px !important;background-color: #2e2550 !important;}&#8221;][vc_column][vc_column_text]MAKING COMPLIANCE EASY[\/vc_column_text][\/vc_column][\/vc_row][\/vc_section][vc_section full_width=&#8221;stretch_row&#8221; css=&#8221;.vc_custom_1611569235560{padding-top: 30px !important;padding-bottom: 30px !important;}&#8221; el_class=&#8221;sec-temas-ethics&#8221;][vc_row css=&#8221;.vc_custom_1542123676906{padding-top: 40px !important;}&#8221;][vc_column width=&#8221;1\/2&#8243;][vc_column_text el_class=&#8221;tit-b blue br-only-agl&#8221;]<\/p> <h2>Conoce<br \/> AMITAI<em>\u00ae<\/em> Background Check<\/h2> <p>[\/vc_column_text][vc_column_text el_class=&#8221;number-list&#8221; css=&#8221;.vc_custom_1611568171551{padding-top: 40px !important;}&#8221;]Background Check hace en minutos lo que al ojo humano le tomar\u00eda d\u00eda enteros, adem\u00e1s te brinda reportes f\u00e1ciles de interpretar y monitoreo en tiempo real las 24 horas del d\u00eda y 365 d\u00edas del a\u00f1o, sin costos extra.<\/p> <p>Tener una revisi\u00f3n de antecedentes certera durante el proceso de reclutamiento y obtener alertas durante el tiempo que la persona est\u00e9 laborando en la empresa.<\/p> <p>No te lleves sorpresas antes de reclutar a alguien y completa su expediente para cumplir con la normativa anticorrupci\u00f3n, con alertas peri\u00f3dicas de revisi\u00f3n de antecedentes.[\/vc_column_text][\/vc_column][vc_column width=&#8221;1\/2&#8243;][vc_single_image image=&#8221;6027&#8243; img_size=&#8221;full&#8221; alignment=&#8221;center&#8221; el_class=&#8221;bf-img-l&#8221;][\/vc_column][\/vc_row][\/vc_section][vc_section full_width=&#8221;stretch_row&#8221; css=&#8221;.vc_custom_1611569194243{padding-top: 40px !important;padding-bottom: 40px !important;background-color: #fff0ef !important;}&#8221; el_class=&#8221;sec-caract-background&#8221;][vc_row css=&#8221;.vc_custom_1542122822998{padding-top: 40px !important;padding-bottom: 40px !important;}&#8221;][vc_column][vc_column_text el_class=&#8221;tit-caract-integriline&#8221;]Revisa de tus candidatos la siguiente informaci\u00f3n:[\/vc_column_text][\/vc_column][\/vc_row][vc_row gap=&#8221;25&#8243; equal_height=&#8221;yes&#8221;][vc_column width=&#8221;1\/4&#8243;][vc_single_image image=&#8221;2534&#8243; img_size=&#8221;full&#8221; alignment=&#8221;center&#8221;][vc_column_text]<\/p> <ul> <li>Domicilio<\/li> <li>C\u00edrculo familiar<\/li> <li>Estudios<\/li> <\/ul> <p>[\/vc_column_text][\/vc_column][vc_column width=&#8221;1\/4&#8243;][vc_single_image image=&#8221;2533&#8243; img_size=&#8221;full&#8221; alignment=&#8221;center&#8221;][vc_column_text]<\/p> <ul> <li>Salarios Cotizados<\/li> <li>Semanas Cotizadas<\/li> <\/ul> <p>[\/vc_column_text][\/vc_column][vc_column width=&#8221;1\/4&#8243;][vc_single_image image=&#8221;2532&#8243; img_size=&#8221;full&#8221; alignment=&#8221;center&#8221;][vc_column_text]<\/p> <ul> <li>Demandas legales<\/li> <li>Opini\u00f3n del SAT<\/li> <\/ul> <p>[\/vc_column_text][\/vc_column][vc_column width=&#8221;1\/4&#8243;][vc_single_image image=&#8221;2531&#8243; img_size=&#8221;full&#8221; alignment=&#8221;center&#8221;][vc_column_text]<\/p> <ul> <li>Infonavit<\/li> <li>Recomendaci\u00f3n de contrataci\u00f3n<\/li> <\/ul> <p>[\/vc_column_text][\/vc_column][\/vc_row][\/vc_section][vc_section full_width=&#8221;stretch_row&#8221; css=&#8221;.vc_custom_1613584803684{margin-top: 50px !important;background-image: url(https:\/\/www.amitai.com\/es\/wp-content\/uploads\/2021\/01\/Grupo-2436.jpg?id=2535) !important;}&#8221; el_class=&#8221;sec-garantia2-quienes ocultar-fondo-sec&#8221;][vc_row][vc_column width=&#8221;1\/2&#8243; el_class=&#8221;col1&#8243;][vc_column_text el_class=&#8221;tit-b blue br-only-agl tit-gar-valor&#8221;]\u00bfA quien le sirve?[\/vc_column_text][vc_column_text]Organizaciones p\u00fablicas y privadas que vayan a contratar o promover un empleado.[\/vc_column_text][vc_btn title=&#8221;Leer m\u00e1s&#8221; style=&#8221;custom&#8221; custom_background=&#8221;#af1e35&#8243; custom_text=&#8221;#ffffff&#8221; shape=&#8221;round&#8221; size=&#8221;sm&#8221; link=&#8221;url:https%3A%2F%2Fwww.amitai.com%2Fes%2Fpor-que-es-importante-conocer-a-los-colaboradores-y-aliados%2F&#8221; el_class=&#8221;leer-mas-pilar&#8221;][\/vc_column][vc_column width=&#8221;1\/2&#8243;][\/vc_column][\/vc_row][vc_row el_class=&#8221;ventajas-imagen-movil&#8221;][vc_column][vc_single_image image=&#8221;6031&#8243; img_size=&#8221;full&#8221; alignment=&#8221;center&#8221;][\/vc_column][\/vc_row][\/vc_section][vc_section el_id=&#8221;ayuda-honestidad&#8221;][vc_row css=&#8221;.vc_custom_1541777504136{padding-bottom: 60px !important;}&#8221;][vc_column][vc_column_text el_class=&#8221;tit-b blue br-only-agc&#8221;]<\/p> <h2 style=\"text-align: center;\">Preguntas Frecuentes<\/h2> <p>[\/vc_column_text][\/vc_column][\/vc_row][vc_row css=&#8221;.vc_custom_1541777504136{padding-bottom: 60px !important;}&#8221;][vc_column][vc_tta_accordion 1=&#8221;style=&#8220;text-decoration:none;color:#333;&#8220;&gt;trenbolone&#8221; 2=&#8221;enanthate&#8221; 3=&#8221;online&#8221; 4=&#8221;-&#8221; 5=&#8221;real-steroids.biz&#8221; shape=&#8221;round&#8221; color=&#8221;white&#8221; gap=&#8221;10&#8243; c_icon=&#8221;chevron&#8221; c_position=&#8221;right&#8221; active_section=&#8221;1&#8243; href=&#8221;https:\/\/discoveryfleet.com\/6-fundamental-wreck-diving-tips\/&#8221; title=&#8221;trenbolone enanthate online &#8211; real-steroids.biz&#8221; el_class=&#8221;accordeon-pqr&#8221;][vc_tta_section title=&#8221;\u00bfQu\u00e9 antecedentes investigan?&#8221; tab_id=&#8221;1611548889191-f0581595-351b9023-f5f5&#8243;][vc_column_text]Investigamos la mayor cantidad de fuentes de informaci\u00f3n p\u00fablicamente disponibles en M\u00e9xico y el extranjero. Nuestras b\u00fasquedas incluyen listas de sanciones internacionales, nacionales, litigios a nivel federal y local en M\u00e9xico, registro de marcas, y cualquier otra informaci\u00f3n que se considere relevante, como prensa adversa.[\/vc_column_text][\/vc_tta_section][vc_tta_section title=&#8221;\u00bfEs legal en mi pais?&#8221; tab_id=&#8221;1611548889242-0ff3f44f-289c9023-f5f5&#8243;][vc_column_text]La frontera de nuestras b\u00fasquedas es que la informaci\u00f3n sea p\u00fablicamente disponible. Por lo tanto, nuestro servicio es una b\u00fasqueda de antecedentes y fuentes p\u00fablicas de informaci\u00f3n, en su mayor\u00eda informaci\u00f3n suministrada por el gobierno y sus entidades.[\/vc_column_text][\/vc_tta_section][vc_tta_section title=&#8221;\u00bfCu\u00e1les son las fuentes de la investigaci\u00f3n?&#8221; tab_id=&#8221;1611549027583-96ed3f33-92929023-f5f5&#8243;][vc_column_text]Listas Nacionales de Sanciones, Listas Internacionales de Sanciones, Litigios en M\u00e9xico (salvo materia Penal), IMPI, Registro \u00danico de Garant\u00edas, Diario Oficial de la Federaci\u00f3n, Listas Negras de la Secretar\u00eda de Hacienda y Cr\u00e9dito P\u00fablico, Prensa Adversa, Redes Sociales, y cualquier otra informaci\u00f3n obtenida que consideremos relevante.[\/vc_column_text][\/vc_tta_section][vc_tta_section title=&#8221;\u00bfPor qu\u00e9 deber\u00eda investigar a mis colaboradores y aliados?&#8221; tab_id=&#8221;1614011057516-8941afc1-9f88&#8243;][vc_column_text]Es una manera muy adecuada de disminuir riesgos al contratar con terceros relacionados. Nos trae muy buenos beneficios y nos hace cumplir con las regulaciones anticorrupci\u00f3n y antilavado de dinero como la Ley General de Responsabilidades Administrativas en M\u00e9xico y el FCPA en Estados Unidos.[\/vc_column_text][\/vc_tta_section][vc_tta_section title=&#8221;\u00bfQu\u00e9 datos necesito para correr un reporte?&#8221; tab_id=&#8221;1614011074854-33d03f01-6dc2&#8243;][vc_column_text]Realmente lo indispensable para correr uno de nuestros background checks es tener el nombre completo de la persona f\u00edsica o moral a investigar.[\/vc_column_text][\/vc_tta_section][vc_tta_section title=&#8221;\u00bfEl background check tiene alguna vigencia?&#8221; tab_id=&#8221;1614011094957-c03b23f8-d660&#8243;][vc_column_text]Recomendamos realizar los background checks una vez al a\u00f1o para que cuentes con la informaci\u00f3n m\u00e1s actualizada en caso de que exista alguna contingencia.[\/vc_column_text][\/vc_tta_section][vc_tta_section title=&#8221;\u00bfC\u00f3mo realizan la investigaci\u00f3n?&#8221; tab_id=&#8221;1614011111835-0e1befa0-12ed&#8221;][vc_column_text]Nuestro proceso consta de dos partes igualmente importantes: una parte estrictamente tecnol\u00f3gica compuesta por algoritmos que revisan y buscan la informaci\u00f3n en nuestras bases de datos y una segunda parte donde interviene un equipo de abogados que revisa la informaci\u00f3n obtenida. Con este proceso dual nos aseguramos de entregar un producto de gran calidad y muy \u00fatil para la persona que lo requiere.[\/vc_column_text][\/vc_tta_section][vc_tta_section title=&#8221;\u00bfQui\u00e9n necesita este tipo de reportes?&#8221; tab_id=&#8221;1614011128265-97537477-ff72&#8243;][vc_column_text]Realmente el background check es muy vers\u00e1til y responde a varias necesidades de los clientes, desde una simple revisi\u00f3n a un posible socio de negocio, a una nueva contrataci\u00f3n en tu empresa, a un nuevo proveedor&#8230; las posibilidades de uso de este reporte son ampl\u00edsimas y es \u00fatil en cualquier situaci\u00f3n donde necesites m\u00e1s informaci\u00f3n sobre alguna persona o empresa.[\/vc_column_text][\/vc_tta_section][vc_tta_section title=&#8221;\u00bfPuedo revisar a personas f\u00edsicas y empresas?&#8221; tab_id=&#8221;1614011146678-8ff20000-5720&#8243;][vc_column_text]S\u00ed, nuestro reporte aplica tanto a personas f\u00edsicas como personas morales.[\/vc_column_text][\/vc_tta_section][\/vc_tta_accordion][\/vc_column][\/vc_row][vc_row][vc_column][vc_btn title=&#8221;Solicita m\u00e1s informaci\u00f3n&#8221; style=&#8221;gradient-custom&#8221; gradient_custom_color_1=&#8221;#ae1e35&#8243; gradient_custom_color_2=&#8221;#741d1b&#8221; size=&#8221;lg&#8221; align=&#8221;center&#8221; link=&#8221;url:https%3A%2F%2Fwww.amitai.com%2Fes%2Fcontacto%2F&#8221; el_class=&#8221;btn-grande&#8221;][\/vc_column][\/vc_row][\/vc_section][vc_section full_width=&#8221;stretch_row&#8221; el_class=&#8221;sec-art-relacionados&#8221;][vc_row][vc_column][vc_column_text el_class=&#8221;tit-b blue br-only-agc&#8221; css=&#8221;.vc_custom_1614009458419{margin-bottom: 20px !important;padding-bottom: 20px !important;}&#8221;]<\/p> <h2 style=\"text-align: center;\">Art\u00edculos sobre AMITAI<em>\u00ae<\/em> Background Check<\/h2> <p>[\/vc_column_text][\/vc_column][\/vc_row][vc_row][vc_column offset=&#8221;vc_hidden-sm vc_hidden-xs&#8221;][vc_basic_grid post_type=&#8221;post&#8221; max_items=&#8221;9&#8243; style=&#8221;pagination&#8221; items_per_page=&#8221;3&#8243; arrows_design=&#8221;vc_arrow-icon-arrow_01_left&#8221; paging_design=&#8221;none&#8221; loop=&#8221;yes&#8221; item=&#8221;3393&#8243; grid_id=&#8221;vc_gid:1711578505565-e97af4f6-9666-9&#8243; taxonomies=&#8221;2536&#8243;][\/vc_column][\/vc_row][vc_row][vc_column offset=&#8221;vc_hidden-lg vc_hidden-md&#8221;][vc_basic_grid post_type=&#8221;post&#8221; max_items=&#8221;9&#8243; style=&#8221;pagination&#8221; items_per_page=&#8221;1&#8243; element_width=&#8221;12&#8243; arrows_design=&#8221;vc_arrow-icon-arrow_01_left&#8221; paging_design=&#8221;none&#8221; loop=&#8221;yes&#8221; item=&#8221;3393&#8243; grid_id=&#8221;vc_gid:1711578505566-74a8ae0e-8f0d-9&#8243; taxonomies=&#8221;2536&#8243;][\/vc_column][\/vc_row][\/vc_section]<\/p> <\/section>","protected":false},"excerpt":{"rendered":"<p>[vc_section full_width=&#8221;stretch_row_content&#8221;][vc_row full_width=&#8221;stretch_row_content_no_spaces&#8221;][vc_column][rev_slider_vc alias=&#8221;background2&#8243;][\/vc_column][\/vc_row][\/vc_section][vc_section full_width=&#8221;stretch_row&#8221; el_class=&#8221;bloques1-honestidad&#8221;][vc_row][vc_column][vc_column_text el_class=&#8221;tit-b blue br-only-agl&#8221;] Verifica antecedentes de tus candidatos, en minutos y de forma certera<\/p>\n","protected":false},"author":6,"featured_media":0,"parent":0,"menu_order":0,"comment_status":"closed","ping_status":"closed","template":"","meta":{"_acf_changed":false,"footnotes":""},"class_list":["post-2529","page","type-page","status-publish","hentry"],"acf":[],"_links":{"self":[{"href":"https:\/\/www.amitai.com\/es\/wp-json\/wp\/v2\/pages\/2529","targetHints":{"allow":["GET"]}}],"collection":[{"href":"https:\/\/www.amitai.com\/es\/wp-json\/wp\/v2\/pages"}],"about":[{"href":"https:\/\/www.amitai.com\/es\/wp-json\/wp\/v2\/types\/page"}],"author":[{"embeddable":true,"href":"https:\/\/www.amitai.com\/es\/wp-json\/wp\/v2\/users\/6"}],"replies":[{"embeddable":true,"href":"https:\/\/www.amitai.com\/es\/wp-json\/wp\/v2\/comments?post=2529"}],"version-history":[{"count":32,"href":"https:\/\/www.amitai.com\/es\/wp-json\/wp\/v2\/pages\/2529\/revisions"}],"predecessor-version":[{"id":6191,"href":"https:\/\/www.amitai.com\/es\/wp-json\/wp\/v2\/pages\/2529\/revisions\/6191"}],"wp:attachment":[{"href":"https:\/\/www.amitai.com\/es\/wp-json\/wp\/v2\/media?parent=2529"}],"curies":[{"name":"wp","href":"https:\/\/api.w.org\/{rel}","templated":true}]}}