{"id":212,"date":"2018-11-14T08:51:24","date_gmt":"2018-11-14T14:51:24","guid":{"rendered":"https:\/\/www.amitai.com\/es\/?page_id=212"},"modified":"2022-08-09T06:06:14","modified_gmt":"2022-08-09T12:06:14","slug":"nosotros","status":"publish","type":"page","link":"https:\/\/www.amitai.com\/es\/nosotros\/","title":{"rendered":"Qui\u00e9nes somos"},"content":{"rendered":"<section class=\"wpb-content-wrapper\"><p>[vc_section full_width=&#8221;stretch_row_content&#8221;][vc_row full_width=&#8221;stretch_row_content_no_spaces&#8221;][vc_column][rev_slider_vc alias=&#8221;quienes-somos&#8221;][\/vc_column][\/vc_row][\/vc_section][vc_section full_width=&#8221;stretch_row&#8221; css=&#8221;.vc_custom_1613567001491{border-top-width: 30px !important;border-right-width: 0px !important;border-bottom-width: 30px !important;border-left-width: 0px !important;padding-top: 40px !important;padding-bottom: 40px !important;border-left-color: #ececec !important;border-left-style: solid !important;border-right-color: #ececec !important;border-right-style: solid !important;border-top-color: #ececec !important;border-top-style: solid !important;border-bottom-color: #ececec !important;border-bottom-style: solid !important;}&#8221; el_class=&#8221;sec-garantia-quienes sombra-azul-sec&#8221;][vc_row][vc_column][vc_column_text el_class=&#8221;tit-b blue br-only-agl&#8221;]Garant\u00eda de<br \/> Calidad Internacional[\/vc_column_text][vc_column_text css=&#8221;.vc_custom_1542207565971{padding-top: 30px !important;}&#8221;]AMITAI\u00ae est\u00e1 basado en s\u00f3lidas teor\u00edas del comportamiento y en estudios estad\u00edsticos, realizados y avalados por expertos de diversas universidades de LATAM y Canad\u00e1, \u00e9stos se evidencian en el manual de usuario y ficha t\u00e9cnica de cada test.<\/p> <p>M\u00e1s a\u00fan, las soluciones AMITAI est\u00e1n basadas en las mejores pr\u00e1cticas a nivel internacional, por lo que al adoptar las soluciones de AMITAI su organizaci\u00f3n se alinea a estas mejores practicas, tal como recomiendan:[\/vc_column_text][\/vc_column][\/vc_row][vc_row][vc_column width=&#8221;1\/3&#8243;][vc_single_image image=&#8221;3014&#8243; img_size=&#8221;full&#8221; alignment=&#8221;center&#8221;][\/vc_column][vc_column width=&#8221;1\/3&#8243;][vc_single_image image=&#8221;3015&#8243; img_size=&#8221;full&#8221; alignment=&#8221;center&#8221;][\/vc_column][vc_column width=&#8221;1\/3&#8243;][vc_single_image image=&#8221;3016&#8243; img_size=&#8221;full&#8221; alignment=&#8221;center&#8221;][\/vc_column][\/vc_row][\/vc_section][vc_section full_width=&#8221;stretch_row&#8221; disable_element=&#8221;yes&#8221; css=&#8221;.vc_custom_1614194914038{padding-top: 10px !important;padding-bottom: 10px !important;background-color: #2078b7 !important;}&#8221;][vc_row equal_height=&#8221;yes&#8221; el_class=&#8221;mid-items&#8221;][vc_column width=&#8221;1\/4&#8243; el_class=&#8221;garantias-titulo&#8221;][vc_column_text el_class=&#8221;tit-b white br-r&#8221;]<\/p> <p style=\"text-align: right;\">Garant\u00eda de Servicio<\/p> <p>[\/vc_column_text][\/vc_column][vc_column width=&#8221;1\/2&#8243; el_class=&#8221;garantias-parrafo&#8221;][vc_column_text el_class=&#8221;white&#8221;]Nuestros procesos y nuestro plan de mejora continua, se certificaron por Bur\u00f3 Veritas sobre la Norma ISO 9001-2008, para asegurar que cada solicitud de nuestros clientes, se resuelva hasta su total satisfacci\u00f3n.[\/vc_column_text][\/vc_column][vc_column width=&#8221;1\/4&#8243; el_class=&#8221;garantias-logo&#8221;][vc_single_image image=&#8221;2409&#8243; img_size=&#8221;full&#8221;][\/vc_column][\/vc_row][\/vc_section][vc_section full_width=&#8221;stretch_row&#8221; css=&#8221;.vc_custom_1617037031816{background-image: url(https:\/\/www.amitai.com\/es\/wp-content\/uploads\/2021\/03\/195548-OY9OIN-908.jpg?id=3403) !important;}&#8221; el_class=&#8221;sec-garantia2-quienes&#8221;][vc_row][vc_column width=&#8221;1\/2&#8243; el_class=&#8221;col1&#8243;][vc_column_text el_class=&#8221;tit-b blue br-only-agl tit-gar-valor&#8221;]Garant\u00eda de Valor[\/vc_column_text][vc_column_text css=&#8221;.vc_custom_1542210461659{padding-top: 30px !important;}&#8221;]En AMITAI ofrecemos a nuestros clientes, lo mismo que esperar\u00edamos nosotros de nuestros proveedores, y sabemos que la mejor compra no es necesariamente la m\u00e1s barata, es la que ofrece la mejor relaci\u00f3n costo-beneficio, por eso en- capsulamos en nuestros esquemas de precios, el mejor valor a trav\u00e9s de las siguientes consideraciones:[\/vc_column_text][vc_column_text el_class=&#8221;list-classic&#8221;]<\/p> <p>Vendemos por m\u00f3dulo, no por test.<br \/> Garantizamos el mejor retorno en su inversion a trav\u00e9s de una garant\u00eda de precio m\u00e1s bajo en tests comparables.<br \/> Esquemas de precios por paquete, reduciendo de manera importante el precio sobre alternativas del Mercado.<br \/> [\/vc_column_text][\/vc_column][vc_column width=&#8221;1\/2&#8243;][\/vc_column][\/vc_row][vc_row full_width=&#8221;stretch_row_content_no_spaces&#8221;][vc_column offset=&#8221;vc_hidden-lg vc_hidden-md vc_hidden-sm&#8221;][vc_single_image image=&#8221;2792&#8243; img_size=&#8221;full&#8221; alignment=&#8221;center&#8221;][\/vc_column][\/vc_row][\/vc_section][vc_section full_width=&#8221;stretch_row&#8221; css=&#8221;.vc_custom_1611535026322{border-top-width: 50px !important;border-right-width: 0px !important;border-bottom-width: 0px !important;border-left-width: 0px !important;padding-top: 10px !important;padding-bottom: 10px !important;background-color: #eef7fb !important;border-left-color: #ececec !important;border-left-style: solid !important;border-right-color: #ececec !important;border-right-style: solid !important;border-top-color: #ececec !important;border-top-style: solid !important;border-bottom-color: #ececec !important;border-bottom-style: solid !important;}&#8221; el_class=&#8221;sec-garantia3-quienes&#8221;][vc_row equal_height=&#8221;yes&#8221; el_class=&#8221;mid-items&#8221;][vc_column width=&#8221;1\/4&#8243; el_class=&#8221;garantias-titulo&#8221;][vc_column_text el_class=&#8221;tit-b white br-r&#8221;]Garant\u00eda de Seguridad[\/vc_column_text][\/vc_column][vc_column width=&#8221;1\/2&#8243; el_class=&#8221;garantias-parrafo&#8221;][vc_column_text]En AMITAI nos preocupa la seguridad de nuestros clientes y usuarios por eso estamos certificados en la ISO 27001 es una norma internacional emitida por la Organizaci\u00f3n Internacional de Normalizaci\u00f3n (ISO) y describe c\u00f3mo gestionar la seguridad de la informaci\u00f3n en una empresa. [\/vc_column_text][\/vc_column][vc_column width=&#8221;1\/4&#8243; el_class=&#8221;garantias-logo&#8221;][vc_single_image image=&#8221;5066&#8243; img_size=&#8221;full&#8221; onclick=&#8221;custom_link&#8221;][\/vc_column][\/vc_row][\/vc_section][vc_section full_width=&#8221;stretch_row&#8221; css=&#8221;.vc_custom_1611538651991{padding-top: 60px !important;padding-bottom: 60px !important;background-color: #eef7fb !important;}&#8221;][vc_row][vc_column][vc_column_text el_class=&#8221;tit-b blue br-only-agc&#8221;]<\/p> <p style=\"text-align: center;\">Plataforma Tecnol\u00f3gica<\/p> <p>[\/vc_column_text][\/vc_column][\/vc_row][vc_row css=&#8221;.vc_custom_1542213277085{padding-top: 40px !important;}&#8221;][vc_column][vc_tta_tour controls_size=&#8221;sm&#8221; active_section=&#8221;1&#8243; el_class=&#8221;mytabs&#8221;][vc_tta_section title=&#8221;Nube&#8221; tab_id=&#8221;nube&#8221;][vc_column_text el_class=&#8221;tit-b blue&#8221;]Nube[\/vc_column_text][vc_column_text el_class=&#8221;list-classic&#8221;]La plataforma AMITAI y sus aplicaciones se encuentran en una nube privada; un servicio en la nube tiene tres caracter\u00edsticas espec\u00edficas que lo diferencian del hosting tradicional:<\/p> <p>Crece por demanda, los recursos aumentan de acuerdo a la necesidad y nunca se agotan.<br \/> El servicio est\u00e1 totalmente gestionado por el proveedor (el usuario necesita nada m\u00e1s que un dispositivo que sea capaz de navegar por internet).<br \/> Esto permite que las aplicaciones sean m\u00e1s seguras, m\u00e1s eficientes y sean accesibles desde cualquier lugar.<br \/> [\/vc_column_text][\/vc_tta_section][vc_tta_section title=&#8221;Soporte&#8221; tab_id=&#8221;soporte&#8221;][vc_column_text el_class=&#8221;tit-b blue&#8221;]Soporte[\/vc_column_text][vc_column_text]AMITAI le provee de soporte t\u00e9cnico en tiempo real de todas las maneras posibles, por tel\u00e9fono, por chat en vivo, por correo electr\u00f3nico y por Skype.[\/vc_column_text][\/vc_tta_section][vc_tta_section title=&#8221;Seguridad&#8221; tab_id=&#8221;Seguridad&#8221;][vc_column_text el_class=&#8221;tit-b blue&#8221;]<\/p> <p>Seguridad<\/p> <p>[\/vc_column_text][vc_column_text]En AMITAI\u00ae como parte de nuestra misi\u00f3n, visi\u00f3n y valores asumimos el compromiso con nuestros clientes y dem\u00e1s grupos de inter\u00e9s de la empresa, de dar tranquilidad al satisfacer plenamente sus requerimientos relacionados a la seguridad de la informaci\u00f3n durante las actividades de operaci\u00f3n relacionadas con nuestra plataforma AMITAI\u00ae, con personal comprometido y competente, y a trav\u00e9s de un Sistema de Gesti\u00f3n de la Informaci\u00f3n ( SGSI ) bajo la normatividad ISO\/IEC 27001. Que promueve:<\/p> <ul> <li>La mejora continua en los procesos, a fin de asegurar la confidencialidad, integridad y disponibilidad de la informaci\u00f3n.<\/li> <li>Preservando la confidencialidad de la informaci\u00f3n en estricto apego a las medidas de seguridad necesarias.<\/li> <li>Ofreciendo asistencia t\u00e9cnica especializada para mantener nuestros acuerdos de nivel de servicio.<\/li> <\/ul> <p>[\/vc_column_text][\/vc_tta_section][vc_tta_section title=&#8221;Desempe\u00f1o&#8221; tab_id=&#8221;performance&#8221;][vc_column_text el_class=&#8221;tit-b blue&#8221;]Desempe\u00f1o[\/vc_column_text][vc_column_text]Cientos de clientes y miles de usuarios usan nuestras aplicaciones todos los d\u00edas de manera simult\u00e1nea. Con recursos escalables autom\u00e1ticamente de acuerdo a la demanda, nunca se satura el sistema, ni baja su desempe\u00f1o. Adicionalmente, los t\u00e9cnicos de AMITAI, trabajan las 24 horas del d\u00eda, los 365 d\u00edas del a\u00f1o para mantenerla y asegurar su estabilidad.[\/vc_column_text][\/vc_tta_section][\/vc_tta_tour][\/vc_column][\/vc_row][\/vc_section][vc_section full_width=&#8221;stretch_row&#8221; el_id=&#8221;map-nosotros&#8221;][vc_row el_class=&#8221;titulo-presencia-movil&#8221;][vc_column][vc_column_text el_class=&#8221;tit-b blue&#8221;]Presencia Regional[\/vc_column_text][\/vc_column][\/vc_row][vc_row full_width=&#8221;stretch_row&#8221;][vc_column width=&#8221;1\/2&#8243; el_class=&#8221;mapa-quienes-somos&#8221;][vc_single_image image=&#8221;2698&#8243; img_size=&#8221;full&#8221; alignment=&#8221;center&#8221;][\/vc_column][vc_column width=&#8221;1\/2&#8243; el_class=&#8221;paises-quienes-somos&#8221;][vc_column_text el_class=&#8221;tit-b blue&#8221;]Presencia Regional[\/vc_column_text][vc_column_text el_class=&#8221;region-flags principal-region&#8221;]<img decoding=\"async\" class=\"size-full wp-image-2995\" src=\"https:\/\/www.amitai.com\/es\/wp-content\/uploads\/2021\/02\/icons8-bolivia-50.jpg\" alt=\"\" width=\"90\" height=\"90\" \/><img decoding=\"async\" class=\"size-full wp-image-2996\" src=\"https:\/\/www.amitai.com\/es\/wp-content\/uploads\/2021\/02\/icons8-canad\u00e1-50.jpg\" alt=\"\" width=\"90\" height=\"90\" \/><img decoding=\"async\" class=\"size-full wp-image-2997\" src=\"https:\/\/www.amitai.com\/es\/wp-content\/uploads\/2021\/02\/icons8-chile-50.jpg\" alt=\"\" width=\"91\" height=\"91\" \/><img decoding=\"async\" class=\"size-full wp-image-2998\" src=\"https:\/\/www.amitai.com\/es\/wp-content\/uploads\/2021\/02\/icons8-colombia-50.jpg\" alt=\"\" width=\"91\" height=\"91\" \/><img decoding=\"async\" class=\"size-full wp-image-2999\" src=\"https:\/\/www.amitai.com\/es\/wp-content\/uploads\/2021\/02\/icons8-costa-rica-50.jpg\" alt=\"\" width=\"90\" height=\"90\" \/><img decoding=\"async\" class=\"size-full wp-image-3000\" src=\"https:\/\/www.amitai.com\/es\/wp-content\/uploads\/2021\/02\/icons8-ecuador-50.jpg\" alt=\"\" width=\"90\" height=\"90\" \/>[\/vc_column_text][vc_column_text el_class=&#8221;region-flags second-region&#8221;]<img decoding=\"async\" class=\"size-full wp-image-3002\" src=\"https:\/\/www.amitai.com\/es\/wp-content\/uploads\/2021\/02\/icons8-el-salvador-50.jpg\" alt=\"\" width=\"90\" height=\"90\" \/><img decoding=\"async\" class=\"size-full wp-image-3003\" src=\"https:\/\/www.amitai.com\/es\/wp-content\/uploads\/2021\/02\/icons8-estados-unidos-50.jpg\" alt=\"\" width=\"90\" height=\"90\" \/><img decoding=\"async\" class=\"size-full wp-image-3004\" src=\"https:\/\/www.amitai.com\/es\/wp-content\/uploads\/2021\/02\/icons8-guatemala-50.jpg\" alt=\"\" width=\"90\" height=\"90\" \/><img decoding=\"async\" class=\"size-full wp-image-3005\" src=\"https:\/\/www.amitai.com\/es\/wp-content\/uploads\/2021\/02\/icons8-honduras-50.jpg\" alt=\"\" width=\"90\" height=\"90\" \/><img decoding=\"async\" class=\"size-full wp-image-3006 alignnone\" src=\"https:\/\/www.amitai.com\/es\/wp-content\/uploads\/2021\/02\/icons8-panam\u00e1-50.jpg\" alt=\"\" width=\"91\" height=\"91\" \/><img decoding=\"async\" class=\"size-full wp-image-3007\" src=\"https:\/\/www.amitai.com\/es\/wp-content\/uploads\/2021\/02\/icons8-per\u00fa-50.jpg\" alt=\"\" width=\"91\" height=\"91\" \/>[\/vc_column_text][vc_column_text el_class=&#8221;region-flags second-region last-region&#8221;]<img decoding=\"async\" class=\"size-full wp-image-3010\" src=\"https:\/\/www.amitai.com\/es\/wp-content\/uploads\/2021\/02\/icons8-argentina-50.jpg\" alt=\"\" width=\"90\" height=\"90\" \/><img decoding=\"async\" class=\"size-full wp-image-3011\" src=\"https:\/\/www.amitai.com\/es\/wp-content\/uploads\/2021\/02\/icons8-rep\u00fablica-dominicana-50.jpg\" alt=\"\" width=\"90\" height=\"90\" \/>[\/vc_column_text][vc_column_text el_class=&#8221;map-datos&#8221;]<\/p> <ul> <li>55-9000-4050<\/li> <li>acliente@amitai.com<\/li> <\/ul> <p>[\/vc_column_text][\/vc_column][\/vc_row][vc_row el_class=&#8221;datos-presencia-movil&#8221;][vc_column][vc_column_text el_class=&#8221;map-datos&#8221;]<\/p> <ul> <li>55-9000-4050<\/li> <li>acliente@amitai.com<\/li> <\/ul> <p>[\/vc_column_text][\/vc_column][\/vc_row][\/vc_section]<\/p> <\/section>","protected":false},"excerpt":{"rendered":"<p>[vc_section full_width=&#8221;stretch_row_content&#8221;][vc_row full_width=&#8221;stretch_row_content_no_spaces&#8221;][vc_column][rev_slider_vc alias=&#8221;quienes-somos&#8221;][\/vc_column][\/vc_row][\/vc_section][vc_section full_width=&#8221;stretch_row&#8221; css=&#8221;.vc_custom_1613567001491{border-top-width: 30px !important;border-right-width: 0px !important;border-bottom-width: 30px !important;border-left-width: 0px !important;padding-top: 40px !important;padding-bottom: 40px !important;border-left-color: #ececec !important;border-left-style:<\/p>\n","protected":false},"author":6,"featured_media":0,"parent":0,"menu_order":0,"comment_status":"closed","ping_status":"closed","template":"","meta":{"_acf_changed":false,"footnotes":""},"class_list":["post-212","page","type-page","status-publish","hentry"],"acf":[],"_links":{"self":[{"href":"https:\/\/www.amitai.com\/es\/wp-json\/wp\/v2\/pages\/212","targetHints":{"allow":["GET"]}}],"collection":[{"href":"https:\/\/www.amitai.com\/es\/wp-json\/wp\/v2\/pages"}],"about":[{"href":"https:\/\/www.amitai.com\/es\/wp-json\/wp\/v2\/types\/page"}],"author":[{"embeddable":true,"href":"https:\/\/www.amitai.com\/es\/wp-json\/wp\/v2\/users\/6"}],"replies":[{"embeddable":true,"href":"https:\/\/www.amitai.com\/es\/wp-json\/wp\/v2\/comments?post=212"}],"version-history":[{"count":109,"href":"https:\/\/www.amitai.com\/es\/wp-json\/wp\/v2\/pages\/212\/revisions"}],"predecessor-version":[{"id":5067,"href":"https:\/\/www.amitai.com\/es\/wp-json\/wp\/v2\/pages\/212\/revisions\/5067"}],"wp:attachment":[{"href":"https:\/\/www.amitai.com\/es\/wp-json\/wp\/v2\/media?parent=212"}],"curies":[{"name":"wp","href":"https:\/\/api.w.org\/{rel}","templated":true}]}}