{"id":186,"date":"2018-11-13T10:52:03","date_gmt":"2018-11-13T16:52:03","guid":{"rendered":"https:\/\/www.amitai.com\/es\/?page_id=186"},"modified":"2021-10-08T08:56:39","modified_gmt":"2021-10-08T14:56:39","slug":"e-thics-learning","status":"publish","type":"page","link":"https:\/\/www.amitai.com\/es\/e-thics-learning\/","title":{"rendered":"E-thics Learning"},"content":{"rendered":"<section class=\"wpb-content-wrapper\"><p>[vc_section full_width=&#8221;stretch_row_content&#8221;][vc_row full_width=&#8221;stretch_row_content_no_spaces&#8221;][vc_column][rev_slider_vc alias=&#8221;ethics2&#8243;][\/vc_column][\/vc_row][\/vc_section][vc_section full_width=&#8221;stretch_row&#8221; el_class=&#8221;bloques1-honestidad&#8221;][vc_row][vc_column][vc_column_text el_class=&#8221;tit-b blue br-only-agl&#8221;]<\/p> <h2>\u00bfQu\u00e9 es AMITAI<em>\u00ae<\/em> E-thics Learning?<\/h2> <p>[\/vc_column_text][vc_column_text css=&#8221;.vc_custom_1611561269580{padding-top: 30px !important;}&#8221; el_class=&#8221;txt1-honestidad&#8221;]Es una plataforma de educaci\u00f3n online con el programa de cursos sobre \u00c9tica y Cumplimiento en espa\u00f1ol, que toda organizaci\u00f3n debe brindar a su personal.<\/p> <p>E-thics learning, brinda la oportunidad de capacitar a todos tus colaboradores a un bajo costo independientemente de su nivel o ubicaci\u00f3n, generando as\u00ed que las pol\u00edticas de \u00e9tica y cumplimiento en el trabajo sean claras, y se limiten los posibles riesgos de incumplimiento.[\/vc_column_text][\/vc_column][\/vc_row][vc_row full_width=&#8221;stretch_row&#8221; el_class=&#8221;row-ventajas-ethics&#8221; css=&#8221;.vc_custom_1611561308429{margin-bottom: 40px !important;padding-top: 10px !important;padding-bottom: 10px !important;background-color: #2e2550 !important;}&#8221;][vc_column][vc_column_text]Ventajas de<br \/> AMITAI<em>\u00ae<\/em> E-thics Learning[\/vc_column_text][\/vc_column][\/vc_row][vc_row gap=&#8221;20&#8243; equal_height=&#8221;yes&#8221;][vc_column width=&#8221;1\/3&#8243; el_class=&#8221;cols-boxes-honestidad&#8221;][vc_single_image image=&#8221;2490&#8243; img_size=&#8221;full&#8221; alignment=&#8221;center&#8221;][vc_column_text el_class=&#8221;tit-bloques1-honestidad&#8221;]Cursos Personalizados de \u00c9tica[\/vc_column_text][vc_column_text el_class=&#8221;txt-bloques1-honestidad&#8221;]Trabajaremos con usted desde el desarrollo del concepto hasta el producto final; desarrollaremos su capacitaci\u00f3n en l\u00ednea y la ejecutaremos.[\/vc_column_text][\/vc_column][vc_column width=&#8221;1\/3&#8243; el_class=&#8221;cols-boxes-honestidad&#8221;][vc_single_image image=&#8221;2491&#8243; img_size=&#8221;full&#8221; alignment=&#8221;center&#8221;][vc_column_text el_class=&#8221;tit-bloques1-honestidad&#8221;]Programa Completo para la Compa\u00f1\u00eda[\/vc_column_text][vc_column_text el_class=&#8221;txt-bloques1-honestidad&#8221;]Perm\u00edtanos crear su propia \u201cUniversidad Personalizada\u201d con nuestro cat\u00e1logo de cursos preestablecidos.[\/vc_column_text][\/vc_column][vc_column width=&#8221;1\/3&#8243; el_class=&#8221;cols-boxes-honestidad&#8221;][vc_single_image image=&#8221;2492&#8243; img_size=&#8221;full&#8221; alignment=&#8221;center&#8221;][vc_column_text el_class=&#8221;tit-bloques1-honestidad&#8221;]Cursos en l\u00ednea[\/vc_column_text][vc_column_text el_class=&#8221;txt-bloques1-honestidad&#8221;]Ofrecemos bajo licencia cualquiera de nuestros videos, m\u00f3dulos de aprendizaje, paquetes SCORM, art\u00edculos y todo recurso disponible.[\/vc_column_text][\/vc_column][\/vc_row][\/vc_section][vc_section full_width=&#8221;stretch_row&#8221; css=&#8221;.vc_custom_1613584318528{background-image: url(https:\/\/www.amitai.com\/es\/wp-content\/uploads\/2021\/01\/que-es-la-etica-organizacional.jpg?id=2495) !important;}&#8221; el_class=&#8221;sec-garantia2-quienes ocultar-fondo-sec&#8221;][vc_row css=&#8221;.vc_custom_1551129638501{padding-top: 40px !important;}&#8221;][vc_column width=&#8221;1\/2&#8243; el_class=&#8221;col1&#8243;][vc_column_text el_class=&#8221;tit-b blue br-only-agl tit-gar-valor&#8221;]\u00bfQu\u00e9 es la \u00e9tica organizacional?[\/vc_column_text][vc_column_text]Una empresa con buenas fundamentaciones desde la \u00e9tica organizacional ofrece a todos los involucrados en sus proyectos, la misma atenci\u00f3n, compromiso y calidad comunicativa.<\/p> <p>La \u00e9tica organizacional, aunque no lo parezca, es uno de los cimientos del buen quehacer empresarial, ya que define la correcta ejecuci\u00f3n individual y colectiva de los deberes y actividades\u2026..[\/vc_column_text][vc_btn title=&#8221;Leer m\u00e1s&#8221; style=&#8221;custom&#8221; custom_background=&#8221;#54518e&#8221; custom_text=&#8221;#ffffff&#8221; shape=&#8221;round&#8221; size=&#8221;sm&#8221; link=&#8221;url:https%3A%2F%2Fwww.amitai.com%2Fes%2Fcursos-etica-organizacional%2F&#8221; el_class=&#8221;leer-mas-pilar&#8221;][\/vc_column][vc_column width=&#8221;1\/2&#8243;][\/vc_column][\/vc_row][vc_row el_class=&#8221;ventajas-imagen-movil&#8221;][vc_column][vc_single_image image=&#8221;3044&#8243; img_size=&#8221;full&#8221; alignment=&#8221;center&#8221;][\/vc_column][\/vc_row][\/vc_section][vc_section full_width=&#8221;stretch_row&#8221; css=&#8221;.vc_custom_1611562376452{border-top-width: 0px !important;border-right-width: 0px !important;border-bottom-width: 40px !important;border-left-width: 0px !important;padding-top: 40px !important;padding-bottom: 40px !important;border-left-color: #f0eefb !important;border-left-style: solid !important;border-right-color: #f0eefb !important;border-right-style: solid !important;border-top-color: #f0eefb !important;border-top-style: solid !important;border-bottom-color: #f0eefb !important;border-bottom-style: solid !important;}&#8221;][vc_row css=&#8221;.vc_custom_1542122822998{padding-top: 40px !important;padding-bottom: 40px !important;}&#8221;][vc_column][vc_column_text el_class=&#8221;tit-caract-ethics&#8221;]<\/p> <h2 style=\"text-align: center;\">Caracter\u00edsticas de AMITAI<em>\u00ae<\/em> E-thics Learning<\/h2> <p>[\/vc_column_text][\/vc_column][\/vc_row][vc_row gap=&#8221;10&#8243; equal_height=&#8221;yes&#8221;][vc_column width=&#8221;1\/4&#8243; el_class=&#8221;cols-ethics caja-caracteristicas-integri&#8221;][vc_single_image image=&#8221;2500&#8243; img_size=&#8221;full&#8221; alignment=&#8221;center&#8221;][vc_column_text]Programa alineado a las recomendaciones de \u00e9tica y cumplimiento a nivel mundial.[\/vc_column_text][\/vc_column][vc_column width=&#8221;1\/4&#8243; el_class=&#8221;caja-caracteristicas-integri&#8221;][vc_single_image image=&#8221;2501&#8243; img_size=&#8221;full&#8221; alignment=&#8221;center&#8221;][vc_column_text]Programa especializado en espa\u00f1ol y para Am\u00e9rica Latina.[\/vc_column_text][\/vc_column][vc_column width=&#8221;1\/4&#8243; el_class=&#8221;caja-caracteristicas-integri&#8221;][vc_single_image image=&#8221;2498&#8243; img_size=&#8221;full&#8221; alignment=&#8221;center&#8221;][vc_column_text]Constancia expedida por AMITAI y Global Ethics University.[\/vc_column_text][\/vc_column][vc_column width=&#8221;1\/4&#8243; el_class=&#8221;caja-caracteristicas-integri&#8221;][vc_single_image image=&#8221;2499&#8243; img_size=&#8221;full&#8221; alignment=&#8221;center&#8221;][vc_column_text]Disponible en web 24\/365[\/vc_column_text][\/vc_column][\/vc_row][\/vc_section][vc_section full_width=&#8221;stretch_row&#8221; css=&#8221;.vc_custom_1611565389496{border-top-width: 0px !important;border-bottom-width: 40px !important;border-left-width: 0px !important;padding-top: 30px !important;padding-right: 0px !important;padding-bottom: 30px !important;background-color: #f2f2f2 !important;border-left-color: #f0eefb !important;border-left-style: solid !important;border-top-color: #f0eefb !important;border-top-style: solid !important;border-bottom-color: #f0eefb !important;border-bottom-style: solid !important;}&#8221; el_class=&#8221;sec-temas-ethics&#8221;][vc_row css=&#8221;.vc_custom_1542123676906{padding-top: 40px !important;}&#8221;][vc_column width=&#8221;1\/2&#8243;][vc_column_text el_class=&#8221;tit-b blue br-only-agl&#8221;]<\/p> <h2>Algunos de los temas<br \/> que puedes encontrar<\/h2> <p>[\/vc_column_text][vc_column_text el_class=&#8221;number-list&#8221; css=&#8221;.vc_custom_1611562491761{padding-top: 40px !important;}&#8221;]<\/p> <ul> <li>Bullying en el Trabajo<\/li> <li>Respeto Por la Diversidad<\/li> <li>Acoso Sexual en el Trabajo<\/li> <li>Comprensi\u00f3n de los Conflictos de Inter\u00e9s<\/li> <li>Salvaguarda de los Bienes de la Compa\u00f1\u00eda<\/li> <li>\u00c9tica en el lugar de trabajo.<\/li> <li>Pol\u00edtica anti Corrupci\u00f3n<\/li> <li>Drogas y Alcohol en el lugar de trabajo<\/li> <li>Informaci\u00f3n Confidencial y Propiedad Intelectual<\/li> <li>C\u00f3mo tomar decisiones \u00e9ticas en el lugar de trabajo<\/li> <\/ul> <p>[\/vc_column_text][\/vc_column][vc_column width=&#8221;1\/2&#8243;][vc_single_image image=&#8221;2504&#8243; img_size=&#8221;full&#8221; alignment=&#8221;center&#8221; el_class=&#8221;bf-img-l&#8221;][\/vc_column][\/vc_row][\/vc_section][vc_section el_id=&#8221;beneficios&#8221; css=&#8221;.vc_custom_1542145108139{padding-bottom: 60px !important;}&#8221;][vc_row css=&#8221;.vc_custom_1611563145880{padding-bottom: 60px !important;}&#8221; el_class=&#8221;box-beneficios2&#8243;][vc_column][vc_column_text el_class=&#8221;tit-b blue br-only-agc&#8221;]<\/p> <h2 style=\"text-align: center;\">Beneficios<\/h2> <p>[\/vc_column_text][vc_row_inner css=&#8221;.vc_custom_1542139318828{padding-top: 40px !important;}&#8221;][vc_column_inner width=&#8221;1\/12&#8243;][\/vc_column_inner][vc_column_inner width=&#8221;5\/6&#8243;][vc_column_text el_class=&#8221;beneficios-list&#8221;]<\/p> <ul> <li>Ahorro significativo en capacitaci\u00f3n y desarrollo.<\/li> <li>Eleva los niveles de \u00e9tica en la empresa.<\/li> <li>Alinea la conducta a los objetivos empresariales.<\/li> <li>Actualizaci\u00f3n permanente.<\/li> <li>Reduce los riesgos de penas y multas por incumplimiento.<\/li> <li>Uniformidad de conocimiento a trav\u00e9s de toda la empresa.<\/li> <li>Ayuda a llevar los registros y evidencias de capacitaci\u00f3n<\/li> <\/ul> <p>[\/vc_column_text][\/vc_column_inner][vc_column_inner width=&#8221;1\/12&#8243;][\/vc_column_inner][\/vc_row_inner][\/vc_column][\/vc_row][vc_row][vc_column][vc_btn title=&#8221;Solicitar una Prueba Gratis&#8221; style=&#8221;gradient-custom&#8221; gradient_custom_color_1=&#8221;#555289&#8243; gradient_custom_color_2=&#8221;#06042b&#8221; shape=&#8221;round&#8221; size=&#8221;lg&#8221; align=&#8221;center&#8221; link=&#8221;url:https%3A%2F%2Fwww.amitai.com%2Fes%2Fcontacto%2F&#8221; el_class=&#8221;btn-grande&#8221;][\/vc_column][\/vc_row][\/vc_section][vc_section full_width=&#8221;stretch_row&#8221; el_class=&#8221;sec-art-relacionados&#8221;][vc_row][vc_column][vc_column_text el_class=&#8221;tit-b blue br-only-agc&#8221; css=&#8221;.vc_custom_1614007729698{margin-bottom: 30px !important;}&#8221;]<\/p> <h2 style=\"text-align: center;\">Art\u00edculos sobre AMITAI<em>\u00ae<\/em> E-thics Learning<\/h2> <p>[\/vc_column_text][\/vc_column][\/vc_row][vc_row][vc_column offset=&#8221;vc_hidden-sm vc_hidden-xs&#8221;][vc_basic_grid post_type=&#8221;post&#8221; max_items=&#8221;9&#8243; style=&#8221;pagination&#8221; items_per_page=&#8221;3&#8243; arrows_design=&#8221;vc_arrow-icon-arrow_01_left&#8221; paging_design=&#8221;none&#8221; loop=&#8221;yes&#8221; item=&#8221;3393&#8243; grid_id=&#8221;vc_gid:1633704994239-03cb2b3e-85fd-4&#8243; taxonomies=&#8221;1224&#8243;][\/vc_column][\/vc_row][vc_row][vc_column offset=&#8221;vc_hidden-lg vc_hidden-md&#8221;][vc_basic_grid post_type=&#8221;post&#8221; max_items=&#8221;9&#8243; style=&#8221;pagination&#8221; items_per_page=&#8221;1&#8243; element_width=&#8221;12&#8243; arrows_design=&#8221;vc_arrow-icon-arrow_01_left&#8221; paging_design=&#8221;none&#8221; loop=&#8221;yes&#8221; item=&#8221;3393&#8243; grid_id=&#8221;vc_gid:1633704994251-0691262e-ecfa-1&#8243; taxonomies=&#8221;1224&#8243;][\/vc_column][\/vc_row][\/vc_section]<\/p> <\/section>","protected":false},"excerpt":{"rendered":"<p>[vc_section full_width=&#8221;stretch_row_content&#8221;][vc_row full_width=&#8221;stretch_row_content_no_spaces&#8221;][vc_column][rev_slider_vc alias=&#8221;ethics2&#8243;][\/vc_column][\/vc_row][\/vc_section][vc_section full_width=&#8221;stretch_row&#8221; el_class=&#8221;bloques1-honestidad&#8221;][vc_row][vc_column][vc_column_text el_class=&#8221;tit-b blue br-only-agl&#8221;] \u00bfQu\u00e9 es AMITAI\u00ae E-thics Learning? [\/vc_column_text][vc_column_text css=&#8221;.vc_custom_1611561269580{padding-top: 30px !important;}&#8221; el_class=&#8221;txt1-honestidad&#8221;]Es una<\/p>\n","protected":false},"author":6,"featured_media":0,"parent":0,"menu_order":0,"comment_status":"closed","ping_status":"closed","template":"","meta":{"_acf_changed":false,"footnotes":""},"class_list":["post-186","page","type-page","status-publish","hentry"],"acf":[],"_links":{"self":[{"href":"https:\/\/www.amitai.com\/es\/wp-json\/wp\/v2\/pages\/186","targetHints":{"allow":["GET"]}}],"collection":[{"href":"https:\/\/www.amitai.com\/es\/wp-json\/wp\/v2\/pages"}],"about":[{"href":"https:\/\/www.amitai.com\/es\/wp-json\/wp\/v2\/types\/page"}],"author":[{"embeddable":true,"href":"https:\/\/www.amitai.com\/es\/wp-json\/wp\/v2\/users\/6"}],"replies":[{"embeddable":true,"href":"https:\/\/www.amitai.com\/es\/wp-json\/wp\/v2\/comments?post=186"}],"version-history":[{"count":49,"href":"https:\/\/www.amitai.com\/es\/wp-json\/wp\/v2\/pages\/186\/revisions"}],"predecessor-version":[{"id":4251,"href":"https:\/\/www.amitai.com\/es\/wp-json\/wp\/v2\/pages\/186\/revisions\/4251"}],"wp:attachment":[{"href":"https:\/\/www.amitai.com\/es\/wp-json\/wp\/v2\/media?parent=186"}],"curies":[{"name":"wp","href":"https:\/\/api.w.org\/{rel}","templated":true}]}}