{"id":169,"date":"2018-11-13T08:57:32","date_gmt":"2018-11-13T14:57:32","guid":{"rendered":"https:\/\/www.amitai.com\/es\/?page_id=169"},"modified":"2022-12-28T06:38:00","modified_gmt":"2022-12-28T12:38:00","slug":"integri-line","status":"publish","type":"page","link":"https:\/\/www.amitai.com\/es\/integri-line\/","title":{"rendered":"Integri-Line"},"content":{"rendered":"<section class=\"wpb-content-wrapper\"><p>[vc_section full_width=&#8221;stretch_row_content&#8221;][vc_row full_width=&#8221;stretch_row_content_no_spaces&#8221;][vc_column][rev_slider_vc alias=&#8221;integriline2&#8243;][\/vc_column][\/vc_row][\/vc_section][vc_section full_width=&#8221;stretch_row&#8221; el_class=&#8221;bloques1-honestidad&#8221;][vc_row][vc_column][vc_column_text el_class=&#8221;tit-b blue br-only-agl&#8221;]<\/p> <h2>\u00bfQu\u00e9 es AMITAI<em>\u00ae<\/em> Integri-Line?<\/h2> <p>[\/vc_column_text][vc_column_text css=&#8221;.vc_custom_1672231060549{padding-top: 30px !important;}&#8221; el_class=&#8221;txt1-honestidad&#8221;]Integri-line es el m\u00e1s completo sistema de <a href=\"https:\/\/www.amitai.com\/es\/denuncia-anonima\/\">denuncia an\u00f3nima<\/a> corporativa de Latinoam\u00e9rica, completamente seguro y f\u00e1cil de usar, con el cual podr\u00e1s gestionar los reportes de quejas, incidentes o denuncias de actos deshonestos que se puedan presentar al interior de tu organizaci\u00f3n, permitiendo que se atiendan de manera \u00e1gil estos incidentes y se proteja al denunciante de las posibles represalias.[\/vc_column_text][\/vc_column][\/vc_row][vc_row full_width=&#8221;stretch_row&#8221; el_class=&#8221;row-ventajas-ethics&#8221; css=&#8221;.vc_custom_1611561308429{margin-bottom: 40px !important;padding-top: 10px !important;padding-bottom: 10px !important;background-color: #2e2550 !important;}&#8221;][vc_column][vc_column_text]\u00bfPor qu\u00e9 implementar un programa<br \/> de denuncia an\u00f3nima?[\/vc_column_text][\/vc_column][\/vc_row][vc_row gap=&#8221;20&#8243; equal_height=&#8221;yes&#8221;][vc_column width=&#8221;1\/3&#8243; el_class=&#8221;cols-boxes-honestidad&#8221;][vc_single_image image=&#8221;2516&#8243; img_size=&#8221;full&#8221; alignment=&#8221;center&#8221;][vc_column_text el_class=&#8221;tit-bloques1-honestidad&#8221;]<\/p> <p style=\"text-align: center;\">Previene fraudes<\/p> <p>[\/vc_column_text][vc_column_text el_class=&#8221;txt-bloques1-honestidad&#8221;]<\/p> <p style=\"text-align: center;\">Previene fraudes, abusos, chantajes, malversaciones, y cualquier proceso de ilegalidad o inconveniente al interior de la empresa.<\/p> <p>[\/vc_column_text][\/vc_column][vc_column width=&#8221;1\/3&#8243; el_class=&#8221;cols-boxes-honestidad&#8221;][vc_single_image image=&#8221;2515&#8243; img_size=&#8221;full&#8221; alignment=&#8221;center&#8221;][vc_column_text el_class=&#8221;tit-bloques1-honestidad&#8221;]<\/p> <p style=\"text-align: center;\">Protege a tus colaboradores<\/p> <p>[\/vc_column_text][vc_column_text el_class=&#8221;txt-bloques1-honestidad&#8221;]<\/p> <p style=\"text-align: center;\">Los empleadores se convierten en mediadores de conflictos, velando por el bienestar f\u00edsico, emocional y psicol\u00f3gico de sus trabajadores.<\/p> <p>[\/vc_column_text][\/vc_column][vc_column width=&#8221;1\/3&#8243; el_class=&#8221;cols-boxes-honestidad&#8221;][vc_single_image image=&#8221;2517&#8243; img_size=&#8221;full&#8221; alignment=&#8221;center&#8221;][vc_column_text el_class=&#8221;tit-bloques1-honestidad&#8221;]<\/p> <p style=\"text-align: center;\">Evita consecuencias legales<\/p> <p>[\/vc_column_text][vc_column_text el_class=&#8221;txt-bloques1-honestidad&#8221;]<\/p> <p style=\"text-align: center;\">Reduce el potencial de multas y consecuencias legales por actuar proactivamente en este sentido, etc.<\/p> <p>[\/vc_column_text][\/vc_column][\/vc_row][\/vc_section][vc_section full_width=&#8221;stretch_row&#8221; css=&#8221;.vc_custom_1613576431097{background-image: url(https:\/\/www.amitai.com\/es\/wp-content\/uploads\/2021\/01\/que-es-denuncia-anonima.jpg?id=2518) !important;}&#8221; el_class=&#8221;sec-garantia2-quienes ocultar-fondo-sec&#8221;][vc_row][vc_column width=&#8221;1\/2&#8243; el_class=&#8221;col1&#8243;][vc_column_text el_class=&#8221;tit-b blue br-only-agl tit-gar-valor&#8221; css=&#8221;.vc_custom_1613575331987{margin-bottom: 0px !important;padding-bottom: 0px !important;}&#8221;]\u00bfEn qu\u00e9 consiste la denuncia an\u00f3nima?[\/vc_column_text][vc_column_text]<em><strong>Denunciar es declarar oficialmente el estado ilegal, irregular o inconveniente de algo&#8230;<\/strong><\/em><br \/> De esta manera la denuncia an\u00f3nima se reconoce como la acci\u00f3n de declarar una irregularidad o un hecho de violencia, acoso, discriminaci\u00f3n o fraude realizado por uno o varios de los miembros de una empresa; lo anterior protegiendo la identidad del denunciante en todo el proceso, a fin de evitar represalias, despidos o conflictos mayores.[\/vc_column_text][vc_btn title=&#8221;Leer m\u00e1s&#8221; style=&#8221;custom&#8221; custom_background=&#8221;#802a80&#8243; custom_text=&#8221;#ffffff&#8221; shape=&#8221;round&#8221; size=&#8221;sm&#8221; link=&#8221;url:https%3A%2F%2Fwww.amitai.com%2Fes%2Fdenuncia-anonima%2F&#8221; el_class=&#8221;leer-mas-pilar&#8221;][\/vc_column][vc_column width=&#8221;1\/2&#8243;][\/vc_column][\/vc_row][vc_row el_class=&#8221;ventajas-imagen-movil&#8221;][vc_column][vc_single_image image=&#8221;3038&#8243; img_size=&#8221;full&#8221; alignment=&#8221;center&#8221;][\/vc_column][\/vc_row][\/vc_section][vc_section css=&#8221;.vc_custom_1611565104561{padding-bottom: 40px !important;}&#8221; el_class=&#8221;sec-caract-integriline&#8221;][vc_row css=&#8221;.vc_custom_1617117202039{padding-bottom: 40px !important;}&#8221;][vc_column][vc_column_text el_class=&#8221;tit-caract-integriline&#8221;]<\/p> <p style=\"text-align: center;\">AMITAI<em>\u00ae<\/em> Integri-line tiene<br \/> las siguientes caracter\u00edsticas:<\/p> <p>[\/vc_column_text][\/vc_column][\/vc_row][vc_row gap=&#8221;10&#8243; equal_height=&#8221;yes&#8221;][vc_column width=&#8221;1\/4&#8243; el_class=&#8221;caja-caracteristicas-integri&#8221;][vc_single_image image=&#8221;2522&#8243; img_size=&#8221;full&#8221; alignment=&#8221;center&#8221;][vc_column_text]F\u00e1cil de implementar y administrar con reportes personalizados.[\/vc_column_text][\/vc_column][vc_column width=&#8221;1\/4&#8243; el_class=&#8221;caja-caracteristicas-integri&#8221;][vc_single_image image=&#8221;2520&#8243; img_size=&#8221;full&#8221; alignment=&#8221;center&#8221;][vc_column_text]La informaci\u00f3n viaja segura, y se mantiene encriptada en servidores de alta seguridad.[\/vc_column_text][\/vc_column][vc_column width=&#8221;1\/4&#8243; el_class=&#8221;caja-caracteristicas-integri&#8221;][vc_single_image image=&#8221;2521&#8243; img_size=&#8221;full&#8221; alignment=&#8221;center&#8221;][vc_column_text]Flexible y configurable a las necesidades, pol\u00edticas e imagen de cada organizaci\u00f3n.[\/vc_column_text][\/vc_column][vc_column width=&#8221;1\/4&#8243; el_class=&#8221;caja-caracteristicas-integri&#8221;][vc_single_image image=&#8221;2523&#8243; img_size=&#8221;full&#8221; alignment=&#8221;center&#8221;][vc_column_text]Servicio en l\u00ednea disponible las 24 horas los 365 d\u00edas del a\u00f1o.[\/vc_column_text][\/vc_column][\/vc_row][\/vc_section][vc_section full_width=&#8221;stretch_row&#8221; css=&#8221;.vc_custom_1614023676004{border-top-width: 40px !important;border-bottom-width: 40px !important;border-left-width: 0px !important;padding-top: 30px !important;padding-right: 0px !important;padding-bottom: 30px !important;background-color: #ffffff !important;border-left-color: #fceafc !important;border-left-style: solid !important;border-top-color: #fceafc !important;border-top-style: solid !important;border-bottom-color: #fceafc !important;border-bottom-style: solid !important;}&#8221; el_class=&#8221;sec-temas-ethics&#8221;][vc_row css=&#8221;.vc_custom_1542123676906{padding-top: 40px !important;}&#8221;][vc_column width=&#8221;1\/2&#8243;][vc_column_text el_class=&#8221;tit-b blue br-only-agl&#8221;]<\/p> <h2>Beneficios de<br \/> AMITAI<em>\u00ae<\/em> Integri-line<\/h2> <p>[\/vc_column_text][vc_column_text el_class=&#8221;number-list&#8221; css=&#8221;.vc_custom_1611565483315{padding-top: 40px !important;}&#8221;]<\/p> <ul> <li>Ayuda a reducir el potencial de multas y consecuencias legales derivadas de incidentes mal gestionados.<\/li> <li>Contribuye en la protecci\u00f3n a los colaboradores de abuso de colegas y superiores.<\/li> <li>Se reducen sustancialmente los costos en la implementaci\u00f3n de un sistema de denuncia an\u00f3nima.<\/li> <li>Revela posible actividad criminal.<\/li> <li>Evita represalias contra colaboradores.<\/li> <li>Previene el da\u00f1o reputacional de la empresa.<\/li> <li>Brinda confianza al denunciante, al ser un sistema ajeno a la empresa.<\/li> <li>Facilita la documentaci\u00f3n para investigaciones.<\/li> <\/ul> <p>[\/vc_column_text][vc_btn title=&#8221;Solicita una Prueba Gratis&#8221; style=&#8221;gradient-custom&#8221; gradient_custom_color_1=&#8221;#7d2889&#8243; gradient_custom_color_2=&#8221;#7d2889&#8243; shape=&#8221;round&#8221; link=&#8221;url:https%3A%2F%2Fwww.amitai.com%2Fes%2Fcontacto%2F&#8221; el_class=&#8221;btn-grande&#8221;][\/vc_column][vc_column width=&#8221;1\/2&#8243;][vc_single_image image=&#8221;2524&#8243; img_size=&#8221;full&#8221; alignment=&#8221;center&#8221; el_class=&#8221;bf-img-l&#8221;][\/vc_column][\/vc_row][\/vc_section][vc_section][vc_row][vc_column][vc_column_text el_class=&#8221;tit-b blue br-only-agc&#8221; css=&#8221;.vc_custom_1614008446132{margin-bottom: 20px !important;padding-bottom: 20px !important;}&#8221;]<\/p> <h2 style=\"text-align: center;\">Art\u00edculos sobre AMITAI<em>\u00ae<\/em> Integri-Line<\/h2> <p>[\/vc_column_text][\/vc_column][\/vc_row][vc_row][vc_column offset=&#8221;vc_hidden-sm vc_hidden-xs&#8221;][vc_basic_grid post_type=&#8221;post&#8221; max_items=&#8221;9&#8243; style=&#8221;pagination&#8221; items_per_page=&#8221;3&#8243; arrows_design=&#8221;vc_arrow-icon-arrow_01_left&#8221; paging_design=&#8221;none&#8221; loop=&#8221;yes&#8221; item=&#8221;3393&#8243; grid_id=&#8221;vc_gid:1672230888908-8784f558-6878-5&#8243; taxonomies=&#8221;1222&#8243;][\/vc_column][\/vc_row][vc_row][vc_column offset=&#8221;vc_hidden-lg vc_hidden-md&#8221;][vc_basic_grid post_type=&#8221;post&#8221; max_items=&#8221;9&#8243; style=&#8221;pagination&#8221; items_per_page=&#8221;1&#8243; element_width=&#8221;12&#8243; arrows_design=&#8221;vc_arrow-icon-arrow_01_left&#8221; paging_design=&#8221;none&#8221; loop=&#8221;yes&#8221; item=&#8221;3393&#8243; grid_id=&#8221;vc_gid:1672230888910-36629b0b-503c-8&#8243; taxonomies=&#8221;1222&#8243;][\/vc_column][\/vc_row][\/vc_section]<\/p> <\/section>","protected":false},"excerpt":{"rendered":"<p>[vc_section full_width=&#8221;stretch_row_content&#8221;][vc_row full_width=&#8221;stretch_row_content_no_spaces&#8221;][vc_column][rev_slider_vc alias=&#8221;integriline2&#8243;][\/vc_column][\/vc_row][\/vc_section][vc_section full_width=&#8221;stretch_row&#8221; el_class=&#8221;bloques1-honestidad&#8221;][vc_row][vc_column][vc_column_text el_class=&#8221;tit-b blue br-only-agl&#8221;] \u00bfQu\u00e9 es AMITAI\u00ae Integri-Line? [\/vc_column_text][vc_column_text css=&#8221;.vc_custom_1672231060549{padding-top: 30px !important;}&#8221; el_class=&#8221;txt1-honestidad&#8221;]Integri-line es el<\/p>\n","protected":false},"author":6,"featured_media":0,"parent":0,"menu_order":0,"comment_status":"closed","ping_status":"closed","template":"","meta":{"_acf_changed":false,"footnotes":""},"class_list":["post-169","page","type-page","status-publish","hentry"],"acf":[],"_links":{"self":[{"href":"https:\/\/www.amitai.com\/es\/wp-json\/wp\/v2\/pages\/169","targetHints":{"allow":["GET"]}}],"collection":[{"href":"https:\/\/www.amitai.com\/es\/wp-json\/wp\/v2\/pages"}],"about":[{"href":"https:\/\/www.amitai.com\/es\/wp-json\/wp\/v2\/types\/page"}],"author":[{"embeddable":true,"href":"https:\/\/www.amitai.com\/es\/wp-json\/wp\/v2\/users\/6"}],"replies":[{"embeddable":true,"href":"https:\/\/www.amitai.com\/es\/wp-json\/wp\/v2\/comments?post=169"}],"version-history":[{"count":50,"href":"https:\/\/www.amitai.com\/es\/wp-json\/wp\/v2\/pages\/169\/revisions"}],"predecessor-version":[{"id":5714,"href":"https:\/\/www.amitai.com\/es\/wp-json\/wp\/v2\/pages\/169\/revisions\/5714"}],"wp:attachment":[{"href":"https:\/\/www.amitai.com\/es\/wp-json\/wp\/v2\/media?parent=169"}],"curies":[{"name":"wp","href":"https:\/\/api.w.org\/{rel}","templated":true}]}}