{"id":156,"date":"2018-11-13T07:17:10","date_gmt":"2018-11-13T13:17:10","guid":{"rendered":"https:\/\/www.amitai.com\/es\/?page_id=156"},"modified":"2021-10-08T08:50:19","modified_gmt":"2021-10-08T14:50:19","slug":"encuesta-etica-cultura-organizacional","status":"publish","type":"page","link":"https:\/\/www.amitai.com\/es\/encuesta-etica-cultura-organizacional\/","title":{"rendered":"E-Survey"},"content":{"rendered":"<section class=\"wpb-content-wrapper\"><p>[vc_section full_width=&#8221;stretch_row_content&#8221;][vc_row full_width=&#8221;stretch_row_content_no_spaces&#8221;][vc_column][rev_slider_vc alias=&#8221;esurvey2&#8243;][\/vc_column][\/vc_row][\/vc_section][vc_section el_class=&#8221;bloques1-honestidad&#8221;][vc_row][vc_column][vc_column_text el_class=&#8221;tit-b blue br-only-agl&#8221;]<\/p> <h2>\u00bfQu\u00e9 es AMITAI<em>\u00ae<\/em> E-Survey?<\/h2> <p>[\/vc_column_text][vc_column_text css=&#8221;.vc_custom_1620148063426{padding-top: 30px !important;}&#8221; el_class=&#8221;txt1-honestidad&#8221;]<\/p> <p dir=\"ltr\">Es una plataforma para realizar todo tipo de encuestas organizacionales, desde una Encuesta de Clima Laboral, NOM-035-STPS-2018 o un Diagn\u00f3stico de tu programa de \u00c9tica &amp; Cumplimiento. Totalmente flexible y adaptable a cada necesidad y situaci\u00f3n de tu empresa.<\/p> <p dir=\"ltr\">Reportes inmediatos configurables en tiempo real, con m\u00faltiples cortes, f\u00e1ciles de interpretar y \u00fatiles para iniciar planes de acci\u00f3n. Incluye Benchmarking de la empresa en su regi\u00f3n e industria donde apliquen.<\/p> <p>[\/vc_column_text][\/vc_column][\/vc_row][vc_row gap=&#8221;20&#8243; equal_height=&#8221;yes&#8221;][vc_column width=&#8221;1\/4&#8243; el_class=&#8221;caja-caracteristicas-integri&#8221;][vc_single_image image=&#8221;3548&#8243; img_size=&#8221;full&#8221; alignment=&#8221;center&#8221;][vc_column_text el_class=&#8221;txt-bloques1-honestidad&#8221;]<\/p> <p style=\"text-align: center;\"><strong>\u00a0Diagn\u00f3stico de\u00a0 \u00c9tica &amp; Cumplimiento<\/strong><\/p> <p>[\/vc_column_text][\/vc_column][vc_column width=&#8221;1\/4&#8243; el_class=&#8221;caja-caracteristicas-integri&#8221;][vc_single_image image=&#8221;3549&#8243; img_size=&#8221;full&#8221; alignment=&#8221;center&#8221;][vc_column_text el_class=&#8221;txt-bloques1-honestidad&#8221;]<\/p> <p style=\"text-align: center;\"><strong>\u00a0 Encuesta de Clima\u00a0 Laboral<\/strong><\/p> <p>[\/vc_column_text][\/vc_column][vc_column width=&#8221;1\/4&#8243; el_class=&#8221;caja-caracteristicas-integri&#8221;][vc_single_image image=&#8221;3550&#8243; img_size=&#8221;full&#8221; alignment=&#8221;center&#8221;][vc_column_text el_class=&#8221;txt-bloques1-honestidad&#8221;]<\/p> <p style=\"text-align: center;\"><strong>Riesgo Psico-Social\u00a0 NOM-<\/strong><\/p> <p>[\/vc_column_text][\/vc_column][vc_column width=&#8221;1\/4&#8243; el_class=&#8221;caja-caracteristicas-integri&#8221;][vc_single_image image=&#8221;3551&#8243; img_size=&#8221;full&#8221; alignment=&#8221;center&#8221;][vc_column_text el_class=&#8221;txt-bloques1-honestidad&#8221;]<\/p> <p style=\"text-align: center;\"><strong>Cualquier otra\u00a0 Encuesta a la medida<\/strong><\/p> <p>[\/vc_column_text][\/vc_column][\/vc_row][vc_row full_width=&#8221;stretch_row&#8221; el_class=&#8221;row-ventajas-esurvey&#8221; css=&#8221;.vc_custom_1611551902549{padding-top: 10px !important;padding-bottom: 10px !important;background-color: #80aa45 !important;}&#8221;][vc_column][vc_column_text]Ventajas de<br \/> AMITAI<em>\u00ae<\/em> E-Survey[\/vc_column_text][\/vc_column][\/vc_row][vc_row equal_height=&#8221;yes&#8221; content_placement=&#8221;top&#8221; el_class=&#8221;survey-ventajas-imagen&#8221;][vc_column width=&#8221;1\/3&#8243;][vc_single_image image=&#8221;2474&#8243; img_size=&#8221;full&#8221; alignment=&#8221;center&#8221;][vc_column_text el_class=&#8221;txt-bloques-esurvey&#8221;]Temas sugeridos obtenidos de la experiencia de un gran n\u00famero de empresas para f\u00e1cil configuraci\u00f3n.[\/vc_column_text][\/vc_column][vc_column width=&#8221;1\/3&#8243;][vc_single_image image=&#8221;2469&#8243; img_size=&#8221;full&#8221; alignment=&#8221;center&#8221;][vc_column_text el_class=&#8221;txt-bloques-esurvey&#8221;]Amplia experiencia con m\u00faltiples encuestas realizadas en todo Am\u00e9rica Latina[\/vc_column_text][\/vc_column][vc_column width=&#8221;1\/3&#8243;][vc_single_image image=&#8221;2470&#8243; img_size=&#8221;full&#8221; alignment=&#8221;center&#8221;][vc_column_text el_class=&#8221;txt-bloques-esurvey&#8221;]Se reportan gr\u00e1ficas comparativas de diversos cortes de acuerdo con grupos y subgrupos configurables[\/vc_column_text][\/vc_column][\/vc_row][vc_row equal_height=&#8221;yes&#8221; css=&#8221;.vc_custom_1614005628734{margin-top: 40px !important;}&#8221; el_class=&#8221;survey-ventajas-imagen&#8221;][vc_column width=&#8221;1\/3&#8243;][vc_single_image image=&#8221;2471&#8243; img_size=&#8221;full&#8221; alignment=&#8221;center&#8221;][vc_column_text el_class=&#8221;txt-bloques-esurvey&#8221;]Pueden graficarse resultados globales a preguntas especificas[\/vc_column_text][\/vc_column][vc_column width=&#8221;1\/3&#8243;][vc_single_image image=&#8221;2472&#8243; img_size=&#8221;full&#8221; alignment=&#8221;center&#8221;][vc_column_text el_class=&#8221;txt-bloques-esurvey&#8221;]Configura flexiblemente los cortes requeridos.[\/vc_column_text][\/vc_column][vc_column width=&#8221;1\/3&#8243;][vc_single_image image=&#8221;2473&#8243; img_size=&#8221;full&#8221; alignment=&#8221;center&#8221;][vc_column_text el_class=&#8221;txt-bloques-esurvey&#8221;]Disponible en web 24\/365[\/vc_column_text][\/vc_column][\/vc_row][\/vc_section][vc_section full_width=&#8221;stretch_row&#8221; el_class=&#8221;sec-garantia2-quienes ocultar-fondo-sec&#8221; css=&#8221;.vc_custom_1613680930753{background-image: url(https:\/\/www.amitai.com\/es\/wp-content\/uploads\/2021\/02\/Grupo-2435-2.jpg?id=3061) !important;}&#8221;][vc_row][vc_column width=&#8221;1\/2&#8243; el_class=&#8221;col1&#8243;][vc_column_text el_class=&#8221;tit-b blue br-only-agl tit-gar-valor&#8221;]\u00bfQu\u00e9 es el clima laboral?[\/vc_column_text][vc_column_text]<em><strong>Un empleado que se siente a gusto en su trabajo, es un empleado productivo y eficiente.<\/strong><\/em><\/p> <p>Se entiende como clima laboral a todo lo que conforma el medio en el que desarrollan las actividades cotidianas relacionadas con el trabajo. El clima es en s\u00ed, los aspectos que permiten o no, la correcta interrelaci\u00f3n entre los involucrados \u2026..[\/vc_column_text][vc_btn title=&#8221;Leer m\u00e1s&#8221; style=&#8221;custom&#8221; custom_background=&#8221;#306e1f&#8221; custom_text=&#8221;#ffffff&#8221; shape=&#8221;round&#8221; size=&#8221;sm&#8221; link=&#8221;url:https%3A%2F%2Fwww.amitai.com%2Fes%2Fclima-organizacional%2F|||&#8221; el_class=&#8221;leer-mas-pilar&#8221;][\/vc_column][vc_column width=&#8221;1\/2&#8243;][\/vc_column][\/vc_row][vc_row el_class=&#8221;ventajas-imagen-movil&#8221;][vc_column][vc_single_image image=&#8221;3040&#8243; img_size=&#8221;full&#8221;][\/vc_column][\/vc_row][\/vc_section][vc_section el_id=&#8221;ayuda-honestidad&#8221; css=&#8221;.vc_custom_1611560320355{padding-bottom: 50px !important;}&#8221;][vc_row css=&#8221;.vc_custom_1541777504136{padding-bottom: 60px !important;}&#8221;][vc_column][vc_column_text el_class=&#8221;tit-b blue br-only-agc&#8221;]<\/p> <h2 style=\"text-align: center;\">Preguntas Frecuentes<\/h2> <p>[\/vc_column_text][\/vc_column][\/vc_row][vc_row css=&#8221;.vc_custom_1541777504136{padding-bottom: 60px !important;}&#8221;][vc_column][vc_tta_accordion shape=&#8221;round&#8221; color=&#8221;white&#8221; gap=&#8221;10&#8243; c_icon=&#8221;chevron&#8221; c_position=&#8221;right&#8221; active_section=&#8221;1&#8243; el_class=&#8221;accordeon-pqr accordeon-pqr-survey&#8221;][vc_tta_section title=&#8221;\u00bfQu\u00e9 es el m\u00f3dulo de Clima de AMITAI?&#8221; tab_id=&#8221;1611548889191-f0581595-351b6963-6c36&#8243;][vc_column_text]Es una encuesta extraordinariamente flexible que permite a cualquier empresa conocer el clima prevalente en la organizaci\u00f3n, integrando elementos y ofreciendo recomendaciones para mejorar en clima laboral y el Engagement.<\/p> <p>Su aplicaci\u00f3n es totalmente an\u00f3nima y a trav\u00e9s de la web, permitiendo generar reporte muy \u00e1gilmente y altamente confiable.[\/vc_column_text][\/vc_tta_section][vc_tta_section title=&#8221;\u00bfPor qu\u00e9 AMITAI Clima?&#8221; tab_id=&#8221;1611548889242-0ff3f44f-289c6963-6c36&#8243;][vc_column_text]Toda empresa debe conocer el clima organizacional, conocer sus fortalezas, y sus \u00e1reas de oportunidad, que en la mayor\u00eda de los casos generan, baja productividad, alta rotaci\u00f3n, pobre desempe\u00f1o en equipos de trabajo, etc. AMITAI adem\u00e1s analiza muchos datos indicadores de Engagement, generando un reporte adicional que le ayudar\u00e1 a reducir la brecha entre la oferta de la empresa y las expectativas de los colaboradores.[\/vc_column_text][\/vc_tta_section][vc_tta_section title=&#8221;\u00bfQu\u00e9 lo diferencia de otras encuestas similares?&#8221; tab_id=&#8221;1611549027583-96ed3f33-92926963-6c36&#8243;][vc_column_text]La mayor\u00eda de las encuestas comerciales en el mercado son muy r\u00edgidas, especialmente las que hacen tablas comparativas \u201crankings\u201d.<\/p> <p>El objetivo de AMITAI es poder adecuar la encuesta a las necesidades espec\u00edficas de cada organizaci\u00f3n, y para el objeto para el que se lleva a cabo (fusiones, encuestas de satisfacci\u00f3n, etc).<\/p> <p>Tambi\u00e9n puede mostrar comparativos anuales para medir si las acciones implementadas est\u00e1n influyendo directamente en mejorar el clima organizacional.[\/vc_column_text][\/vc_tta_section][vc_tta_section title=&#8221;\u00bfEs aplicable para peque\u00f1as empresas?&#8221; tab_id=&#8221;1611559919198-c452834e-136d&#8221;][vc_column_text]S\u00ed, AMITAI se ha aplicado a empresas peque\u00f1as, medianas y grandes.<\/p> <p>Para empresas peque\u00f1as, ya viene con sugerencias de encuestas divididas por temas propuestos predeterminados, para que f\u00e1cilmente se pueda configurar sin la ayuda de expertos, haciendo muy f\u00e1cil y amigable la experiencia del usuario.[\/vc_column_text][\/vc_tta_section][\/vc_tta_accordion][\/vc_column][\/vc_row][vc_row][vc_column][vc_btn title=&#8221;Solicita una prueba gratis&#8221; style=&#8221;gradient-custom&#8221; gradient_custom_color_1=&#8221;#80aa45&#8243; gradient_custom_color_2=&#8221;#306e1f&#8221; size=&#8221;lg&#8221; align=&#8221;center&#8221; link=&#8221;url:https%3A%2F%2Fwww.amitai.com%2Fes%2Fcontacto%2F&#8221; el_class=&#8221;btn-grande&#8221;][\/vc_column][\/vc_row][\/vc_section][vc_section full_width=&#8221;stretch_row&#8221; el_class=&#8221;sec-art-relacionados&#8221;][vc_row][vc_column][vc_column_text el_class=&#8221;tit-b blue br-only-agc&#8221; css=&#8221;.vc_custom_1614006282916{margin-bottom: 30px !important;}&#8221;]<\/p> <h2 style=\"text-align: center;\">Art\u00edculos sobre AMITAI<em>\u00ae<\/em> E-Survey<\/h2> <p>[\/vc_column_text][\/vc_column][\/vc_row][vc_row][vc_column offset=&#8221;vc_hidden-sm vc_hidden-xs&#8221;][vc_basic_grid post_type=&#8221;post&#8221; max_items=&#8221;9&#8243; style=&#8221;pagination&#8221; items_per_page=&#8221;3&#8243; arrows_design=&#8221;vc_arrow-icon-arrow_01_left&#8221; paging_design=&#8221;none&#8221; loop=&#8221;yes&#8221; item=&#8221;3393&#8243; grid_id=&#8221;vc_gid:1633704611741-5cb56b24-f539-7&#8243; taxonomies=&#8221;2535&#8243;][\/vc_column][\/vc_row][vc_row][vc_column offset=&#8221;vc_hidden-lg vc_hidden-md&#8221;][vc_basic_grid post_type=&#8221;post&#8221; max_items=&#8221;9&#8243; style=&#8221;pagination&#8221; items_per_page=&#8221;1&#8243; element_width=&#8221;12&#8243; arrows_design=&#8221;vc_arrow-icon-arrow_01_left&#8221; paging_design=&#8221;none&#8221; loop=&#8221;yes&#8221; item=&#8221;3393&#8243; grid_id=&#8221;vc_gid:1633704611749-42861070-3997-4&#8243; taxonomies=&#8221;2535&#8243;][\/vc_column][\/vc_row][\/vc_section]<\/p> <\/section>","protected":false},"excerpt":{"rendered":"<p>[vc_section full_width=&#8221;stretch_row_content&#8221;][vc_row full_width=&#8221;stretch_row_content_no_spaces&#8221;][vc_column][rev_slider_vc alias=&#8221;esurvey2&#8243;][\/vc_column][\/vc_row][\/vc_section][vc_section el_class=&#8221;bloques1-honestidad&#8221;][vc_row][vc_column][vc_column_text el_class=&#8221;tit-b blue br-only-agl&#8221;] \u00bfQu\u00e9 es AMITAI\u00ae E-Survey? [\/vc_column_text][vc_column_text css=&#8221;.vc_custom_1620148063426{padding-top: 30px !important;}&#8221; el_class=&#8221;txt1-honestidad&#8221;] Es una plataforma<\/p>\n","protected":false},"author":6,"featured_media":0,"parent":0,"menu_order":0,"comment_status":"closed","ping_status":"closed","template":"","meta":{"_acf_changed":false,"footnotes":""},"class_list":["post-156","page","type-page","status-publish","hentry"],"acf":[],"_links":{"self":[{"href":"https:\/\/www.amitai.com\/es\/wp-json\/wp\/v2\/pages\/156","targetHints":{"allow":["GET"]}}],"collection":[{"href":"https:\/\/www.amitai.com\/es\/wp-json\/wp\/v2\/pages"}],"about":[{"href":"https:\/\/www.amitai.com\/es\/wp-json\/wp\/v2\/types\/page"}],"author":[{"embeddable":true,"href":"https:\/\/www.amitai.com\/es\/wp-json\/wp\/v2\/users\/6"}],"replies":[{"embeddable":true,"href":"https:\/\/www.amitai.com\/es\/wp-json\/wp\/v2\/comments?post=156"}],"version-history":[{"count":61,"href":"https:\/\/www.amitai.com\/es\/wp-json\/wp\/v2\/pages\/156\/revisions"}],"predecessor-version":[{"id":4249,"href":"https:\/\/www.amitai.com\/es\/wp-json\/wp\/v2\/pages\/156\/revisions\/4249"}],"wp:attachment":[{"href":"https:\/\/www.amitai.com\/es\/wp-json\/wp\/v2\/media?parent=156"}],"curies":[{"name":"wp","href":"https:\/\/api.w.org\/{rel}","templated":true}]}}